{"id":26,"date":"2023-10-03T00:01:49","date_gmt":"2023-10-03T00:01:49","guid":{"rendered":"https:\/\/loftinnhotels.com\/index.php\/apgyvendinimo-vietos\/"},"modified":"2025-03-31T20:38:45","modified_gmt":"2025-03-31T20:38:45","slug":"rooms-reservation","status":"publish","type":"page","link":"https:\/\/loftinnhotels.com\/en\/rooms-reservation\/","title":{"rendered":"RESERVATION"},"content":{"rendered":"<div data-elementor-type=\"wp-page\" data-elementor-id=\"26\" class=\"elementor elementor-26\">\n\t\t\t\t<div class=\"elementor-element elementor-element-275a254 e-flex e-con-boxed e-con e-parent\" data-id=\"275a254\" data-element_type=\"container\" data-e-type=\"container\">\n\t\t\t\t\t<div class=\"e-con-inner\">\n\t\t\t\t<div class=\"elementor-element elementor-element-3bb47ae elementor-widget elementor-widget-hoteller-accommodation-types\" data-id=\"3bb47ae\" data-element_type=\"widget\" data-e-type=\"widget\" data-settings=\"{&quot;hoteller_ext_link_sidemenu&quot;:&quot;false&quot;,&quot;hoteller_ext_link_fullmenu&quot;:&quot;false&quot;,&quot;hoteller_ext_link_closed_fullmenu&quot;:&quot;false&quot;,&quot;hoteller_ext_is_scrollme&quot;:&quot;false&quot;,&quot;hoteller_ext_is_smoove&quot;:&quot;false&quot;,&quot;hoteller_ext_is_parallax_mouse&quot;:&quot;false&quot;,&quot;hoteller_ext_is_infinite&quot;:&quot;false&quot;,&quot;hoteller_ext_is_fadeout_animation&quot;:&quot;false&quot;,&quot;hoteller_ext_mobile_static&quot;:&quot;false&quot;}\" data-widget_type=\"hoteller-accommodation-types.default\">\n\t\t\t\t<div class=\"elementor-widget-container\">\n\t\t\t\t\t<div class=\"accommodation_type_content_wrapper layout_2\">\n\n<!-- Begin each accommodation type post -->\n\t<div class=\"room_grid_wrapper one_half\">\n\t\t\t<div class=\"post_img_hover\">\n\t\t\t<img decoding=\"async\" class=\"singleroom_other_image\" src=\"https:\/\/loftinnhotels.com\/wp-content\/uploads\/2023\/01\/e9378b53-ae5c-45eb-86f2-6d243b83370a-638x466.jpg\" alt=\"\"\/>\n\t\t\t<a class=\"singleroom_other_image_link\" title=\"Standard double room\" href=\"https:\/\/loftinnhotels.com\/en\/rooms\/standard-twin-room\/\"><\/a>\n\t\t<\/div>\n\t\t<h3 class=\"room_grid_wrapper_header\"><a title=\"Standard double room\" href=\"https:\/\/loftinnhotels.com\/en\/rooms\/standard-twin-room\/\">Standard double room<\/a><\/h3>\n\t\t\n\t\t\t\t\t<div class=\"room_grid_content_wrapper themeborder\">\n\t\t\t\tPerfect for a travelling couple or family with children\t\t\t<\/div>\n\t\t\t\t<div class=\"room_grid2_action_wrapper\">\n\t\t\t<div class=\"child_one_half themeborder\">\n\t\t\t\t<div class=\"room_grid2_price_label\">From<\/div>\n\t\t\t\t<div class=\"room_grid2_price\">\n\t\t\t\t\t<span class=\"mphb-price\">0<span class=\"mphb-currency\">\u20ac<\/span><\/span> <span class=\"mphb-price-period\" title=\"Choose dates to see relevant prices\">overnight<\/span>\t\t\t\t<\/div>\n\t\t\t<\/div>\n\t\t\t\n\t\t\t<div class=\"room_grid2_view child_one_half last\">\n\t\t\t\t<a title=\"Standard double room\" href=\"https:\/\/loftinnhotels.com\/en\/rooms\/standard-twin-room\/\" class=\"room_grid2_view\">\n\t\t\t\t\tView Detail\t\t\t\t<\/a>\n\t\t\t<\/div>\n\t\t<\/div>\n\t<\/div>\n\n<!-- End each accommodation type post -->\n<!-- Begin each accommodation type post -->\n\t<div class=\"room_grid_wrapper one_half\">\n\t\t\t<div class=\"post_img_hover\">\n\t\t\t<img decoding=\"async\" class=\"singleroom_other_image\" src=\"https:\/\/loftinnhotels.com\/wp-content\/uploads\/2023\/12\/7ac2da45-9ddd-48ee-8ec4-0464af334e66-700x466.jpg\" alt=\"\"\/>\n\t\t\t<a class=\"singleroom_other_image_link\" title=\"Six-person room\" href=\"https:\/\/loftinnhotels.com\/en\/rooms\/two-bedroom-apartment\/\"><\/a>\n\t\t<\/div>\n\t\t<h3 class=\"room_grid_wrapper_header\"><a title=\"Six-person room\" href=\"https:\/\/loftinnhotels.com\/en\/rooms\/two-bedroom-apartment\/\">Six-person room<\/a><\/h3>\n\t\t\n\t\t\t\t\t<div class=\"room_grid_content_wrapper themeborder\">\n\t\t\t\tPerfect for large families or groups of friends \t\t\t<\/div>\n\t\t\t\t<div class=\"room_grid2_action_wrapper\">\n\t\t\t<div class=\"child_one_half themeborder\">\n\t\t\t\t<div class=\"room_grid2_price_label\">From<\/div>\n\t\t\t\t<div class=\"room_grid2_price\">\n\t\t\t\t\t<span class=\"mphb-price\">0<span class=\"mphb-currency\">\u20ac<\/span><\/span> <span class=\"mphb-price-period\" title=\"Choose dates to see relevant prices\">overnight<\/span>\t\t\t\t<\/div>\n\t\t\t<\/div>\n\t\t\t\n\t\t\t<div class=\"room_grid2_view child_one_half last\">\n\t\t\t\t<a title=\"Six-person room\" href=\"https:\/\/loftinnhotels.com\/en\/rooms\/two-bedroom-apartment\/\" class=\"room_grid2_view\">\n\t\t\t\t\tView Detail\t\t\t\t<\/a>\n\t\t\t<\/div>\n\t\t<\/div>\n\t<\/div>\n\n<!-- End each accommodation type post -->\n<!-- Begin each accommodation type post -->\n\t<div class=\"room_grid_wrapper one_half\">\n\t\t\t<div class=\"post_img_hover\">\n\t\t\t<img decoding=\"async\" class=\"singleroom_other_image\" src=\"https:\/\/loftinnhotels.com\/wp-content\/uploads\/2023\/12\/f14f94b5-70f3-4695-b199-1521cf7d782c-700x466.jpg\" alt=\"\"\/>\n\t\t\t<a class=\"singleroom_other_image_link\" title=\"Quadruple room\" href=\"https:\/\/loftinnhotels.com\/en\/rooms\/quadruple-room\/\"><\/a>\n\t\t<\/div>\n\t\t<h3 class=\"room_grid_wrapper_header\"><a title=\"Quadruple room\" href=\"https:\/\/loftinnhotels.com\/en\/rooms\/quadruple-room\/\">Quadruple room<\/a><\/h3>\n\t\t\n\t\t\t\t\t<div class=\"room_grid_content_wrapper themeborder\">\n\t\t\t\tPerfect for large families or groups of friends \t\t\t<\/div>\n\t\t\t\t<div class=\"room_grid2_action_wrapper\">\n\t\t\t<div class=\"child_one_half themeborder\">\n\t\t\t\t<div class=\"room_grid2_price_label\">From<\/div>\n\t\t\t\t<div class=\"room_grid2_price\">\n\t\t\t\t\t<span class=\"mphb-price\">0<span class=\"mphb-currency\">\u20ac<\/span><\/span> <span class=\"mphb-price-period\" title=\"Choose dates to see relevant prices\">overnight<\/span>\t\t\t\t<\/div>\n\t\t\t<\/div>\n\t\t\t\n\t\t\t<div class=\"room_grid2_view child_one_half last\">\n\t\t\t\t<a title=\"Quadruple room\" href=\"https:\/\/loftinnhotels.com\/en\/rooms\/quadruple-room\/\" class=\"room_grid2_view\">\n\t\t\t\t\tView Detail\t\t\t\t<\/a>\n\t\t\t<\/div>\n\t\t<\/div>\n\t<\/div>\n\n<!-- End each accommodation type post -->\n<!-- Begin each accommodation type post -->\n\t<div class=\"room_grid_wrapper one_half\">\n\t\t\t<div class=\"post_img_hover\">\n\t\t\t<img decoding=\"async\" class=\"singleroom_other_image\" src=\"https:\/\/loftinnhotels.com\/wp-content\/uploads\/2022\/02\/e5327b4b-11f3-4aa1-a62f-fa17637bbfe9-614x466.jpg\" alt=\"\"\/>\n\t\t\t<a class=\"singleroom_other_image_link\" title=\"Economical double room\" href=\"https:\/\/loftinnhotels.com\/en\/rooms\/economy-double-room\/\"><\/a>\n\t\t<\/div>\n\t\t<h3 class=\"room_grid_wrapper_header\"><a title=\"Economical double room\" href=\"https:\/\/loftinnhotels.com\/en\/rooms\/economy-double-room\/\">Economical double room<\/a><\/h3>\n\t\t\n\t\t\t\t\t<div class=\"room_grid_content_wrapper themeborder\">\n\t\t\t\tThe Economy Double Room offers a cozy and elegant environment, ideal for couples or single travelers looking for comfort...\t\t\t<\/div>\n\t\t\t\t<div class=\"room_grid2_action_wrapper\">\n\t\t\t<div class=\"child_one_half themeborder\">\n\t\t\t\t<div class=\"room_grid2_price_label\">From<\/div>\n\t\t\t\t<div class=\"room_grid2_price\">\n\t\t\t\t\t<span class=\"mphb-price\">0<span class=\"mphb-currency\">\u20ac<\/span><\/span> <span class=\"mphb-price-period\" title=\"Choose dates to see relevant prices\">overnight<\/span>\t\t\t\t<\/div>\n\t\t\t<\/div>\n\t\t\t\n\t\t\t<div class=\"room_grid2_view child_one_half last\">\n\t\t\t\t<a title=\"Economical double room\" href=\"https:\/\/loftinnhotels.com\/en\/rooms\/economy-double-room\/\" class=\"room_grid2_view\">\n\t\t\t\t\tView Detail\t\t\t\t<\/a>\n\t\t\t<\/div>\n\t\t<\/div>\n\t<\/div>\n\n<!-- End each accommodation type post -->\n<!-- Begin each accommodation type post -->\n\t<div class=\"room_grid_wrapper one_half\">\n\t\t\t<div class=\"post_img_hover\">\n\t\t\t<img decoding=\"async\" class=\"singleroom_other_image\" src=\"https:\/\/loftinnhotels.com\/wp-content\/uploads\/2024\/02\/f44d24d7-a2ad-4d06-9b02-ccc07e97bbfa-700x466.jpg\" alt=\"\"\/>\n\t\t\t<a class=\"singleroom_other_image_link\" title=\"Eight-person room\" href=\"https:\/\/loftinnhotels.com\/en\/rooms\/eight-person-room\/\"><\/a>\n\t\t<\/div>\n\t\t<h3 class=\"room_grid_wrapper_header\"><a title=\"Eight-person room\" href=\"https:\/\/loftinnhotels.com\/en\/rooms\/eight-person-room\/\">Eight-person room<\/a><\/h3>\n\t\t\n\t\t\t\t\t<div class=\"room_grid_content_wrapper themeborder\">\n\t\t\t\tPerfect for business travellers \t\t\t<\/div>\n\t\t\t\t<div class=\"room_grid2_action_wrapper\">\n\t\t\t<div class=\"child_one_half themeborder\">\n\t\t\t\t<div class=\"room_grid2_price_label\">From<\/div>\n\t\t\t\t<div class=\"room_grid2_price\">\n\t\t\t\t\t<span class=\"mphb-price\">0<span class=\"mphb-currency\">\u20ac<\/span><\/span> <span class=\"mphb-price-period\" title=\"Choose dates to see relevant prices\">overnight<\/span>\t\t\t\t<\/div>\n\t\t\t<\/div>\n\t\t\t\n\t\t\t<div class=\"room_grid2_view child_one_half last\">\n\t\t\t\t<a title=\"Eight-person room\" href=\"https:\/\/loftinnhotels.com\/en\/rooms\/eight-person-room\/\" class=\"room_grid2_view\">\n\t\t\t\t\tView Detail\t\t\t\t<\/a>\n\t\t\t<\/div>\n\t\t<\/div>\n\t<\/div>\n\n<!-- End each accommodation type post --><\/div>\n<br class=\"clear\"\/>\t\t\t\t<\/div>\n\t\t\t\t<\/div>\n\t\t\t\t\t<\/div>\n\t\t\t\t<\/div>\n\t\t\t\t<\/div>","protected":false},"excerpt":{"rendered":"<p>Keturvietis kambarys Puikiai tinka gausiai \u0161eimai ar draug\u0173 kompanijai From 65&euro; per night View Detail Standartinis dvivietis kambarys Puikiai tinka keliaujan\u010diai porai ar \u0161eimai su vaikais From 42&euro; per night View Detail \u0160e\u0161iavietis kambarys Puikiai tinka gausiai \u0161eimai ar draug\u0173 [&hellip;]<\/p>\n","protected":false},"author":1,"featured_media":0,"parent":0,"menu_order":0,"comment_status":"closed","ping_status":"closed","template":"","meta":{"footnotes":""},"class_list":["post-26","page","type-page","status-publish","hentry"],"yoast_head":"<!-- This site is optimized with the Yoast SEO plugin v27.3 - https:\/\/yoast.com\/product\/yoast-seo-wordpress\/ -->\n<title>Hotel reservation in Vilnius (2026) Loftinnhotels.com<\/title>\n<meta name=\"description\" content=\"Fast and convenient hotel reservation in Vilnius! Attractive prices. Double rooms, family rooms, spacious apartments, studios and more.\" \/>\n<meta name=\"robots\" content=\"index, follow, max-snippet:-1, max-image-preview:large, max-video-preview:-1\" \/>\n<link rel=\"canonical\" href=\"https:\/\/loftinnhotels.com\/en\/rooms-reservation\/\" \/>\n<meta property=\"og:locale\" content=\"en_US\" \/>\n<meta property=\"og:type\" content=\"article\" \/>\n<meta property=\"og:title\" content=\"Hotel reservation in Vilnius (2026) Loftinnhotels.com\" \/>\n<meta property=\"og:description\" content=\"Fast and convenient hotel reservation in Vilnius! Attractive prices. Double rooms, family rooms, spacious apartments, studios and more.\" \/>\n<meta property=\"og:url\" content=\"https:\/\/loftinnhotels.com\/en\/rooms-reservation\/\" \/>\n<meta property=\"og:site_name\" content=\"Loftinnhotels.com\" \/>\n<meta property=\"article:modified_time\" content=\"2025-03-31T20:38:45+00:00\" \/>\n<meta property=\"og:image\" content=\"http:\/\/loftinnhotels.com\/wp-content\/uploads\/2023\/12\/33-700x466.jpg\" \/>\n<meta name=\"twitter:card\" content=\"summary_large_image\" \/>\n<meta name=\"twitter:label1\" content=\"Est. reading time\" \/>\n\t<meta name=\"twitter:data1\" content=\"2 minutes\" \/>\n<script type=\"application\/ld+json\" class=\"yoast-schema-graph\">{\"@context\":\"https:\\\/\\\/schema.org\",\"@graph\":[{\"@type\":\"WebPage\",\"@id\":\"https:\\\/\\\/loftinnhotels.com\\\/viesbucio-rezervacija\\\/\",\"url\":\"https:\\\/\\\/loftinnhotels.com\\\/viesbucio-rezervacija\\\/\",\"name\":\"Hotel reservation in Vilnius (2026) Loftinnhotels.com\",\"isPartOf\":{\"@id\":\"https:\\\/\\\/loftinnhotels.com\\\/#website\"},\"primaryImageOfPage\":{\"@id\":\"https:\\\/\\\/loftinnhotels.com\\\/viesbucio-rezervacija\\\/#primaryimage\"},\"image\":{\"@id\":\"https:\\\/\\\/loftinnhotels.com\\\/viesbucio-rezervacija\\\/#primaryimage\"},\"thumbnailUrl\":\"http:\\\/\\\/loftinnhotels.com\\\/wp-content\\\/uploads\\\/2023\\\/12\\\/33-700x466.jpg\",\"datePublished\":\"2023-10-03T00:01:49+00:00\",\"dateModified\":\"2025-03-31T20:38:45+00:00\",\"description\":\"Fast and convenient hotel reservation in Vilnius! Attractive prices. Double rooms, family rooms, spacious apartments, studios and more.\",\"breadcrumb\":{\"@id\":\"https:\\\/\\\/loftinnhotels.com\\\/viesbucio-rezervacija\\\/#breadcrumb\"},\"inLanguage\":\"en-US\",\"potentialAction\":[{\"@type\":\"ReadAction\",\"target\":[\"https:\\\/\\\/loftinnhotels.com\\\/viesbucio-rezervacija\\\/\"]}]},{\"@type\":\"ImageObject\",\"inLanguage\":\"en-US\",\"@id\":\"https:\\\/\\\/loftinnhotels.com\\\/viesbucio-rezervacija\\\/#primaryimage\",\"url\":\"http:\\\/\\\/loftinnhotels.com\\\/wp-content\\\/uploads\\\/2023\\\/12\\\/33-700x466.jpg\",\"contentUrl\":\"http:\\\/\\\/loftinnhotels.com\\\/wp-content\\\/uploads\\\/2023\\\/12\\\/33-700x466.jpg\"},{\"@type\":\"BreadcrumbList\",\"@id\":\"https:\\\/\\\/loftinnhotels.com\\\/viesbucio-rezervacija\\\/#breadcrumb\",\"itemListElement\":[{\"@type\":\"ListItem\",\"position\":1,\"name\":\"Home\",\"item\":\"https:\\\/\\\/loftinnhotels.com\\\/\"},{\"@type\":\"ListItem\",\"position\":2,\"name\":\"REZERVACIJA\"}]},{\"@type\":\"WebSite\",\"@id\":\"https:\\\/\\\/loftinnhotels.com\\\/#website\",\"url\":\"https:\\\/\\\/loftinnhotels.com\\\/\",\"name\":\"Loftinnhotels.com\",\"description\":\"Siekiate auk\u0161tum\u0173? Kylam \u012f Loft Inn! \",\"potentialAction\":[{\"@type\":\"SearchAction\",\"target\":{\"@type\":\"EntryPoint\",\"urlTemplate\":\"https:\\\/\\\/loftinnhotels.com\\\/?s={search_term_string}\"},\"query-input\":{\"@type\":\"PropertyValueSpecification\",\"valueRequired\":true,\"valueName\":\"search_term_string\"}}],\"inLanguage\":\"en-US\"}]}<\/script>\n<!-- \/ Yoast SEO plugin. -->","yoast_head_json":{"title":"Hotel reservation in Vilnius (2026) Loftinnhotels.com","description":"Fast and convenient hotel reservation in Vilnius! Attractive prices. Double rooms, family rooms, spacious apartments, studios and more.","robots":{"index":"index","follow":"follow","max-snippet":"max-snippet:-1","max-image-preview":"max-image-preview:large","max-video-preview":"max-video-preview:-1"},"canonical":"https:\/\/loftinnhotels.com\/en\/rooms-reservation\/","og_locale":"en_US","og_type":"article","og_title":"Hotel reservation in Vilnius (2026) Loftinnhotels.com","og_description":"Fast and convenient hotel reservation in Vilnius! Attractive prices. Double rooms, family rooms, spacious apartments, studios and more.","og_url":"https:\/\/loftinnhotels.com\/en\/rooms-reservation\/","og_site_name":"Loftinnhotels.com","article_modified_time":"2025-03-31T20:38:45+00:00","og_image":[{"url":"http:\/\/loftinnhotels.com\/wp-content\/uploads\/2023\/12\/33-700x466.jpg","type":"","width":"","height":""}],"twitter_card":"summary_large_image","twitter_misc":{"Est. reading time":"2 minutes"},"schema":{"@context":"https:\/\/schema.org","@graph":[{"@type":"WebPage","@id":"https:\/\/loftinnhotels.com\/viesbucio-rezervacija\/","url":"https:\/\/loftinnhotels.com\/viesbucio-rezervacija\/","name":"Hotel reservation in Vilnius (2026) Loftinnhotels.com","isPartOf":{"@id":"https:\/\/loftinnhotels.com\/#website"},"primaryImageOfPage":{"@id":"https:\/\/loftinnhotels.com\/viesbucio-rezervacija\/#primaryimage"},"image":{"@id":"https:\/\/loftinnhotels.com\/viesbucio-rezervacija\/#primaryimage"},"thumbnailUrl":"http:\/\/loftinnhotels.com\/wp-content\/uploads\/2023\/12\/33-700x466.jpg","datePublished":"2023-10-03T00:01:49+00:00","dateModified":"2025-03-31T20:38:45+00:00","description":"Fast and convenient hotel reservation in Vilnius! Attractive prices. Double rooms, family rooms, spacious apartments, studios and more.","breadcrumb":{"@id":"https:\/\/loftinnhotels.com\/viesbucio-rezervacija\/#breadcrumb"},"inLanguage":"en-US","potentialAction":[{"@type":"ReadAction","target":["https:\/\/loftinnhotels.com\/viesbucio-rezervacija\/"]}]},{"@type":"ImageObject","inLanguage":"en-US","@id":"https:\/\/loftinnhotels.com\/viesbucio-rezervacija\/#primaryimage","url":"http:\/\/loftinnhotels.com\/wp-content\/uploads\/2023\/12\/33-700x466.jpg","contentUrl":"http:\/\/loftinnhotels.com\/wp-content\/uploads\/2023\/12\/33-700x466.jpg"},{"@type":"BreadcrumbList","@id":"https:\/\/loftinnhotels.com\/viesbucio-rezervacija\/#breadcrumb","itemListElement":[{"@type":"ListItem","position":1,"name":"Home","item":"https:\/\/loftinnhotels.com\/"},{"@type":"ListItem","position":2,"name":"REZERVACIJA"}]},{"@type":"WebSite","@id":"https:\/\/loftinnhotels.com\/#website","url":"https:\/\/loftinnhotels.com\/","name":"Loftinnhotels.com","description":"Are you reaching for heights? Let&#039;s go up to Loft Inn!","potentialAction":[{"@type":"SearchAction","target":{"@type":"EntryPoint","urlTemplate":"https:\/\/loftinnhotels.com\/?s={search_term_string}"},"query-input":{"@type":"PropertyValueSpecification","valueRequired":true,"valueName":"search_term_string"}}],"inLanguage":"en-US"}]}},"_links":{"self":[{"href":"https:\/\/loftinnhotels.com\/en\/wp-json\/wp\/v2\/pages\/26","targetHints":{"allow":["GET"]}}],"collection":[{"href":"https:\/\/loftinnhotels.com\/en\/wp-json\/wp\/v2\/pages"}],"about":[{"href":"https:\/\/loftinnhotels.com\/en\/wp-json\/wp\/v2\/types\/page"}],"author":[{"embeddable":true,"href":"https:\/\/loftinnhotels.com\/en\/wp-json\/wp\/v2\/users\/1"}],"replies":[{"embeddable":true,"href":"https:\/\/loftinnhotels.com\/en\/wp-json\/wp\/v2\/comments?post=26"}],"version-history":[{"count":25,"href":"https:\/\/loftinnhotels.com\/en\/wp-json\/wp\/v2\/pages\/26\/revisions"}],"predecessor-version":[{"id":7265,"href":"https:\/\/loftinnhotels.com\/en\/wp-json\/wp\/v2\/pages\/26\/revisions\/7265"}],"wp:attachment":[{"href":"https:\/\/loftinnhotels.com\/en\/wp-json\/wp\/v2\/media?parent=26"}],"curies":[{"name":"wp","href":"https:\/\/api.w.org\/{rel}","templated":true}]}}