{"id":3,"date":"2023-10-02T23:45:08","date_gmt":"2023-10-02T23:45:08","guid":{"rendered":"https:\/\/loftinnhotels.com\/?page_id=3"},"modified":"2024-03-06T14:36:14","modified_gmt":"2024-03-06T14:36:14","slug":"privacy_policy","status":"publish","type":"page","link":"https:\/\/loftinnhotels.com\/en\/privacy_policy\/","title":{"rendered":"Privacy policy"},"content":{"rendered":"<div data-elementor-type=\"wp-page\" data-elementor-id=\"3\" class=\"elementor elementor-3\">\n\t\t\t\t<div class=\"elementor-element elementor-element-2bec6dca e-flex e-con-boxed e-con e-parent\" data-id=\"2bec6dca\" data-element_type=\"container\" data-e-type=\"container\">\n\t\t\t\t\t<div class=\"e-con-inner\">\n\t\t\t\t<div class=\"elementor-element elementor-element-1436f52e elementor-widget elementor-widget-text-editor\" data-id=\"1436f52e\" data-element_type=\"widget\" data-e-type=\"widget\" data-settings=\"{&quot;hoteller_ext_link_sidemenu&quot;:&quot;false&quot;,&quot;hoteller_ext_link_fullmenu&quot;:&quot;false&quot;,&quot;hoteller_ext_link_closed_fullmenu&quot;:&quot;false&quot;,&quot;hoteller_ext_is_scrollme&quot;:&quot;false&quot;,&quot;hoteller_ext_is_smoove&quot;:&quot;false&quot;,&quot;hoteller_ext_is_parallax_mouse&quot;:&quot;false&quot;,&quot;hoteller_ext_is_infinite&quot;:&quot;false&quot;,&quot;hoteller_ext_is_fadeout_animation&quot;:&quot;false&quot;,&quot;hoteller_ext_mobile_static&quot;:&quot;false&quot;}\" data-widget_type=\"text-editor.default\">\n\t\t\t\t<div class=\"elementor-widget-container\">\n\t\t\t\t\t\t\t\t\t\n<p>It is a pleasure to have you visit this website and use our services! We value every collaboration and every customer, and we take the privacy of your data very seriously.  We strive not only to process and maintain your personal data fairly and lawfully, but also to communicate this as transparently and clearly as possible.<\/p>\n<p>Therefore, in this Privacy Policy we present:<\/p>\n<ul>\n<li>what personal data we process about you<\/li>\n<li>the purposes for which we process it<\/li>\n<li>on what basis we process it<\/li>\n<li>how long we keep it<\/li>\n<li>and other information relevant to you<\/li>\n<\/ul>\n<p class=\"translation-block\">Please read this document carefully, as each time you visit the https:\/\/loftinnhotels.com\/ website, regardless of the device you use to do so, or use our services, you are agreeing to the terms and conditions set out in this Privacy Policy. If you do not agree to these terms and conditions, we regretfully request that you do not visit our website or use our content and\/or services.<\/p>\n<p><strong>\u00a0<\/strong><em>This Privacy Policy is subject to change without notice, so please check it each time you visit our website.<\/em><\/p>\n<p><strong>\u00a0<\/strong><strong>WHO WE ARE?<\/strong><\/p>\n<p><strong>\u00a0<\/strong>Our details:<\/p>\n<div dir=\"auto\">\n<ul>\n<li><strong>HOSTLITA, UAB<\/strong><\/li>\n<li>Company code: 303491867<\/li>\n<li>VAT number LT100009136817<\/li>\n<li>Address: Gele\u017einkelio St. 6, Vilnius<\/li>\n<li>Phone:\u00a0<a href=\"tel:+37065805189\" target=\"_blank\" rel=\"noopener noreferrer\">+370\u00a0600 11 600<\/a><\/li>\n<li>Email:\u00a0<a href=\"mailto:info@loftinnhotels.com\" rel=\"noreferrer\">info@loftinnhotels.com<\/a><\/li>\n<\/ul>\n<\/div>\n<p class=\"translation-block\">If you are under the age of 14, you can contact us and use our services, but you cannot provide us with your personal data for direct marketing purposes (e.g. to subscribe to our newsletter) unless you have the consent of your parents or other legal guardians.<\/p>\n<p><strong>WHY AND WHAT DATA DO WE COLLECT ABOUT YOU?<\/strong><\/p>\n<p><u>In order to administer the website and to fulfil customer orders, we collect the following when a customer orders without registration:<\/u><\/p>\n<ul>\n<li>Name, Surname<\/li>\n<li>Telephone number.<\/li>\n<li>Email address<\/li>\n<li>Company name and other additional information (we do not require this data, you can provide it if you choose).<\/li>\n<\/ul>\n<p><u>In order to administer the website and fulfill customer orders, we collect the following when a customer orders with registration:<\/u><\/p>\n<ul>\n<li>Name, Surname<\/li>\n<li>Telephone number.<\/li>\n<li>Email address<\/li>\n<li>Company name and other additional information (we do not require this data, you can provide it if you choose).<\/li>\n<\/ul>\n<p><u>If you are a winner of contests, promotions or other games we run on social networks, we collect:<\/u><\/p>\n<ul>\n<li>Name, Surname<\/li>\n<li>Telephone number.<\/li>\n<li>The address to which we will send the winning prize.<\/li>\n<\/ul>\n<p><u>In order to process your requests, enquiries, queries and complaints, we collect:<\/u><\/p>\n<ul>\n<li>The name of the company, institution, organization you represent and your position<\/li>\n<li>Email address<\/li>\n<li>Telephone number.<\/li>\n<li>The content of the request, inquiry or complaint and the information relevant to the request<\/li>\n<li>The communication made.<\/li>\n<\/ul>\n<p class=\"translation-block\">For direct marketing purposes, in order to provide you with relevant information and news about ourselves and our services, we collect:<\/p>\n<ul>\n<li>Name, Surname<\/li>\n<li>Email address<\/li>\n<li>Telephone number.<\/li>\n<\/ul>\n<p class=\"translation-block\">If you choose to contact us (by email, phone or social media), we will record the fact of contact and may store the content of the communication together with your contact details and our responses.<\/p>\n<p><em>\u00a0<\/em><em>Information about your use of our website features.<\/em><\/p>\n<p>If you visit our website, we also collect information that reveals the characteristics of the use of our services or automatically generated visit statistics. For more information about this, please see \"Cookies\".<\/p>\n<p class=\"translation-block\">You can choose not to provide us with certain information, but in this case we may not allow you to use our services because we cannot guarantee the quality of our services. We emphasise that we do not collect or process excessive personal data. All the data we collect is necessary to ensure the proper and tailored provision of services.<\/p>\n<p><strong>ON WHAT BASIS DO WE COLLECT THIS DATA AND HOW LONG DO WE KEEP IT?<\/strong><\/p>\n<p class=\"translation-block\">We collect data in order to enter into service and other contracts, to fulfill our contractual obligations and to administer our customers:<\/p>\n<ul>\n<li>for the performance of a contract (Article 6(1)(b) of the Regulation)<\/li>\n<li>for the performance of legal obligations (Article 6(1)(c) of the Regulation)<\/li>\n<li>for legitimate interest (Article 6(1)(f) of the Regulation)<\/li>\n<\/ul>\n<p><em>\u00a0<\/em><em>We keep this data for 10 years after the end of the contract, the date of the last cooperation or the date of negotiation of the contract.<\/em><\/p>\n<p><em><u>\u00a0<\/u><\/em><u>In order to administer the website and fulfill customer orders, we collect data on:<\/u><\/p>\n<ul>\n<li>for the purpose of concluding a transaction (Article 6(1)(b) of the Regulation)<\/li>\n<li>for legitimate interest (Article 6(1)(f) of the Regulation)<\/li>\n<\/ul>\n<p><em>We keep this data for 3 years from the date of the last customer's use of the e-shop services or website content.<\/em><\/p>\n<p><u>If you are a winner of competitions, promotions or other games we organise on social networks, we collect the data:<\/u><\/p>\n<ul>\n<li>for the purpose of concluding a transaction (Article 6(1)(b) of the Regulation)<\/li>\n<li>for legitimate interest (Article 6(1)(f) of the Regulation)<\/li>\n<\/ul>\n<p><em>We keep this data until the transaction is completed.<\/em><\/p>\n<p><em>\u00a0<\/em><u>In order to process your requests, inquiries, queries and complaints,<\/u>we collect the data:<\/p>\n<ul>\n<li>for legitimate interest (Article 6(1)(f) of the Regulation)<\/li>\n<\/ul>\n<p><em>We keep this data for 10 years after the date of your last contact.<\/em><\/p>\n<p class=\"translation-block\">We may collect data for direct marketing purposes:<\/p>\n<ul>\n<li><strong>with your consent (Article 6(1)(a) of the Regulation)<\/strong><\/li>\n<\/ul>\n<ul>\n<li>for legitimate interest (Article 6(1)(f) of the Regulation)<\/li>\n<li>On the basis of Article 69 of the Law on Electronic Communications of the Republic of Lithuania, which provides that<\/li>\n<\/ul>\n<p class=\"translation-block\">\"a person who, in the course of providing services or selling goods in accordance with the procedures and conditions laid down by the Law on the Legal Protection of Personal Data, receives from his customers' e-mail contact details may use these contact details for the marketing of his own similar goods or services, provided that the customers are given the opportunity to object to or to opt out of such use of the contact details for the purposes set out above in a manner that is explicit, free of charge, and easy to implement, where the contact details have been collected and where the customer did not object to such use initially in the context of each message\".\n\nTranslated with www.DeepL.com\/Translator (free version)<\/p>\n<p class=\"translation-block\">We retain this data for 5 years from the date of consent, and in the case of direct marketing carried out in accordance with Article 69 of the Law on Electronic Communications of the Republic of Lithuania, until the person expresses his\/her opposition to the direct marketing. Please note that you can do this at any time by contacting us at info@loftinnhotels.com<\/p>\n<p><strong>TO WHOM DO WE DISCLOSE YOUR PERSONAL DATA?<\/strong><\/p>\n<p>We only transfer your personal data to trusted third parties and only for the purpose of the quality of our services and the proper fulfillment of the purposes of the processing of personal data. Specifically, your data may be transferred to:<\/p>\n<ul>\n<li class=\"translation-block\">Google (Google Analytics and AdWords services), data transferred to the USA. The data is protected under the Privacy Shield programme, which you can read more about here;<\/li>\n<li class=\"translation-block\">Facebook, Inc., data transferred to the USA. Data is stored under the Privacy Shield programme, which you can read more about here;<\/li>\n<li>To our partners who provide e-banking, e-payment and payment services, namely<\/li>\n<li><em><strong>Paysera: <\/strong><\/em>read their data protection policy\u00a0<a href=\"https:\/\/www.paysera.lt\/v2\/lt-LT\/sutartys\/privatumo-politika-2020\"><strong>here;<\/strong><\/a><\/li>\n<li class=\"translation-block\">Paypal: please read their data protection policy here;<\/li>\n<li>Our partners who provide information technology, electronic communications, advertising, auditing, legal and other services;<\/li>\n<li>Government regulatory and law enforcement authorities.<\/li>\n<\/ul>\n<p>For all these service providers, we will only provide you with as much of your personal information as is necessary to perform a particular service.<\/p>\n<p><strong>HOW DO WE PROTECT YOUR PERSONAL DATA?<\/strong><\/p>\n<p>Yes, we take all reasonable steps to protect your information, but no website, online transaction, computer system, or even wireless connection is completely secure. And while we are committed to making every effort to protect your personal data, we cannot guarantee the absolute security of your personal data transmitted on our platform. By transmitting any information, you assume the risks associated with its transmission. Once we receive your personal data, we will apply strict procedures and security measures in relation to such data.<\/p>\n<p><strong>YOUR RIGHTS<\/strong><\/p>\n<p>Each data subject, i.e. each of you whose data is processed in our activities, has the following rights:<\/p>\n<ul>\n<li>To request confirmation as to whether we are processing data relating to you and, if we are, to request access to the data processed and the information relating to it;<\/li>\n<li>Request us to rectify or, depending on the purposes of the processing of the personal data, to supplement incomplete personal data;<\/li>\n<li>Ask us to delete information we hold about you if we have used it unlawfully;<\/li>\n<li>Request us to restrict the processing of your personal data if you contest the accuracy of the data or object to the processing of the data, if you object to the erasure of your unlawfully processed data, or if you need the data in order to assert, exercise or defend legal claims;<\/li>\n<li>Request us to transfer\/receive the data that you have provided to us under contract or with your consent and that we process by automated means, in a commonly used electronic format;<\/li>\n<li>Object to or withdraw your prior consent to the processing of your personal data where such data is processed or intended to be processed for the purposes of direct marketing, including profiling in relation to such direct marketing;<\/li>\n<li>object to the use of personal data where this is based on our legitimate interests or those of third parties;<\/li>\n<li>lodge a complaint with the State Data Protection Inspectorate (see www. <a href=\"http:\/\/www.ada.lt\">ada.lt<\/a>).<\/li>\n<\/ul>\n<p><em>\u00a0<\/em><strong><em>If you no longer wish to have your personal data processed for the purpose of direct marketing or have any other request or instruction relating to the processing of your personal data, please contact us at <\/em><\/strong><a href=\"mailto:info@loftinnhotels.com\"><strong><em>info@loftinnhotels.com<\/em><\/strong><\/a><\/p>\n<p><em>\u00a0<\/em><em>Last update date: 2024-03-06<\/em><\/p>\t\t\t\t\t\t\t\t<\/div>\n\t\t\t\t<\/div>\n\t\t\t\t\t<\/div>\n\t\t\t\t<\/div>\n\t\t\t\t<\/div>","protected":false},"excerpt":{"rendered":"<p>Malonu, kad lankot\u0117s \u0161ioje svetain\u0117je ir naudojat\u0117s m\u016bs\u0173 paslaugomis! Mes vertiname kiekvien\u0105 bendradarbiavim\u0105 ir kiekvien\u0105 klient\u0105, tod\u0117l itin atsakingai \u017ei\u016brime \u012f J\u016bs\u0173 duomen\u0173 privatum\u0105.\u00a0 Siekiame ne tik s\u0105\u017einingai bei teis\u0117tai tvarkyti bei pri\u017ei\u016br\u0117ti j\u016bs\u0173 asmens duomenis, bet ir kiek \u012fmanoma [&hellip;]<\/p>\n","protected":false},"author":1,"featured_media":0,"parent":0,"menu_order":0,"comment_status":"closed","ping_status":"closed","template":"","meta":{"footnotes":""},"class_list":["post-3","page","type-page","status-publish","hentry"],"yoast_head":"<!-- This site is optimized with the Yoast SEO plugin v27.3 - https:\/\/yoast.com\/product\/yoast-seo-wordpress\/ -->\n<title>Privatumo politika - Loftinnhotels.com<\/title>\n<meta name=\"robots\" content=\"index, follow, max-snippet:-1, max-image-preview:large, max-video-preview:-1\" \/>\n<link rel=\"canonical\" href=\"https:\/\/loftinnhotels.com\/en\/privacy_policy\/\" \/>\n<meta property=\"og:locale\" content=\"en_US\" \/>\n<meta property=\"og:type\" content=\"article\" \/>\n<meta property=\"og:title\" content=\"Privatumo politika - Loftinnhotels.com\" \/>\n<meta property=\"og:description\" content=\"Malonu, kad lankot\u0117s \u0161ioje svetain\u0117je ir naudojat\u0117s m\u016bs\u0173 paslaugomis! Mes vertiname kiekvien\u0105 bendradarbiavim\u0105 ir kiekvien\u0105 klient\u0105, tod\u0117l itin atsakingai \u017ei\u016brime \u012f J\u016bs\u0173 duomen\u0173 privatum\u0105.\u00a0 Siekiame ne tik s\u0105\u017einingai bei teis\u0117tai tvarkyti bei pri\u017ei\u016br\u0117ti j\u016bs\u0173 asmens duomenis, bet ir kiek \u012fmanoma [&hellip;]\" \/>\n<meta property=\"og:url\" content=\"https:\/\/loftinnhotels.com\/en\/privacy_policy\/\" \/>\n<meta property=\"og:site_name\" content=\"Loftinnhotels.com\" \/>\n<meta property=\"article:modified_time\" content=\"2024-03-06T14:36:14+00:00\" \/>\n<meta name=\"twitter:card\" content=\"summary_large_image\" \/>\n<meta name=\"twitter:label1\" content=\"Est. reading time\" \/>\n\t<meta name=\"twitter:data1\" content=\"7 minutes\" \/>\n<script type=\"application\/ld+json\" class=\"yoast-schema-graph\">{\"@context\":\"https:\\\/\\\/schema.org\",\"@graph\":[{\"@type\":\"WebPage\",\"@id\":\"https:\\\/\\\/loftinnhotels.com\\\/privatumo_politika\\\/\",\"url\":\"https:\\\/\\\/loftinnhotels.com\\\/privatumo_politika\\\/\",\"name\":\"Privatumo politika - Loftinnhotels.com\",\"isPartOf\":{\"@id\":\"https:\\\/\\\/loftinnhotels.com\\\/#website\"},\"datePublished\":\"2023-10-02T23:45:08+00:00\",\"dateModified\":\"2024-03-06T14:36:14+00:00\",\"breadcrumb\":{\"@id\":\"https:\\\/\\\/loftinnhotels.com\\\/privatumo_politika\\\/#breadcrumb\"},\"inLanguage\":\"en-US\",\"potentialAction\":[{\"@type\":\"ReadAction\",\"target\":[\"https:\\\/\\\/loftinnhotels.com\\\/privatumo_politika\\\/\"]}]},{\"@type\":\"BreadcrumbList\",\"@id\":\"https:\\\/\\\/loftinnhotels.com\\\/privatumo_politika\\\/#breadcrumb\",\"itemListElement\":[{\"@type\":\"ListItem\",\"position\":1,\"name\":\"Home\",\"item\":\"https:\\\/\\\/loftinnhotels.com\\\/\"},{\"@type\":\"ListItem\",\"position\":2,\"name\":\"Privatumo politika\"}]},{\"@type\":\"WebSite\",\"@id\":\"https:\\\/\\\/loftinnhotels.com\\\/#website\",\"url\":\"https:\\\/\\\/loftinnhotels.com\\\/\",\"name\":\"Loftinnhotels.com\",\"description\":\"Siekiate auk\u0161tum\u0173? Kylam \u012f Loft Inn! \",\"potentialAction\":[{\"@type\":\"SearchAction\",\"target\":{\"@type\":\"EntryPoint\",\"urlTemplate\":\"https:\\\/\\\/loftinnhotels.com\\\/?s={search_term_string}\"},\"query-input\":{\"@type\":\"PropertyValueSpecification\",\"valueRequired\":true,\"valueName\":\"search_term_string\"}}],\"inLanguage\":\"en-US\"}]}<\/script>\n<!-- \/ Yoast SEO plugin. -->","yoast_head_json":{"title":"Privacy Policy - Loftinnhotels.com","robots":{"index":"index","follow":"follow","max-snippet":"max-snippet:-1","max-image-preview":"max-image-preview:large","max-video-preview":"max-video-preview:-1"},"canonical":"https:\/\/loftinnhotels.com\/en\/privacy_policy\/","og_locale":"en_US","og_type":"article","og_title":"Privatumo politika - Loftinnhotels.com","og_description":"Malonu, kad lankot\u0117s \u0161ioje svetain\u0117je ir naudojat\u0117s m\u016bs\u0173 paslaugomis! Mes vertiname kiekvien\u0105 bendradarbiavim\u0105 ir kiekvien\u0105 klient\u0105, tod\u0117l itin atsakingai \u017ei\u016brime \u012f J\u016bs\u0173 duomen\u0173 privatum\u0105.\u00a0 Siekiame ne tik s\u0105\u017einingai bei teis\u0117tai tvarkyti bei pri\u017ei\u016br\u0117ti j\u016bs\u0173 asmens duomenis, bet ir kiek \u012fmanoma [&hellip;]","og_url":"https:\/\/loftinnhotels.com\/en\/privacy_policy\/","og_site_name":"Loftinnhotels.com","article_modified_time":"2024-03-06T14:36:14+00:00","twitter_card":"summary_large_image","twitter_misc":{"Est. reading time":"7 minutes"},"schema":{"@context":"https:\/\/schema.org","@graph":[{"@type":"WebPage","@id":"https:\/\/loftinnhotels.com\/privatumo_politika\/","url":"https:\/\/loftinnhotels.com\/privatumo_politika\/","name":"Privacy Policy - Loftinnhotels.com","isPartOf":{"@id":"https:\/\/loftinnhotels.com\/#website"},"datePublished":"2023-10-02T23:45:08+00:00","dateModified":"2024-03-06T14:36:14+00:00","breadcrumb":{"@id":"https:\/\/loftinnhotels.com\/privatumo_politika\/#breadcrumb"},"inLanguage":"en-US","potentialAction":[{"@type":"ReadAction","target":["https:\/\/loftinnhotels.com\/privatumo_politika\/"]}]},{"@type":"BreadcrumbList","@id":"https:\/\/loftinnhotels.com\/privatumo_politika\/#breadcrumb","itemListElement":[{"@type":"ListItem","position":1,"name":"Home","item":"https:\/\/loftinnhotels.com\/"},{"@type":"ListItem","position":2,"name":"Privatumo politika"}]},{"@type":"WebSite","@id":"https:\/\/loftinnhotels.com\/#website","url":"https:\/\/loftinnhotels.com\/","name":"Loftinnhotels.com","description":"Are you reaching for heights? Let&#039;s go up to Loft Inn!","potentialAction":[{"@type":"SearchAction","target":{"@type":"EntryPoint","urlTemplate":"https:\/\/loftinnhotels.com\/?s={search_term_string}"},"query-input":{"@type":"PropertyValueSpecification","valueRequired":true,"valueName":"search_term_string"}}],"inLanguage":"en-US"}]}},"_links":{"self":[{"href":"https:\/\/loftinnhotels.com\/en\/wp-json\/wp\/v2\/pages\/3","targetHints":{"allow":["GET"]}}],"collection":[{"href":"https:\/\/loftinnhotels.com\/en\/wp-json\/wp\/v2\/pages"}],"about":[{"href":"https:\/\/loftinnhotels.com\/en\/wp-json\/wp\/v2\/types\/page"}],"author":[{"embeddable":true,"href":"https:\/\/loftinnhotels.com\/en\/wp-json\/wp\/v2\/users\/1"}],"replies":[{"embeddable":true,"href":"https:\/\/loftinnhotels.com\/en\/wp-json\/wp\/v2\/comments?post=3"}],"version-history":[{"count":26,"href":"https:\/\/loftinnhotels.com\/en\/wp-json\/wp\/v2\/pages\/3\/revisions"}],"predecessor-version":[{"id":5522,"href":"https:\/\/loftinnhotels.com\/en\/wp-json\/wp\/v2\/pages\/3\/revisions\/5522"}],"wp:attachment":[{"href":"https:\/\/loftinnhotels.com\/en\/wp-json\/wp\/v2\/media?parent=3"}],"curies":[{"name":"wp","href":"https:\/\/api.w.org\/{rel}","templated":true}]}}