{"id":3280,"date":"2022-03-22T12:01:18","date_gmt":"2022-03-22T12:01:18","guid":{"rendered":"https:\/\/hotellerv1.themegoods.com\/\/?page_id=3"},"modified":"2024-01-08T20:55:48","modified_gmt":"2024-01-08T20:55:48","slug":"cookies","status":"publish","type":"page","link":"https:\/\/loftinnhotels.com\/en\/cookies\/","title":{"rendered":"Cookies"},"content":{"rendered":"<div data-elementor-type=\"wp-page\" data-elementor-id=\"3280\" class=\"elementor elementor-3280\">\n\t\t\t\t<div class=\"elementor-element elementor-element-3b9789dd e-flex e-con-boxed e-con e-parent\" data-id=\"3b9789dd\" data-element_type=\"container\" data-e-type=\"container\">\n\t\t\t\t\t<div class=\"e-con-inner\">\n\t\t\t\t<div class=\"elementor-element elementor-element-53ceca09 elementor-widget elementor-widget-text-editor\" data-id=\"53ceca09\" data-element_type=\"widget\" data-e-type=\"widget\" data-settings=\"{&quot;hoteller_ext_link_sidemenu&quot;:&quot;false&quot;,&quot;hoteller_ext_link_fullmenu&quot;:&quot;false&quot;,&quot;hoteller_ext_link_closed_fullmenu&quot;:&quot;false&quot;,&quot;hoteller_ext_is_scrollme&quot;:&quot;false&quot;,&quot;hoteller_ext_is_smoove&quot;:&quot;false&quot;,&quot;hoteller_ext_is_parallax_mouse&quot;:&quot;false&quot;,&quot;hoteller_ext_is_infinite&quot;:&quot;false&quot;,&quot;hoteller_ext_is_fadeout_animation&quot;:&quot;false&quot;,&quot;hoteller_ext_mobile_static&quot;:&quot;false&quot;}\" data-widget_type=\"text-editor.default\">\n\t\t\t\t<div class=\"elementor-widget-container\">\n\t\t\t\t\t\t\t\t\t<p class=\"translation-block\">This website uses strictly mandatory, functional, analytical and targeting (commercial) cookies, which help to display our website, to ensure its functionality and ease of navigation. For more information on how cookies work, please visit <a href=\"http:\/\/www.cookiecentral.com\" target=\"_self\">www.cookiecentral.com<\/a>.<\/p>\n<p>The information related to cookies is not used to identify you personally and the data collected is under our control. Such cookies may be used for the purposes set out here:<\/p>\n<ul>\n<li>to ensure the smooth and efficient operation of the website<\/li>\n<li>to collect anonymous statistical information about how and what posts you have viewed;<\/li>\n<li>to save the settings you have chosen during and between visits;<\/li>\n<li>to collect reliable website usage information that allows us to determine whether the website is meeting the needs of our users and to improve it accordingly;<\/li>\n<\/ul>\n<p><u>\u00a0<\/u><\/p>\n<p class=\"translation-block\">The legal basis for the processing of data generated by the use of cookies is the legitimate interest of the Company. We do not associate a visitor's IP address and email address with data that identifies the visitor. This means that each visitor's visit session will be logged, but the visitor to the https:\/\/loftinnhotels.comt website will remain anonymous.<\/p>\n<p class=\"translation-block\">Strictly mandatory, functional and analytical cookies are a condition of using our website. If you refuse these types of cookies, we cannot guarantee how our website will work when you visit it.<\/p>\n<p><strong>HOW TO MANAGE AND DELETE COOKIES<\/strong><\/p>\n<p class=\"translation-block\">When you use your browser to access the content we provide, you can always configure your browser to accept all cookies, reject all cookies or to notify you when a cookie is sent. Every browser is different, so if you don't know how to change your cookie preferences, check your browser's help menu. Your device's operating system may have additional cookie controls. If you do not want information to be collected by cookies, you can use a simple procedure in most browsers that allows you to opt out of cookies. To learn more about how to manage cookies, please visit: http:\/\/www.allaboutcookies.org\/manage-cookies\/.<\/p>\n<p><em>Descriptions of cookies used on our website<\/em><\/p>\n<table style=\"height: 779px;\" width=\"684\">\n<tbody>\n<tr>\n<td width=\"83\">\n<p class=\"translation-block\"><strong>The category of cookies<\/strong><\/p>\n<\/td>\n<td width=\"153\">\n<p><strong>Name of the cookie<\/strong><\/p>\n<\/td>\n<td width=\"256\">\n<p><strong>The purpose of the cookie<\/strong><\/p>\n<\/td>\n<td width=\"122\">\n<p><strong>Cookie retention time<\/strong><\/p>\n<\/td>\n<\/tr>\n<tr>\n<td width=\"83\">\n<p>Strictly mandatory cookies<\/p>\n<\/td>\n<td width=\"153\">\n<p>cookies_choice<\/p>\n<\/td>\n<td width=\"256\">\n<p>Used to set the cookie consent option<\/p>\n<\/td>\n<td width=\"122\">\n<p>Valid for 1 month<\/p>\n<\/td>\n<\/tr>\n<tr>\n<td width=\"83\">\n<p>Functional cookies<\/p>\n<\/td>\n<td width=\"153\">\n<p>\u00a0<\/p>\n<\/td>\n<td width=\"256\">\n<p>\u00a0<\/p>\n<\/td>\n<td width=\"122\">\n<p>\u00a0<\/p>\n<\/td>\n<\/tr>\n<tr>\n<td width=\"83\">\n<p>Analytical cookies<\/p>\n<\/td>\n<td width=\"153\">\n<p>_ga<\/p>\n<p>_guide<\/p>\n<p>_gat<\/p>\n<\/td>\n<td width=\"256\">\n<p class=\"translation-block\">Google Analytics cookies, which are used exclusively to help us measure your website usage patterns. Atkreipiame d\u0117mes\u012f, jog <u>esame \u012fjung\u0119 IP anonimizavim\u0105<\/u>, kuris rei\u0161kia, jog \u201eGoogle\u201c sutrumpins j\u016bs\u0173 IP adres\u0105 ir tokiu b\u016bdu u\u017etikrins anonimi\u0161kum\u0105. Google Analytics <a href=\"https:\/\/support.google.com\/analytics\/answer\/6004245\" target=\"_self\">privatumo politika<\/a><\/p>\n<\/td>\n<td width=\"122\">\n<p>Valid for 2 years<\/p>\n<p>Until the end of the session<\/p>\n<p>Until the end of the session<\/p>\n<\/td>\n<\/tr>\n<tr>\n<td width=\"83\">\n<p>Targeted (commercial) cookies<\/p>\n<\/td>\n<td width=\"153\">\n<p>\u00a0<\/p>\n<\/td>\n<td width=\"256\">\n<p>\u00a0<\/p>\n<\/td>\n<td width=\"122\">\n<p>\u00a0<\/p>\n<\/td>\n<\/tr>\n<\/tbody>\n<\/table>\n<p><strong>\u00a0<\/strong><\/p>\n<p>Our website may also contain links to the websites of other individuals, companies or organisations. Please note that we are not responsible for the content of such websites or their privacy practices. Therefore, if you follow a link from our website to other websites, you should consult their privacy policies separately.<\/p>\n<p><strong>CONTACT US<\/strong><\/p>\n<p class=\"translation-block\">Privacy policy not clear? Do you have any questions, requests, complaints? Let's talk about it! Send your queries to: info@loftinnhotels.com<\/p>\n<p>\u00a0<\/p>\n<p>\u00a0<\/p>\n<p>\u00a0<\/p>\t\t\t\t\t\t\t\t<\/div>\n\t\t\t\t<\/div>\n\t\t\t\t\t<\/div>\n\t\t\t\t<\/div>\n\t\t\t\t<\/div>","protected":false},"excerpt":{"rendered":"<p>\u0160ioje svetain\u0117je yra naudojami grie\u017etai privalomi, funkciniai, analitiniai ir tiksliniai (komerciniai) slapukai (angli\u0161kai \u017einomi kaip \u201ecookies\u201c), kurie padeda rodyti m\u016bs\u0173 svetain\u0119, padeda u\u017etikrinti jos funkcionalum\u0105 ir patogi\u0105 navigacij\u0105. Daugiau informacijos apie tai, kaip veikia slapukai, galite rasti interneto svetain\u0117je www.cookiecentral.com. [&hellip;]<\/p>\n","protected":false},"author":1,"featured_media":0,"parent":0,"menu_order":0,"comment_status":"closed","ping_status":"open","template":"","meta":{"footnotes":""},"class_list":["post-3280","page","type-page","status-publish","hentry"],"yoast_head":"<!-- This site is optimized with the Yoast SEO plugin v27.3 - https:\/\/yoast.com\/product\/yoast-seo-wordpress\/ -->\n<title>Slapukai - Loftinnhotels.com<\/title>\n<meta name=\"robots\" content=\"index, follow, max-snippet:-1, max-image-preview:large, max-video-preview:-1\" \/>\n<link rel=\"canonical\" href=\"https:\/\/loftinnhotels.com\/en\/cookies\/\" \/>\n<meta property=\"og:locale\" content=\"en_US\" \/>\n<meta property=\"og:type\" content=\"article\" \/>\n<meta property=\"og:title\" content=\"Slapukai - Loftinnhotels.com\" \/>\n<meta property=\"og:description\" content=\"\u0160ioje svetain\u0117je yra naudojami grie\u017etai privalomi, funkciniai, analitiniai ir tiksliniai (komerciniai) slapukai (angli\u0161kai \u017einomi kaip \u201ecookies\u201c), kurie padeda rodyti m\u016bs\u0173 svetain\u0119, padeda u\u017etikrinti jos funkcionalum\u0105 ir patogi\u0105 navigacij\u0105. Daugiau informacijos apie tai, kaip veikia slapukai, galite rasti interneto svetain\u0117je www.cookiecentral.com. [&hellip;]\" \/>\n<meta property=\"og:url\" content=\"https:\/\/loftinnhotels.com\/en\/cookies\/\" \/>\n<meta property=\"og:site_name\" content=\"Loftinnhotels.com\" \/>\n<meta property=\"article:modified_time\" content=\"2024-01-08T20:55:48+00:00\" \/>\n<meta name=\"twitter:card\" content=\"summary_large_image\" \/>\n<meta name=\"twitter:label1\" content=\"Est. reading time\" \/>\n\t<meta name=\"twitter:data1\" content=\"3 minutes\" \/>\n<script type=\"application\/ld+json\" class=\"yoast-schema-graph\">{\"@context\":\"https:\\\/\\\/schema.org\",\"@graph\":[{\"@type\":\"WebPage\",\"@id\":\"https:\\\/\\\/loftinnhotels.com\\\/slapukai\\\/\",\"url\":\"https:\\\/\\\/loftinnhotels.com\\\/slapukai\\\/\",\"name\":\"Slapukai - Loftinnhotels.com\",\"isPartOf\":{\"@id\":\"https:\\\/\\\/loftinnhotels.com\\\/#website\"},\"datePublished\":\"2022-03-22T12:01:18+00:00\",\"dateModified\":\"2024-01-08T20:55:48+00:00\",\"breadcrumb\":{\"@id\":\"https:\\\/\\\/loftinnhotels.com\\\/slapukai\\\/#breadcrumb\"},\"inLanguage\":\"en-US\",\"potentialAction\":[{\"@type\":\"ReadAction\",\"target\":[\"https:\\\/\\\/loftinnhotels.com\\\/slapukai\\\/\"]}]},{\"@type\":\"BreadcrumbList\",\"@id\":\"https:\\\/\\\/loftinnhotels.com\\\/slapukai\\\/#breadcrumb\",\"itemListElement\":[{\"@type\":\"ListItem\",\"position\":1,\"name\":\"Home\",\"item\":\"https:\\\/\\\/loftinnhotels.com\\\/\"},{\"@type\":\"ListItem\",\"position\":2,\"name\":\"Slapukai\"}]},{\"@type\":\"WebSite\",\"@id\":\"https:\\\/\\\/loftinnhotels.com\\\/#website\",\"url\":\"https:\\\/\\\/loftinnhotels.com\\\/\",\"name\":\"Loftinnhotels.com\",\"description\":\"Siekiate auk\u0161tum\u0173? Kylam \u012f Loft Inn! \",\"potentialAction\":[{\"@type\":\"SearchAction\",\"target\":{\"@type\":\"EntryPoint\",\"urlTemplate\":\"https:\\\/\\\/loftinnhotels.com\\\/?s={search_term_string}\"},\"query-input\":{\"@type\":\"PropertyValueSpecification\",\"valueRequired\":true,\"valueName\":\"search_term_string\"}}],\"inLanguage\":\"en-US\"}]}<\/script>\n<!-- \/ Yoast SEO plugin. -->","yoast_head_json":{"title":"Cookies - Loftinnhotels.com","robots":{"index":"index","follow":"follow","max-snippet":"max-snippet:-1","max-image-preview":"max-image-preview:large","max-video-preview":"max-video-preview:-1"},"canonical":"https:\/\/loftinnhotels.com\/en\/cookies\/","og_locale":"en_US","og_type":"article","og_title":"Slapukai - Loftinnhotels.com","og_description":"\u0160ioje svetain\u0117je yra naudojami grie\u017etai privalomi, funkciniai, analitiniai ir tiksliniai (komerciniai) slapukai (angli\u0161kai \u017einomi kaip \u201ecookies\u201c), kurie padeda rodyti m\u016bs\u0173 svetain\u0119, padeda u\u017etikrinti jos funkcionalum\u0105 ir patogi\u0105 navigacij\u0105. Daugiau informacijos apie tai, kaip veikia slapukai, galite rasti interneto svetain\u0117je www.cookiecentral.com. [&hellip;]","og_url":"https:\/\/loftinnhotels.com\/en\/cookies\/","og_site_name":"Loftinnhotels.com","article_modified_time":"2024-01-08T20:55:48+00:00","twitter_card":"summary_large_image","twitter_misc":{"Est. reading time":"3 minutes"},"schema":{"@context":"https:\/\/schema.org","@graph":[{"@type":"WebPage","@id":"https:\/\/loftinnhotels.com\/slapukai\/","url":"https:\/\/loftinnhotels.com\/slapukai\/","name":"Cookies - Loftinnhotels.com","isPartOf":{"@id":"https:\/\/loftinnhotels.com\/#website"},"datePublished":"2022-03-22T12:01:18+00:00","dateModified":"2024-01-08T20:55:48+00:00","breadcrumb":{"@id":"https:\/\/loftinnhotels.com\/slapukai\/#breadcrumb"},"inLanguage":"en-US","potentialAction":[{"@type":"ReadAction","target":["https:\/\/loftinnhotels.com\/slapukai\/"]}]},{"@type":"BreadcrumbList","@id":"https:\/\/loftinnhotels.com\/slapukai\/#breadcrumb","itemListElement":[{"@type":"ListItem","position":1,"name":"Home","item":"https:\/\/loftinnhotels.com\/"},{"@type":"ListItem","position":2,"name":"Slapukai"}]},{"@type":"WebSite","@id":"https:\/\/loftinnhotels.com\/#website","url":"https:\/\/loftinnhotels.com\/","name":"Loftinnhotels.com","description":"Are you reaching for heights? Let&#039;s go up to Loft Inn!","potentialAction":[{"@type":"SearchAction","target":{"@type":"EntryPoint","urlTemplate":"https:\/\/loftinnhotels.com\/?s={search_term_string}"},"query-input":{"@type":"PropertyValueSpecification","valueRequired":true,"valueName":"search_term_string"}}],"inLanguage":"en-US"}]}},"_links":{"self":[{"href":"https:\/\/loftinnhotels.com\/en\/wp-json\/wp\/v2\/pages\/3280","targetHints":{"allow":["GET"]}}],"collection":[{"href":"https:\/\/loftinnhotels.com\/en\/wp-json\/wp\/v2\/pages"}],"about":[{"href":"https:\/\/loftinnhotels.com\/en\/wp-json\/wp\/v2\/types\/page"}],"author":[{"embeddable":true,"href":"https:\/\/loftinnhotels.com\/en\/wp-json\/wp\/v2\/users\/1"}],"replies":[{"embeddable":true,"href":"https:\/\/loftinnhotels.com\/en\/wp-json\/wp\/v2\/comments?post=3280"}],"version-history":[{"count":4,"href":"https:\/\/loftinnhotels.com\/en\/wp-json\/wp\/v2\/pages\/3280\/revisions"}],"predecessor-version":[{"id":4004,"href":"https:\/\/loftinnhotels.com\/en\/wp-json\/wp\/v2\/pages\/3280\/revisions\/4004"}],"wp:attachment":[{"href":"https:\/\/loftinnhotels.com\/en\/wp-json\/wp\/v2\/media?parent=3280"}],"curies":[{"name":"wp","href":"https:\/\/api.w.org\/{rel}","templated":true}]}}