{"id":4303,"date":"2024-01-24T14:15:50","date_gmt":"2024-01-24T14:15:50","guid":{"rendered":"https:\/\/loftinnhotels.com\/?page_id=4303"},"modified":"2024-03-14T13:55:03","modified_gmt":"2024-03-14T13:55:03","slug":"about-us1","status":"publish","type":"page","link":"https:\/\/loftinnhotels.com\/en\/about-us1\/","title":{"rendered":"Important information for guests"},"content":{"rendered":"<div data-elementor-type=\"wp-post\" data-elementor-id=\"4303\" class=\"elementor elementor-4303\">\n\t\t\t\t\t\t<section class=\"elementor-section elementor-top-section elementor-element elementor-element-13e91cd2 elementor-section-stretched elementor-section-height-min-height elementor-section-full_width elementor-section-height-default elementor-section-items-middle\" data-id=\"13e91cd2\" data-element_type=\"section\" data-e-type=\"section\" data-settings=\"{&quot;stretch_section&quot;:&quot;section-stretched&quot;,&quot;background_background&quot;:&quot;classic&quot;,&quot;hoteller_ext_is_background_parallax&quot;:&quot;false&quot;,&quot;hoteller_ext_is_background_on_scroll&quot;:&quot;false&quot;}\">\n\t\t\t\t\t\t\t<div class=\"elementor-background-overlay\"><\/div>\n\t\t\t\t\t\t\t<div class=\"elementor-container elementor-column-gap-default\">\n\t\t\t\t\t<div class=\"elementor-column elementor-col-100 elementor-top-column elementor-element elementor-element-4628aac3\" data-id=\"4628aac3\" data-element_type=\"column\" data-e-type=\"column\" data-settings=\"{&quot;hoteller_ext_link_sidemenu&quot;:&quot;false&quot;,&quot;hoteller_ext_link_fullmenu&quot;:&quot;false&quot;,&quot;hoteller_ext_link_closed_fullmenu&quot;:&quot;false&quot;,&quot;hoteller_ext_is_scrollme&quot;:&quot;false&quot;,&quot;hoteller_ext_is_smoove&quot;:&quot;false&quot;,&quot;hoteller_ext_is_parallax_mouse&quot;:&quot;false&quot;,&quot;hoteller_ext_is_infinite&quot;:&quot;false&quot;,&quot;hoteller_ext_is_fadeout_animation&quot;:&quot;false&quot;,&quot;hoteller_ext_mobile_static&quot;:&quot;false&quot;}\">\n\t\t\t<div class=\"elementor-widget-wrap elementor-element-populated\">\n\t\t\t\t\t\t<div class=\"elementor-element elementor-element-121e1335 elementor-invisible elementor-widget elementor-widget-heading\" data-id=\"121e1335\" data-element_type=\"widget\" data-e-type=\"widget\" data-settings=\"{&quot;_animation&quot;:&quot;fadeIn&quot;,&quot;hoteller_ext_link_sidemenu&quot;:&quot;false&quot;,&quot;hoteller_ext_link_fullmenu&quot;:&quot;false&quot;,&quot;hoteller_ext_link_closed_fullmenu&quot;:&quot;false&quot;,&quot;hoteller_ext_is_scrollme&quot;:&quot;false&quot;,&quot;hoteller_ext_is_smoove&quot;:&quot;false&quot;,&quot;hoteller_ext_is_parallax_mouse&quot;:&quot;false&quot;,&quot;hoteller_ext_is_infinite&quot;:&quot;false&quot;,&quot;hoteller_ext_is_fadeout_animation&quot;:&quot;false&quot;,&quot;hoteller_ext_mobile_static&quot;:&quot;false&quot;}\" data-widget_type=\"heading.default\">\n\t\t\t\t<div class=\"elementor-widget-container\">\n\t\t\t\t\t<h1 class=\"elementor-heading-title elementor-size-default\">Worth knowing <\/h1>\t\t\t\t<\/div>\n\t\t\t\t<\/div>\n\t\t\t\t\t<\/div>\n\t\t<\/div>\n\t\t\t\t\t<\/div>\n\t\t<\/section>\n\t\t\t\t<section class=\"elementor-section elementor-top-section elementor-element elementor-element-47c401f elementor-section-stretched elementor-section-height-min-height elementor-section-boxed elementor-section-height-default elementor-section-items-middle\" data-id=\"47c401f\" data-element_type=\"section\" data-e-type=\"section\" data-settings=\"{&quot;stretch_section&quot;:&quot;section-stretched&quot;,&quot;background_background&quot;:&quot;classic&quot;,&quot;hoteller_ext_is_background_parallax&quot;:&quot;false&quot;,&quot;hoteller_ext_is_background_on_scroll&quot;:&quot;false&quot;}\">\n\t\t\t\t\t\t<div class=\"elementor-container elementor-column-gap-default\">\n\t\t\t\t\t<div class=\"elementor-column elementor-col-100 elementor-top-column elementor-element elementor-element-bd37973\" data-id=\"bd37973\" data-element_type=\"column\" data-e-type=\"column\" data-settings=\"{&quot;hoteller_ext_link_sidemenu&quot;:&quot;false&quot;,&quot;hoteller_ext_link_fullmenu&quot;:&quot;false&quot;,&quot;hoteller_ext_link_closed_fullmenu&quot;:&quot;false&quot;,&quot;hoteller_ext_is_scrollme&quot;:&quot;false&quot;,&quot;hoteller_ext_is_smoove&quot;:&quot;false&quot;,&quot;hoteller_ext_is_parallax_mouse&quot;:&quot;false&quot;,&quot;hoteller_ext_is_infinite&quot;:&quot;false&quot;,&quot;hoteller_ext_is_fadeout_animation&quot;:&quot;false&quot;,&quot;hoteller_ext_mobile_static&quot;:&quot;false&quot;}\">\n\t\t\t<div class=\"elementor-widget-wrap elementor-element-populated\">\n\t\t\t\t<div class=\"elementor-element elementor-element-63304d3 e-con-full e-flex e-con e-parent\" data-id=\"63304d3\" data-element_type=\"container\" data-e-type=\"container\">\n\t\t<div class=\"elementor-element elementor-element-e78b487 e-con-full e-flex e-con e-child\" data-id=\"e78b487\" data-element_type=\"container\" data-e-type=\"container\">\n\t\t\t\t<div class=\"elementor-element elementor-element-ee8b3cd elementor-widget elementor-widget-heading\" data-id=\"ee8b3cd\" data-element_type=\"widget\" data-e-type=\"widget\" data-settings=\"{&quot;hoteller_ext_link_sidemenu&quot;:&quot;false&quot;,&quot;hoteller_ext_link_fullmenu&quot;:&quot;false&quot;,&quot;hoteller_ext_link_closed_fullmenu&quot;:&quot;false&quot;,&quot;hoteller_ext_is_scrollme&quot;:&quot;false&quot;,&quot;hoteller_ext_is_smoove&quot;:&quot;false&quot;,&quot;hoteller_ext_is_parallax_mouse&quot;:&quot;false&quot;,&quot;hoteller_ext_is_infinite&quot;:&quot;false&quot;,&quot;hoteller_ext_is_fadeout_animation&quot;:&quot;false&quot;,&quot;hoteller_ext_mobile_static&quot;:&quot;false&quot;}\" data-widget_type=\"heading.default\">\n\t\t\t\t<div class=\"elementor-widget-container\">\n\t\t\t\t\t<h2 class=\"elementor-heading-title elementor-size-default\">IMPORTANT INFORMATION FOR GUESTS<\/h2>\t\t\t\t<\/div>\n\t\t\t\t<\/div>\n\t\t\t\t<div class=\"elementor-element elementor-element-6a665a4 elementor-widget elementor-widget-accordion\" data-id=\"6a665a4\" data-element_type=\"widget\" data-e-type=\"widget\" data-settings=\"{&quot;hoteller_ext_link_sidemenu&quot;:&quot;false&quot;,&quot;hoteller_ext_link_fullmenu&quot;:&quot;false&quot;,&quot;hoteller_ext_link_closed_fullmenu&quot;:&quot;false&quot;,&quot;hoteller_ext_is_scrollme&quot;:&quot;false&quot;,&quot;hoteller_ext_is_smoove&quot;:&quot;false&quot;,&quot;hoteller_ext_is_parallax_mouse&quot;:&quot;false&quot;,&quot;hoteller_ext_is_infinite&quot;:&quot;false&quot;,&quot;hoteller_ext_is_fadeout_animation&quot;:&quot;false&quot;,&quot;hoteller_ext_mobile_static&quot;:&quot;false&quot;}\" data-widget_type=\"accordion.default\">\n\t\t\t\t<div class=\"elementor-widget-container\">\n\t\t\t\t\t\t\t<div class=\"elementor-accordion\">\n\t\t\t\t\t\t\t<div class=\"elementor-accordion-item\">\n\t\t\t\t\t<div id=\"elementor-tab-title-1111\" class=\"elementor-tab-title\" data-tab=\"1\" role=\"button\" aria-controls=\"elementor-tab-content-1111\" aria-expanded=\"false\">\n\t\t\t\t\t\t\t\t\t\t\t\t\t<span class=\"elementor-accordion-icon elementor-accordion-icon-right\" aria-hidden=\"true\">\n\t\t\t\t\t\t\t\t\t\t\t\t\t\t\t<span class=\"elementor-accordion-icon-closed\"><i class=\"fas fa-chevron-down\"><\/i><\/span>\n\t\t\t\t\t\t\t\t<span class=\"elementor-accordion-icon-opened\"><i class=\"fas fa-chevron-up\"><\/i><\/span>\n\t\t\t\t\t\t\t\t\t\t\t\t\t\t<\/span>\n\t\t\t\t\t\t\t\t\t\t\t\t<a class=\"elementor-accordion-title\" tabindex=\"0\">Check-in\/check-out time <\/a>\n\t\t\t\t\t<\/div>\n\t\t\t\t\t<div id=\"elementor-tab-content-1111\" class=\"elementor-tab-content elementor-clearfix\" data-tab=\"1\" role=\"region\" aria-labelledby=\"elementor-tab-title-1111\"><p>Self check-in and check-out are available<\/p><p>Check In time from 15:00<\/p><p>Check-out time till 11:00<\/p><\/div>\n\t\t\t\t<\/div>\n\t\t\t\t\t\t\t<div class=\"elementor-accordion-item\">\n\t\t\t\t\t<div id=\"elementor-tab-title-1112\" class=\"elementor-tab-title\" data-tab=\"2\" role=\"button\" aria-controls=\"elementor-tab-content-1112\" aria-expanded=\"false\">\n\t\t\t\t\t\t\t\t\t\t\t\t\t<span class=\"elementor-accordion-icon elementor-accordion-icon-right\" aria-hidden=\"true\">\n\t\t\t\t\t\t\t\t\t\t\t\t\t\t\t<span class=\"elementor-accordion-icon-closed\"><i class=\"fas fa-chevron-down\"><\/i><\/span>\n\t\t\t\t\t\t\t\t<span class=\"elementor-accordion-icon-opened\"><i class=\"fas fa-chevron-up\"><\/i><\/span>\n\t\t\t\t\t\t\t\t\t\t\t\t\t\t<\/span>\n\t\t\t\t\t\t\t\t\t\t\t\t<a class=\"elementor-accordion-title\" tabindex=\"0\">Visa information <\/a>\n\t\t\t\t\t<\/div>\n\t\t\t\t\t<div id=\"elementor-tab-content-1112\" class=\"elementor-tab-content elementor-clearfix\" data-tab=\"2\" role=\"region\" aria-labelledby=\"elementor-tab-title-1112\"><p class=\"translation-block\">Citizens of EU Member States are allowed to enter the Republic of Lithuania without a visa.<br>A visa is required for visitors from non-EU countries.<\/p><p>More information:<\/p><p><a href=\"https:\/\/keliauk.urm.lt\/en\"><span style=\"text-decoration: underline;\">Ministry of Foreign Affairs of the Republic of Lithuania<\/span><\/a><\/p><\/div>\n\t\t\t\t<\/div>\n\t\t\t\t\t\t\t<div class=\"elementor-accordion-item\">\n\t\t\t\t\t<div id=\"elementor-tab-title-1113\" class=\"elementor-tab-title\" data-tab=\"3\" role=\"button\" aria-controls=\"elementor-tab-content-1113\" aria-expanded=\"false\">\n\t\t\t\t\t\t\t\t\t\t\t\t\t<span class=\"elementor-accordion-icon elementor-accordion-icon-right\" aria-hidden=\"true\">\n\t\t\t\t\t\t\t\t\t\t\t\t\t\t\t<span class=\"elementor-accordion-icon-closed\"><i class=\"fas fa-chevron-down\"><\/i><\/span>\n\t\t\t\t\t\t\t\t<span class=\"elementor-accordion-icon-opened\"><i class=\"fas fa-chevron-up\"><\/i><\/span>\n\t\t\t\t\t\t\t\t\t\t\t\t\t\t<\/span>\n\t\t\t\t\t\t\t\t\t\t\t\t<a class=\"elementor-accordion-title\" tabindex=\"0\">Good to know<\/a>\n\t\t\t\t\t<\/div>\n\t\t\t\t\t<div id=\"elementor-tab-content-1113\" class=\"elementor-tab-content elementor-clearfix\" data-tab=\"3\" role=\"region\" aria-labelledby=\"elementor-tab-title-1113\"><p><strong>Plug type<\/strong>: C<\/p><p class=\"translation-block\"><strong>Currency<\/strong>: EUR - Euros (\u20ac). You can find out the current exchange rate at <span style=\"text-decoration: underline\"> <a href=\"http:\/\/www.topexchange.lt\" target=\"_self\">TOP EXCHANGE<\/a><\/span>,  and you can exchange money on the first floor of the hotel building<\/p><p class=\"translation-block\"><strong>Languages<\/strong>:  Lithuanian is the official language of the Republic of Lithuania, but Vilnius residents speak also English, Russian and Polish.<\/p><p><strong>Time zone<\/strong> GMT + 2 hours<\/p><\/div>\n\t\t\t\t<\/div>\n\t\t\t\t\t\t\t\t<\/div>\n\t\t\t\t\t\t<\/div>\n\t\t\t\t<\/div>\n\t\t\t\t<\/div>\n\t\t<div class=\"elementor-element elementor-element-e9f9003 e-con-full e-flex e-con e-child\" data-id=\"e9f9003\" data-element_type=\"container\" data-e-type=\"container\">\n\t\t\t\t<div class=\"elementor-element elementor-element-c474646 elementor-widget elementor-widget-image\" data-id=\"c474646\" data-element_type=\"widget\" data-e-type=\"widget\" data-settings=\"{&quot;hoteller_image_is_animation&quot;:&quot;false&quot;,&quot;hoteller_ext_link_sidemenu&quot;:&quot;false&quot;,&quot;hoteller_ext_link_fullmenu&quot;:&quot;false&quot;,&quot;hoteller_ext_link_closed_fullmenu&quot;:&quot;false&quot;,&quot;hoteller_ext_is_scrollme&quot;:&quot;false&quot;,&quot;hoteller_ext_is_smoove&quot;:&quot;false&quot;,&quot;hoteller_ext_is_parallax_mouse&quot;:&quot;false&quot;,&quot;hoteller_ext_is_infinite&quot;:&quot;false&quot;,&quot;hoteller_ext_is_fadeout_animation&quot;:&quot;false&quot;,&quot;hoteller_ext_mobile_static&quot;:&quot;false&quot;}\" data-widget_type=\"image.default\">\n\t\t\t\t<div class=\"elementor-widget-container\">\n\t\t\t\t\t\t\t\t\t\t\t\t\t\t\t<img fetchpriority=\"high\" decoding=\"async\" width=\"1024\" height=\"646\" src=\"https:\/\/loftinnhotels.com\/wp-content\/uploads\/2024\/01\/PenktaFoto-1024x646.jpg\" class=\"attachment-large size-large wp-image-4285\" alt=\"\" srcset=\"https:\/\/loftinnhotels.com\/wp-content\/uploads\/2024\/01\/PenktaFoto-1024x646.jpg 1024w, https:\/\/loftinnhotels.com\/wp-content\/uploads\/2024\/01\/PenktaFoto-300x189.jpg 300w, https:\/\/loftinnhotels.com\/wp-content\/uploads\/2024\/01\/PenktaFoto-768x485.jpg 768w, https:\/\/loftinnhotels.com\/wp-content\/uploads\/2024\/01\/PenktaFoto-18x12.jpg 18w, https:\/\/loftinnhotels.com\/wp-content\/uploads\/2024\/01\/PenktaFoto-440x278.jpg 440w, https:\/\/loftinnhotels.com\/wp-content\/uploads\/2024\/01\/PenktaFoto-600x379.jpg 600w, https:\/\/loftinnhotels.com\/wp-content\/uploads\/2024\/01\/PenktaFoto.jpg 1440w\" sizes=\"(max-width: 1024px) 100vw, 1024px\" \/>\t\t\t\t\t\t\t\t\t\t\t\t\t\t\t<\/div>\n\t\t\t\t<\/div>\n\t\t\t\t<\/div>\n\t\t\t\t<\/div>\n\t\t\t\t\t<\/div>\n\t\t<\/div>\n\t\t\t\t\t<\/div>\n\t\t<\/section>\n\t\t\t\t<\/div>","protected":false},"excerpt":{"rendered":"<p>Verta \u017einoti SVARBI INFORMACIJA SVE\u010cIAMS \u012esiregistravimo \/ i\u0161siregistravimo laikas \u012e vie\u0161but\u012f galima registruotis ir atvykti savaranki\u0161kai (self check-in) Atvykimas nuo 15:00 val. I\u0161vykimas iki 11:00 val. Informacija apie vizas ES valstybi\u0173 nari\u0173 pilie\u010diams \u012f Lietuvos Respublik\u0105 leid\u017eiama atvykti be vizos.Atvykstantiems [&hellip;]<\/p>\n","protected":false},"author":1,"featured_media":0,"parent":0,"menu_order":0,"comment_status":"closed","ping_status":"closed","template":"","meta":{"footnotes":""},"class_list":["post-4303","page","type-page","status-publish","hentry"],"yoast_head":"<!-- This site is optimized with the Yoast SEO plugin v27.3 - https:\/\/yoast.com\/product\/yoast-seo-wordpress\/ -->\n<title>Important information for guests (2026) Loftinnhotels.com<\/title>\n<meta name=\"description\" content=\"Important information for guests: check-in\/check-out times. Visa information. Fast and convenient hotel reservation in Vilnius! Read more:\" \/>\n<meta name=\"robots\" content=\"index, follow, max-snippet:-1, max-image-preview:large, max-video-preview:-1\" \/>\n<link rel=\"canonical\" href=\"https:\/\/loftinnhotels.com\/en\/about-us1\/\" \/>\n<meta property=\"og:locale\" content=\"en_US\" \/>\n<meta property=\"og:type\" content=\"article\" \/>\n<meta property=\"og:title\" content=\"Important information for guests (2026) Loftinnhotels.com\" \/>\n<meta property=\"og:description\" content=\"Important information for guests: check-in\/check-out times. Visa information. Fast and convenient hotel reservation in Vilnius! Read more:\" \/>\n<meta property=\"og:url\" content=\"https:\/\/loftinnhotels.com\/en\/about-us1\/\" \/>\n<meta property=\"og:site_name\" content=\"Loftinnhotels.com\" \/>\n<meta property=\"article:modified_time\" content=\"2024-03-14T13:55:03+00:00\" \/>\n<meta property=\"og:image\" content=\"http:\/\/loftinnhotels.com\/wp-content\/uploads\/2024\/01\/PenktaFoto-1024x646.jpg\" \/>\n<meta name=\"twitter:card\" content=\"summary_large_image\" \/>\n<meta name=\"twitter:label1\" content=\"Est. reading time\" \/>\n\t<meta name=\"twitter:data1\" content=\"1 minute\" \/>\n<script type=\"application\/ld+json\" class=\"yoast-schema-graph\">{\"@context\":\"https:\\\/\\\/schema.org\",\"@graph\":[{\"@type\":\"WebPage\",\"@id\":\"https:\\\/\\\/loftinnhotels.com\\\/apie-mus1\\\/\",\"url\":\"https:\\\/\\\/loftinnhotels.com\\\/apie-mus1\\\/\",\"name\":\"Important information for guests (2026) Loftinnhotels.com\",\"isPartOf\":{\"@id\":\"https:\\\/\\\/loftinnhotels.com\\\/#website\"},\"primaryImageOfPage\":{\"@id\":\"https:\\\/\\\/loftinnhotels.com\\\/apie-mus1\\\/#primaryimage\"},\"image\":{\"@id\":\"https:\\\/\\\/loftinnhotels.com\\\/apie-mus1\\\/#primaryimage\"},\"thumbnailUrl\":\"http:\\\/\\\/loftinnhotels.com\\\/wp-content\\\/uploads\\\/2024\\\/01\\\/PenktaFoto-1024x646.jpg\",\"datePublished\":\"2024-01-24T14:15:50+00:00\",\"dateModified\":\"2024-03-14T13:55:03+00:00\",\"description\":\"Important information for guests: check-in\\\/check-out times. Visa information. Fast and convenient hotel reservation in Vilnius! Read more:\",\"breadcrumb\":{\"@id\":\"https:\\\/\\\/loftinnhotels.com\\\/apie-mus1\\\/#breadcrumb\"},\"inLanguage\":\"en-US\",\"potentialAction\":[{\"@type\":\"ReadAction\",\"target\":[\"https:\\\/\\\/loftinnhotels.com\\\/apie-mus1\\\/\"]}]},{\"@type\":\"ImageObject\",\"inLanguage\":\"en-US\",\"@id\":\"https:\\\/\\\/loftinnhotels.com\\\/apie-mus1\\\/#primaryimage\",\"url\":\"http:\\\/\\\/loftinnhotels.com\\\/wp-content\\\/uploads\\\/2024\\\/01\\\/PenktaFoto-1024x646.jpg\",\"contentUrl\":\"http:\\\/\\\/loftinnhotels.com\\\/wp-content\\\/uploads\\\/2024\\\/01\\\/PenktaFoto-1024x646.jpg\"},{\"@type\":\"BreadcrumbList\",\"@id\":\"https:\\\/\\\/loftinnhotels.com\\\/apie-mus1\\\/#breadcrumb\",\"itemListElement\":[{\"@type\":\"ListItem\",\"position\":1,\"name\":\"Home\",\"item\":\"https:\\\/\\\/loftinnhotels.com\\\/\"},{\"@type\":\"ListItem\",\"position\":2,\"name\":\"Svarbi informacija sve\u010diams\"}]},{\"@type\":\"WebSite\",\"@id\":\"https:\\\/\\\/loftinnhotels.com\\\/#website\",\"url\":\"https:\\\/\\\/loftinnhotels.com\\\/\",\"name\":\"Loftinnhotels.com\",\"description\":\"Siekiate auk\u0161tum\u0173? Kylam \u012f Loft Inn! \",\"potentialAction\":[{\"@type\":\"SearchAction\",\"target\":{\"@type\":\"EntryPoint\",\"urlTemplate\":\"https:\\\/\\\/loftinnhotels.com\\\/?s={search_term_string}\"},\"query-input\":{\"@type\":\"PropertyValueSpecification\",\"valueRequired\":true,\"valueName\":\"search_term_string\"}}],\"inLanguage\":\"en-US\"}]}<\/script>\n<!-- \/ Yoast SEO plugin. -->","yoast_head_json":{"title":"Important information for guests (2026) Loftinnhotels.com","description":"Important information for guests: check-in\/check-out times. Full information. Fast and convenient hotel reservation in Vilnius! Read more:","robots":{"index":"index","follow":"follow","max-snippet":"max-snippet:-1","max-image-preview":"max-image-preview:large","max-video-preview":"max-video-preview:-1"},"canonical":"https:\/\/loftinnhotels.com\/en\/about-us1\/","og_locale":"en_US","og_type":"article","og_title":"Important information for guests (2026) Loftinnhotels.com","og_description":"Important information for guests: check-in\/check-out times. Visa information. Fast and convenient hotel reservation in Vilnius! Read more:","og_url":"https:\/\/loftinnhotels.com\/en\/about-us1\/","og_site_name":"Loftinnhotels.com","article_modified_time":"2024-03-14T13:55:03+00:00","og_image":[{"url":"http:\/\/loftinnhotels.com\/wp-content\/uploads\/2024\/01\/PenktaFoto-1024x646.jpg","type":"","width":"","height":""}],"twitter_card":"summary_large_image","twitter_misc":{"Est. reading time":"1 minute"},"schema":{"@context":"https:\/\/schema.org","@graph":[{"@type":"WebPage","@id":"https:\/\/loftinnhotels.com\/apie-mus1\/","url":"https:\/\/loftinnhotels.com\/apie-mus1\/","name":"Important information for guests (2026) Loftinnhotels.com","isPartOf":{"@id":"https:\/\/loftinnhotels.com\/#website"},"primaryImageOfPage":{"@id":"https:\/\/loftinnhotels.com\/apie-mus1\/#primaryimage"},"image":{"@id":"https:\/\/loftinnhotels.com\/apie-mus1\/#primaryimage"},"thumbnailUrl":"http:\/\/loftinnhotels.com\/wp-content\/uploads\/2024\/01\/PenktaFoto-1024x646.jpg","datePublished":"2024-01-24T14:15:50+00:00","dateModified":"2024-03-14T13:55:03+00:00","description":"Important information for guests: check-in\/check-out times. Full information. Fast and convenient hotel reservation in Vilnius! Read more:","breadcrumb":{"@id":"https:\/\/loftinnhotels.com\/apie-mus1\/#breadcrumb"},"inLanguage":"en-US","potentialAction":[{"@type":"ReadAction","target":["https:\/\/loftinnhotels.com\/apie-mus1\/"]}]},{"@type":"ImageObject","inLanguage":"en-US","@id":"https:\/\/loftinnhotels.com\/apie-mus1\/#primaryimage","url":"http:\/\/loftinnhotels.com\/wp-content\/uploads\/2024\/01\/PenktaFoto-1024x646.jpg","contentUrl":"http:\/\/loftinnhotels.com\/wp-content\/uploads\/2024\/01\/PenktaFoto-1024x646.jpg"},{"@type":"BreadcrumbList","@id":"https:\/\/loftinnhotels.com\/apie-mus1\/#breadcrumb","itemListElement":[{"@type":"ListItem","position":1,"name":"Home","item":"https:\/\/loftinnhotels.com\/"},{"@type":"ListItem","position":2,"name":"Svarbi informacija sve\u010diams"}]},{"@type":"WebSite","@id":"https:\/\/loftinnhotels.com\/#website","url":"https:\/\/loftinnhotels.com\/","name":"Loftinnhotels.com","description":"Are you reaching for heights? Let&#039;s go up to Loft Inn!","potentialAction":[{"@type":"SearchAction","target":{"@type":"EntryPoint","urlTemplate":"https:\/\/loftinnhotels.com\/?s={search_term_string}"},"query-input":{"@type":"PropertyValueSpecification","valueRequired":true,"valueName":"search_term_string"}}],"inLanguage":"en-US"}]}},"_links":{"self":[{"href":"https:\/\/loftinnhotels.com\/en\/wp-json\/wp\/v2\/pages\/4303","targetHints":{"allow":["GET"]}}],"collection":[{"href":"https:\/\/loftinnhotels.com\/en\/wp-json\/wp\/v2\/pages"}],"about":[{"href":"https:\/\/loftinnhotels.com\/en\/wp-json\/wp\/v2\/types\/page"}],"author":[{"embeddable":true,"href":"https:\/\/loftinnhotels.com\/en\/wp-json\/wp\/v2\/users\/1"}],"replies":[{"embeddable":true,"href":"https:\/\/loftinnhotels.com\/en\/wp-json\/wp\/v2\/comments?post=4303"}],"version-history":[{"count":97,"href":"https:\/\/loftinnhotels.com\/en\/wp-json\/wp\/v2\/pages\/4303\/revisions"}],"predecessor-version":[{"id":5674,"href":"https:\/\/loftinnhotels.com\/en\/wp-json\/wp\/v2\/pages\/4303\/revisions\/5674"}],"wp:attachment":[{"href":"https:\/\/loftinnhotels.com\/en\/wp-json\/wp\/v2\/media?parent=4303"}],"curies":[{"name":"wp","href":"https:\/\/api.w.org\/{rel}","templated":true}]}}