{"id":4405,"date":"2024-01-25T10:52:49","date_gmt":"2024-01-25T10:52:49","guid":{"rendered":"https:\/\/loftinnhotels.com\/?page_id=4405"},"modified":"2024-03-15T10:59:50","modified_gmt":"2024-03-15T10:59:50","slug":"city-guide","status":"publish","type":"page","link":"https:\/\/loftinnhotels.com\/en\/city-guide\/","title":{"rendered":"City guide"},"content":{"rendered":"<div data-elementor-type=\"wp-page\" data-elementor-id=\"4405\" class=\"elementor elementor-4405\">\n\t\t\t\t\t\t<section class=\"elementor-section elementor-top-section elementor-element elementor-element-db70c28 elementor-section-stretched elementor-section-height-min-height elementor-section-full_width elementor-section-height-default elementor-section-items-middle\" data-id=\"db70c28\" data-element_type=\"section\" data-e-type=\"section\" data-settings=\"{&quot;stretch_section&quot;:&quot;section-stretched&quot;,&quot;background_background&quot;:&quot;classic&quot;,&quot;hoteller_ext_is_background_parallax&quot;:&quot;false&quot;,&quot;hoteller_ext_is_background_on_scroll&quot;:&quot;false&quot;}\">\n\t\t\t\t\t\t\t<div class=\"elementor-background-overlay\"><\/div>\n\t\t\t\t\t\t\t<div class=\"elementor-container elementor-column-gap-default\">\n\t\t\t\t\t<div class=\"elementor-column elementor-col-100 elementor-top-column elementor-element elementor-element-6e2586d\" data-id=\"6e2586d\" data-element_type=\"column\" data-e-type=\"column\" data-settings=\"{&quot;hoteller_ext_link_sidemenu&quot;:&quot;false&quot;,&quot;hoteller_ext_link_fullmenu&quot;:&quot;false&quot;,&quot;hoteller_ext_link_closed_fullmenu&quot;:&quot;false&quot;,&quot;hoteller_ext_is_scrollme&quot;:&quot;false&quot;,&quot;hoteller_ext_is_smoove&quot;:&quot;false&quot;,&quot;hoteller_ext_is_parallax_mouse&quot;:&quot;false&quot;,&quot;hoteller_ext_is_infinite&quot;:&quot;false&quot;,&quot;hoteller_ext_is_fadeout_animation&quot;:&quot;false&quot;,&quot;hoteller_ext_mobile_static&quot;:&quot;false&quot;}\">\n\t\t\t<div class=\"elementor-widget-wrap elementor-element-populated\">\n\t\t\t\t\t\t<div class=\"elementor-element elementor-element-3d371d1 elementor-invisible elementor-widget elementor-widget-heading\" data-id=\"3d371d1\" data-element_type=\"widget\" data-e-type=\"widget\" data-settings=\"{&quot;_animation&quot;:&quot;fadeIn&quot;,&quot;hoteller_ext_link_sidemenu&quot;:&quot;false&quot;,&quot;hoteller_ext_link_fullmenu&quot;:&quot;false&quot;,&quot;hoteller_ext_link_closed_fullmenu&quot;:&quot;false&quot;,&quot;hoteller_ext_is_scrollme&quot;:&quot;false&quot;,&quot;hoteller_ext_is_smoove&quot;:&quot;false&quot;,&quot;hoteller_ext_is_parallax_mouse&quot;:&quot;false&quot;,&quot;hoteller_ext_is_infinite&quot;:&quot;false&quot;,&quot;hoteller_ext_is_fadeout_animation&quot;:&quot;false&quot;,&quot;hoteller_ext_mobile_static&quot;:&quot;false&quot;}\" data-widget_type=\"heading.default\">\n\t\t\t\t<div class=\"elementor-widget-container\">\n\t\t\t\t\t<h1 class=\"elementor-heading-title elementor-size-default\">CITY GUIDE<\/h1>\t\t\t\t<\/div>\n\t\t\t\t<\/div>\n\t\t\t\t<div class=\"elementor-element elementor-element-e7af579 elementor-widget elementor-widget-heading\" data-id=\"e7af579\" data-element_type=\"widget\" data-e-type=\"widget\" data-settings=\"{&quot;hoteller_ext_link_sidemenu&quot;:&quot;false&quot;,&quot;hoteller_ext_link_fullmenu&quot;:&quot;false&quot;,&quot;hoteller_ext_link_closed_fullmenu&quot;:&quot;false&quot;,&quot;hoteller_ext_is_scrollme&quot;:&quot;false&quot;,&quot;hoteller_ext_is_smoove&quot;:&quot;false&quot;,&quot;hoteller_ext_is_parallax_mouse&quot;:&quot;false&quot;,&quot;hoteller_ext_is_infinite&quot;:&quot;false&quot;,&quot;hoteller_ext_is_fadeout_animation&quot;:&quot;false&quot;,&quot;hoteller_ext_mobile_static&quot;:&quot;false&quot;}\" data-widget_type=\"heading.default\">\n\t\t\t\t<div class=\"elementor-widget-container\">\n\t\t\t\t\t<h5 class=\"elementor-heading-title elementor-size-default\">THINGS TO SEE IN AND AROUND VILNIUS <\/h5>\t\t\t\t<\/div>\n\t\t\t\t<\/div>\n\t\t\t\t\t<\/div>\n\t\t<\/div>\n\t\t\t\t\t<\/div>\n\t\t<\/section>\n\t\t\t\t<section class=\"elementor-section elementor-top-section elementor-element elementor-element-8817aff elementor-section-stretched elementor-section-full_width elementor-section-height-default elementor-section-height-default\" data-id=\"8817aff\" data-element_type=\"section\" data-e-type=\"section\" data-settings=\"{&quot;stretch_section&quot;:&quot;section-stretched&quot;,&quot;background_background&quot;:&quot;classic&quot;,&quot;hoteller_ext_is_background_parallax&quot;:&quot;false&quot;,&quot;hoteller_ext_is_background_on_scroll&quot;:&quot;false&quot;}\">\n\t\t\t\t\t\t<div class=\"elementor-container elementor-column-gap-default\">\n\t\t\t\t\t<div class=\"elementor-column elementor-col-100 elementor-top-column elementor-element elementor-element-c9d6c8a\" data-id=\"c9d6c8a\" data-element_type=\"column\" data-e-type=\"column\" data-settings=\"{&quot;hoteller_ext_link_sidemenu&quot;:&quot;false&quot;,&quot;hoteller_ext_link_fullmenu&quot;:&quot;false&quot;,&quot;hoteller_ext_link_closed_fullmenu&quot;:&quot;false&quot;,&quot;hoteller_ext_is_scrollme&quot;:&quot;false&quot;,&quot;hoteller_ext_is_smoove&quot;:&quot;false&quot;,&quot;hoteller_ext_is_parallax_mouse&quot;:&quot;false&quot;,&quot;hoteller_ext_is_infinite&quot;:&quot;false&quot;,&quot;hoteller_ext_is_fadeout_animation&quot;:&quot;false&quot;,&quot;hoteller_ext_mobile_static&quot;:&quot;false&quot;}\">\n\t\t\t<div class=\"elementor-widget-wrap elementor-element-populated\">\n\t\t\t\t\t\t<div class=\"elementor-element elementor-element-f39e336 elementor-widget elementor-widget-hoteller-slider-horizontal\" data-id=\"f39e336\" data-element_type=\"widget\" data-e-type=\"widget\" data-settings=\"{&quot;hoteller_ext_link_sidemenu&quot;:&quot;false&quot;,&quot;hoteller_ext_link_fullmenu&quot;:&quot;false&quot;,&quot;hoteller_ext_link_closed_fullmenu&quot;:&quot;false&quot;,&quot;hoteller_ext_is_scrollme&quot;:&quot;false&quot;,&quot;hoteller_ext_is_smoove&quot;:&quot;false&quot;,&quot;hoteller_ext_is_parallax_mouse&quot;:&quot;false&quot;,&quot;hoteller_ext_is_infinite&quot;:&quot;false&quot;,&quot;hoteller_ext_is_fadeout_animation&quot;:&quot;false&quot;,&quot;hoteller_ext_mobile_static&quot;:&quot;false&quot;}\" data-widget_type=\"hoteller-slider-horizontal.default\">\n\t\t\t\t<div class=\"elementor-widget-container\">\n\t\t\t\t\t<div class=\"tg_horizontal_slider_wrapper\" data-autoplay=\"3000\" data-loop=\"1\" data-navigation=\"1\" data-pagination=\"1\" data-fullscreen=\"0\">\n\t\t<div class=\"tg_horizontal_slider_cell  title_align_left\" style=\"height:500px;\">\n\t\t\t<div class=\"tg_horizontal_slider_content\" style=\"padding:60px;\">\n\t\t\t\t<div class=\"tg_horizontal_slider_content_wrap\">\n\t\t\t\t\t<div class=\"tg_horizontal_slider_content_cell\">\n\t\t\t\t\t\t\t\t\t\t     \t\t<div class=\"tg_horizontal_slide_content_title\"><h2>CITY GUIDE <\/h2><\/div>\n\t\t\t\t     \t\t\t\t\t\t\t\t<div class=\"tg_horizontal_slide_content_desc\"><p>Vilnius is the capital of Lithuania and there are many institutions and museums to visit. \nTo find out more about places to visit, visit the GoVilnius page\n<\/p><\/div>\n\t\t\t\t\t\t\t\t\t\t\t\t<a class=\"tg_horizontal_slide_content_link\" href=\"https:\/\/www.govilnius.lt\/aplankykite\/lankytinos-vietos%20\" >FIND OUT MORE<\/a>\n\t\t\t\t\t\t\t\t\t\t\t<\/div>\n\t\t\t\t<\/div>\n\t\t\t<\/div>\n\t\t\t\n\t\t\t\t\t\t<div class=\"tg_horizontal_slider_bg\">\n\t\t\t\t<div class=\"tg_horizontal_slider_bg_two_cols\" style=\"background-image:url(https:\/\/loftinnhotels.com\/wp-content\/uploads\/2024\/01\/Screenshot_3.jpg);\"><\/div>\n\t\t\t\t\n\t\t\t\t<div class=\"tg_horizontal_slider_bg_two_cols last\">\n\t\t\t\t\t<div class=\"tg_horizontal_slider_bg_two_rows\" style=\"background-image:url(https:\/\/loftinnhotels.com\/wp-content\/uploads\/2018\/06\/michael-browning-188999.jpg);\"><\/div>\n\t\t\t\t\n\t\t\t\t\t<div class=\"tg_horizontal_slider_bg_two_rows last\" style=\"background-image:url(https:\/\/loftinnhotels.com\/wp-content\/uploads\/2023\/12\/fototo.jpg);\"><\/div>\n\t\t\t\t<\/div>\n\t\t\t<\/div>\n\t\t\t\t\t\t\n\t\t<\/div>\n\t\t<div class=\"tg_horizontal_slider_cell  title_align_left\" style=\"height:500px;\">\n\t\t\t<div class=\"tg_horizontal_slider_content\" style=\"padding:60px;\">\n\t\t\t\t<div class=\"tg_horizontal_slider_content_wrap\">\n\t\t\t\t\t<div class=\"tg_horizontal_slider_content_cell\">\n\t\t\t\t\t\t\t\t\t\t     \t\t<div class=\"tg_horizontal_slide_content_title\"><h2>EVENTS IN VILNIUS<\/h2><\/div>\n\t\t\t\t     \t\t\t\t\t\t\t\t<div class=\"tg_horizontal_slide_content_desc\"><p>Want to find out what events are happening in Vilnius right now? <\/p><\/div>\n\t\t\t\t\t\t\t\t\t\t\t\t<a class=\"tg_horizontal_slide_content_link\" href=\"https:\/\/renginiai.kasvyksta.lt\/vilnius\" >Find events<\/a>\n\t\t\t\t\t\t\t\t\t\t\t<\/div>\n\t\t\t\t<\/div>\n\t\t\t<\/div>\n\t\t\t\n\t\t\t\t\t\t<div class=\"tg_horizontal_slider_bg\">\n\t\t\t\t<div class=\"tg_horizontal_slider_bg_two_cols\" style=\"background-image:url(https:\/\/loftinnhotels.com\/wp-content\/uploads\/2024\/01\/Screenshot_1.jpg);\"><\/div>\n\t\t\t\t\n\t\t\t\t<div class=\"tg_horizontal_slider_bg_two_cols last\">\n\t\t\t\t\t<div class=\"tg_horizontal_slider_bg_two_rows\" style=\"background-image:url(https:\/\/loftinnhotels.com\/wp-content\/uploads\/2018\/06\/casey-lee-105763-unsplash.jpg);\"><\/div>\n\t\t\t\t\n\t\t\t\t\t<div class=\"tg_horizontal_slider_bg_two_rows last\" style=\"background-image:url(https:\/\/loftinnhotels.com\/wp-content\/uploads\/2024\/01\/sestafoto.jpg);\"><\/div>\n\t\t\t\t<\/div>\n\t\t\t<\/div>\n\t\t\t\t\t\t\n\t\t<\/div>\n\t\t<div class=\"tg_horizontal_slider_cell  title_align_left\" style=\"height:500px;\">\n\t\t\t<div class=\"tg_horizontal_slider_content\" style=\"padding:60px;\">\n\t\t\t\t<div class=\"tg_horizontal_slider_content_wrap\">\n\t\t\t\t\t<div class=\"tg_horizontal_slider_content_cell\">\n\t\t\t\t\t\t\t\t\t\t     \t\t<div class=\"tg_horizontal_slide_content_title\"><h2>GET AROUND VILNIUS AND THE AREAS<\/h2><\/div>\n\t\t\t\t     \t\t\t\t\t\t\t\t<div class=\"tg_horizontal_slide_content_desc\"><p>Vilnius is more than 700 years old and offers not only a wealth of attractions, but also exciting leisure opportunities to suit every traveller's taste.<\/p><\/div>\n\t\t\t\t\t\t\t\t\t\t\t\t<a class=\"tg_horizontal_slide_content_link\" href=\"https:\/\/www.govilnius.lt\/suplanuokite-kelione\" >Places to visit<\/a>\n\t\t\t\t\t\t\t\t\t\t\t<\/div>\n\t\t\t\t<\/div>\n\t\t\t<\/div>\n\t\t\t\n\t\t\t\t\t\t<div class=\"tg_horizontal_slider_bg\">\n\t\t\t\t<div class=\"tg_horizontal_slider_bg_two_cols\" style=\"background-image:url(https:\/\/loftinnhotels.com\/wp-content\/uploads\/2018\/06\/dan-7kidz-611623-unsplash.jpg);\"><\/div>\n\t\t\t\t\n\t\t\t\t<div class=\"tg_horizontal_slider_bg_two_cols last\">\n\t\t\t\t\t<div class=\"tg_horizontal_slider_bg_two_rows\" style=\"background-image:url(https:\/\/loftinnhotels.com\/wp-content\/uploads\/2018\/06\/jesse-schoff-253559-unsplash.jpg);\"><\/div>\n\t\t\t\t\n\t\t\t\t\t<div class=\"tg_horizontal_slider_bg_two_rows last\" style=\"background-image:url(https:\/\/loftinnhotels.com\/wp-content\/uploads\/2018\/06\/guilherme-stecanella-587579-unsplash.jpg);\"><\/div>\n\t\t\t\t<\/div>\n\t\t\t<\/div>\n\t\t\t\t\t\t\n\t\t<\/div>\n<\/div>\n\t\t\t\t<\/div>\n\t\t\t\t<\/div>\n\t\t\t\t\t<\/div>\n\t\t<\/div>\n\t\t\t\t\t<\/div>\n\t\t<\/section>\n\t\t\t\t<\/div>","protected":false},"excerpt":{"rendered":"<p>MIESTO GIDAS K\u0104 APLANKYTI VILNIUJE IR JO APYLINK\u0116SE MIESTO GIDAS Vilnius \u2013 Lietuvos sostin\u0117, tod\u0117l \u010dia daug \u012fsik\u016brusi\u0173 \u012fstaig\u0173 ir muziej\u0173, kuriuos verta aplankyti. Daugiau apie lankytinas vietas su\u017einokite apsilank\u0119 GoVilnius interneto svetain\u0117je. Su\u017einoti daugiau RENGINIAI VILNIUJE Norite su\u017einoti, kokie [&hellip;]<\/p>\n","protected":false},"author":1,"featured_media":0,"parent":0,"menu_order":0,"comment_status":"closed","ping_status":"closed","template":"","meta":{"footnotes":""},"class_list":["post-4405","page","type-page","status-publish","hentry"],"yoast_head":"<!-- This site is optimized with the Yoast SEO plugin v27.3 - https:\/\/yoast.com\/product\/yoast-seo-wordpress\/ -->\n<title>City guide: what to do in Vilnius? Loftinnhotels.com<\/title>\n<meta name=\"description\" content=\"Events in Vilnius. What to do and how to get around Vilnius? Loft Inn Hotel will not only take care of your accommodation, but also introduce you to the beautiful city of Vilnius.\" \/>\n<meta name=\"robots\" content=\"index, follow, max-snippet:-1, max-image-preview:large, max-video-preview:-1\" \/>\n<link rel=\"canonical\" href=\"https:\/\/loftinnhotels.com\/en\/city-guide\/\" \/>\n<meta property=\"og:locale\" content=\"en_US\" \/>\n<meta property=\"og:type\" content=\"article\" \/>\n<meta property=\"og:title\" content=\"City guide: what to do in Vilnius? Loftinnhotels.com\" \/>\n<meta property=\"og:description\" content=\"Events in Vilnius. What to do and how to get around Vilnius? Loft Inn Hotel will not only take care of your accommodation, but also introduce you to the beautiful city of Vilnius.\" \/>\n<meta property=\"og:url\" content=\"https:\/\/loftinnhotels.com\/en\/city-guide\/\" \/>\n<meta property=\"og:site_name\" content=\"Loftinnhotels.com\" \/>\n<meta property=\"article:modified_time\" content=\"2024-03-15T10:59:50+00:00\" \/>\n<meta name=\"twitter:card\" content=\"summary_large_image\" \/>\n<meta name=\"twitter:label1\" content=\"Est. reading time\" \/>\n\t<meta name=\"twitter:data1\" content=\"1 minute\" \/>\n<script type=\"application\/ld+json\" class=\"yoast-schema-graph\">{\"@context\":\"https:\\\/\\\/schema.org\",\"@graph\":[{\"@type\":\"WebPage\",\"@id\":\"https:\\\/\\\/loftinnhotels.com\\\/miesto-gidas\\\/\",\"url\":\"https:\\\/\\\/loftinnhotels.com\\\/miesto-gidas\\\/\",\"name\":\"City guide: what to do in Vilnius? Loftinnhotels.com\",\"isPartOf\":{\"@id\":\"https:\\\/\\\/loftinnhotels.com\\\/#website\"},\"datePublished\":\"2024-01-25T10:52:49+00:00\",\"dateModified\":\"2024-03-15T10:59:50+00:00\",\"description\":\"Events in Vilnius. What to do and how to get around Vilnius? Loft Inn Hotel will not only take care of your accommodation, but also introduce you to the beautiful city of Vilnius.\",\"breadcrumb\":{\"@id\":\"https:\\\/\\\/loftinnhotels.com\\\/miesto-gidas\\\/#breadcrumb\"},\"inLanguage\":\"en-US\",\"potentialAction\":[{\"@type\":\"ReadAction\",\"target\":[\"https:\\\/\\\/loftinnhotels.com\\\/miesto-gidas\\\/\"]}]},{\"@type\":\"BreadcrumbList\",\"@id\":\"https:\\\/\\\/loftinnhotels.com\\\/miesto-gidas\\\/#breadcrumb\",\"itemListElement\":[{\"@type\":\"ListItem\",\"position\":1,\"name\":\"Home\",\"item\":\"https:\\\/\\\/loftinnhotels.com\\\/\"},{\"@type\":\"ListItem\",\"position\":2,\"name\":\"Miesto gidas\"}]},{\"@type\":\"WebSite\",\"@id\":\"https:\\\/\\\/loftinnhotels.com\\\/#website\",\"url\":\"https:\\\/\\\/loftinnhotels.com\\\/\",\"name\":\"Loftinnhotels.com\",\"description\":\"Siekiate auk\u0161tum\u0173? Kylam \u012f Loft Inn! \",\"potentialAction\":[{\"@type\":\"SearchAction\",\"target\":{\"@type\":\"EntryPoint\",\"urlTemplate\":\"https:\\\/\\\/loftinnhotels.com\\\/?s={search_term_string}\"},\"query-input\":{\"@type\":\"PropertyValueSpecification\",\"valueRequired\":true,\"valueName\":\"search_term_string\"}}],\"inLanguage\":\"en-US\"}]}<\/script>\n<!-- \/ Yoast SEO plugin. -->","yoast_head_json":{"title":"City guide: what to do in Vilnius? loftinnhotels.com","description":"Events in Vilnius. What to do and how to get around Vilnius? Loft Inn Hotel will not only take care of your accommodation, but also introduce you to the beautiful city of Vilnius.","robots":{"index":"index","follow":"follow","max-snippet":"max-snippet:-1","max-image-preview":"max-image-preview:large","max-video-preview":"max-video-preview:-1"},"canonical":"https:\/\/loftinnhotels.com\/en\/city-guide\/","og_locale":"en_US","og_type":"article","og_title":"City guide: what to do in Vilnius? Loftinnhotels.com","og_description":"Events in Vilnius. What to do and how to get around Vilnius? Loft Inn Hotel will not only take care of your accommodation, but also introduce you to the beautiful city of Vilnius.","og_url":"https:\/\/loftinnhotels.com\/en\/city-guide\/","og_site_name":"Loftinnhotels.com","article_modified_time":"2024-03-15T10:59:50+00:00","twitter_card":"summary_large_image","twitter_misc":{"Est. reading time":"1 minute"},"schema":{"@context":"https:\/\/schema.org","@graph":[{"@type":"WebPage","@id":"https:\/\/loftinnhotels.com\/miesto-gidas\/","url":"https:\/\/loftinnhotels.com\/miesto-gidas\/","name":"City guide: what to do in Vilnius? loftinnhotels.com","isPartOf":{"@id":"https:\/\/loftinnhotels.com\/#website"},"datePublished":"2024-01-25T10:52:49+00:00","dateModified":"2024-03-15T10:59:50+00:00","description":"Events in Vilnius. What to do and how to get around Vilnius? Loft Inn Hotel will not only take care of your accommodation, but also introduce you to the beautiful city of Vilnius.","breadcrumb":{"@id":"https:\/\/loftinnhotels.com\/miesto-gidas\/#breadcrumb"},"inLanguage":"en-US","potentialAction":[{"@type":"ReadAction","target":["https:\/\/loftinnhotels.com\/miesto-gidas\/"]}]},{"@type":"BreadcrumbList","@id":"https:\/\/loftinnhotels.com\/miesto-gidas\/#breadcrumb","itemListElement":[{"@type":"ListItem","position":1,"name":"Home","item":"https:\/\/loftinnhotels.com\/"},{"@type":"ListItem","position":2,"name":"Miesto gidas"}]},{"@type":"WebSite","@id":"https:\/\/loftinnhotels.com\/#website","url":"https:\/\/loftinnhotels.com\/","name":"Loftinnhotels.com","description":"Are you reaching for heights? Let&#039;s go up to Loft Inn!","potentialAction":[{"@type":"SearchAction","target":{"@type":"EntryPoint","urlTemplate":"https:\/\/loftinnhotels.com\/?s={search_term_string}"},"query-input":{"@type":"PropertyValueSpecification","valueRequired":true,"valueName":"search_term_string"}}],"inLanguage":"en-US"}]}},"_links":{"self":[{"href":"https:\/\/loftinnhotels.com\/en\/wp-json\/wp\/v2\/pages\/4405","targetHints":{"allow":["GET"]}}],"collection":[{"href":"https:\/\/loftinnhotels.com\/en\/wp-json\/wp\/v2\/pages"}],"about":[{"href":"https:\/\/loftinnhotels.com\/en\/wp-json\/wp\/v2\/types\/page"}],"author":[{"embeddable":true,"href":"https:\/\/loftinnhotels.com\/en\/wp-json\/wp\/v2\/users\/1"}],"replies":[{"embeddable":true,"href":"https:\/\/loftinnhotels.com\/en\/wp-json\/wp\/v2\/comments?post=4405"}],"version-history":[{"count":49,"href":"https:\/\/loftinnhotels.com\/en\/wp-json\/wp\/v2\/pages\/4405\/revisions"}],"predecessor-version":[{"id":5747,"href":"https:\/\/loftinnhotels.com\/en\/wp-json\/wp\/v2\/pages\/4405\/revisions\/5747"}],"wp:attachment":[{"href":"https:\/\/loftinnhotels.com\/en\/wp-json\/wp\/v2\/media?parent=4405"}],"curies":[{"name":"wp","href":"https:\/\/api.w.org\/{rel}","templated":true}]}}