
{"id":204,"date":"2018-06-13T11:45:42","date_gmt":"2018-06-13T11:45:42","guid":{"rendered":"https:\/\/hotellerv1.themegoods.com\/\/?page_id=204"},"modified":"2018-06-13T11:45:42","modified_gmt":"2018-06-13T11:45:42","slug":"our-rooms","status":"publish","type":"page","link":"https:\/\/loftinnhotels.com\/pl\/our-rooms\/","title":{"rendered":"Nasze pokoje"},"content":{"rendered":"<div data-elementor-type=\"wp-post\" data-elementor-id=\"204\" class=\"elementor elementor-204\">\n\t\t\t\t\t\t<section class=\"elementor-section elementor-top-section elementor-element elementor-element-1455370 elementor-section-stretched elementor-section-height-min-height elementor-section-full_width elementor-section-height-default elementor-section-items-middle\" data-id=\"1455370\" data-element_type=\"section\" data-settings=\"{&quot;stretch_section&quot;:&quot;section-stretched&quot;,&quot;background_background&quot;:&quot;classic&quot;,&quot;hoteller_ext_is_background_parallax&quot;:&quot;false&quot;,&quot;hoteller_ext_is_background_on_scroll&quot;:&quot;false&quot;}\">\n\t\t\t\t\t\t\t<div class=\"elementor-background-overlay\"><\/div>\n\t\t\t\t\t\t\t<div class=\"elementor-container elementor-column-gap-default\">\n\t\t\t\t\t<div class=\"elementor-column elementor-col-100 elementor-top-column elementor-element elementor-element-f011a00\" data-id=\"f011a00\" data-element_type=\"column\" data-settings=\"{&quot;hoteller_ext_link_sidemenu&quot;:&quot;false&quot;,&quot;hoteller_ext_link_fullmenu&quot;:&quot;false&quot;,&quot;hoteller_ext_link_closed_fullmenu&quot;:&quot;false&quot;,&quot;hoteller_ext_is_scrollme&quot;:&quot;false&quot;,&quot;hoteller_ext_is_smoove&quot;:&quot;false&quot;,&quot;hoteller_ext_is_parallax_mouse&quot;:&quot;false&quot;,&quot;hoteller_ext_is_infinite&quot;:&quot;false&quot;,&quot;hoteller_ext_is_fadeout_animation&quot;:&quot;false&quot;,&quot;hoteller_ext_mobile_static&quot;:&quot;false&quot;}\">\n\t\t\t<div class=\"elementor-widget-wrap elementor-element-populated\">\n\t\t\t\t\t\t<div class=\"elementor-element elementor-element-f0e1a3c elementor-invisible elementor-widget elementor-widget-heading\" data-id=\"f0e1a3c\" data-element_type=\"widget\" data-settings=\"{&quot;_animation&quot;:&quot;fadeIn&quot;,&quot;hoteller_ext_link_sidemenu&quot;:&quot;false&quot;,&quot;hoteller_ext_link_fullmenu&quot;:&quot;false&quot;,&quot;hoteller_ext_link_closed_fullmenu&quot;:&quot;false&quot;,&quot;hoteller_ext_is_scrollme&quot;:&quot;false&quot;,&quot;hoteller_ext_is_smoove&quot;:&quot;false&quot;,&quot;hoteller_ext_is_parallax_mouse&quot;:&quot;false&quot;,&quot;hoteller_ext_is_infinite&quot;:&quot;false&quot;,&quot;hoteller_ext_is_fadeout_animation&quot;:&quot;false&quot;,&quot;hoteller_ext_mobile_static&quot;:&quot;false&quot;}\" data-widget_type=\"heading.default\">\n\t\t\t\t<div class=\"elementor-widget-container\">\n\t\t\t\t\t<h1 class=\"elementor-heading-title elementor-size-default\">Nasze pokoje<\/h1>\t\t\t\t<\/div>\n\t\t\t\t<\/div>\n\t\t\t\t<div class=\"elementor-element elementor-element-a29b869 elementor-invisible elementor-widget elementor-widget-heading\" data-id=\"a29b869\" data-element_type=\"widget\" data-settings=\"{&quot;_animation&quot;:&quot;fadeIn&quot;,&quot;_animation_delay&quot;:100,&quot;hoteller_ext_link_sidemenu&quot;:&quot;false&quot;,&quot;hoteller_ext_link_fullmenu&quot;:&quot;false&quot;,&quot;hoteller_ext_link_closed_fullmenu&quot;:&quot;false&quot;,&quot;hoteller_ext_is_scrollme&quot;:&quot;false&quot;,&quot;hoteller_ext_is_smoove&quot;:&quot;false&quot;,&quot;hoteller_ext_is_parallax_mouse&quot;:&quot;false&quot;,&quot;hoteller_ext_is_infinite&quot;:&quot;false&quot;,&quot;hoteller_ext_is_fadeout_animation&quot;:&quot;false&quot;,&quot;hoteller_ext_mobile_static&quot;:&quot;false&quot;}\" data-widget_type=\"heading.default\">\n\t\t\t\t<div class=\"elementor-widget-container\">\n\t\t\t\t\t<h5 class=\"elementor-heading-title elementor-size-default\">Discover hoteller\u2019s luxury living<\/h5>\t\t\t\t<\/div>\n\t\t\t\t<\/div>\n\t\t\t\t\t<\/div>\n\t\t<\/div>\n\t\t\t\t\t<\/div>\n\t\t<\/section>\n\t\t\t\t<section class=\"elementor-section elementor-top-section elementor-element elementor-element-f668637 elementor-section-stretched elementor-section-full_width elementor-section-height-default elementor-section-height-default\" data-id=\"f668637\" data-element_type=\"section\" data-settings=\"{&quot;stretch_section&quot;:&quot;section-stretched&quot;,&quot;hoteller_ext_is_background_parallax&quot;:&quot;false&quot;,&quot;hoteller_ext_is_background_on_scroll&quot;:&quot;false&quot;}\">\n\t\t\t\t\t\t<div class=\"elementor-container elementor-column-gap-default\">\n\t\t\t\t\t<div class=\"elementor-column elementor-col-100 elementor-top-column elementor-element elementor-element-858096b\" data-id=\"858096b\" data-element_type=\"column\" data-settings=\"{&quot;hoteller_ext_link_sidemenu&quot;:&quot;false&quot;,&quot;hoteller_ext_link_fullmenu&quot;:&quot;false&quot;,&quot;hoteller_ext_link_closed_fullmenu&quot;:&quot;false&quot;,&quot;hoteller_ext_is_scrollme&quot;:&quot;false&quot;,&quot;hoteller_ext_is_smoove&quot;:&quot;false&quot;,&quot;hoteller_ext_is_parallax_mouse&quot;:&quot;false&quot;,&quot;hoteller_ext_is_infinite&quot;:&quot;false&quot;,&quot;hoteller_ext_is_fadeout_animation&quot;:&quot;false&quot;,&quot;hoteller_ext_mobile_static&quot;:&quot;false&quot;}\">\n\t\t\t<div class=\"elementor-widget-wrap elementor-element-populated\">\n\t\t\t\t\t\t<div class=\"elementor-element elementor-element-ef0e353 elementor-widget elementor-widget-hoteller-distortion-grid\" data-id=\"ef0e353\" data-element_type=\"widget\" data-settings=\"{&quot;hoteller_ext_link_sidemenu&quot;:&quot;false&quot;,&quot;hoteller_ext_link_fullmenu&quot;:&quot;false&quot;,&quot;hoteller_ext_link_closed_fullmenu&quot;:&quot;false&quot;,&quot;hoteller_ext_is_scrollme&quot;:&quot;false&quot;,&quot;hoteller_ext_is_smoove&quot;:&quot;false&quot;,&quot;hoteller_ext_is_parallax_mouse&quot;:&quot;false&quot;,&quot;hoteller_ext_is_infinite&quot;:&quot;false&quot;,&quot;hoteller_ext_is_fadeout_animation&quot;:&quot;false&quot;,&quot;hoteller_ext_mobile_static&quot;:&quot;false&quot;}\" data-widget_type=\"hoteller-distortion-grid.default\">\n\t\t\t\t<div class=\"elementor-widget-container\">\n\t\t\t\t\t<div class=\"distortion_grid_wrapper\">\n\t\t<div class=\"distortion_grid_item distortion_grid_item--bg theme-3\">\n\t\t\t<div class=\"distortion_grid_item-img\" data-displacement=\"https:\/\/loftinnhotels.com\/wp-content\/plugins\/hoteller-elementor\/assets\/images\/distortion-grid\/4.png\" data-intensity=\"0.2\" data-speedin=\"1.6\" data-speedout=\"1.6\" >\n\t\t\t\t<img decoding=\"async\" src=\"https:\/\/loftinnhotels.com\/wp-content\/uploads\/2018\/06\/jm_molndalsv-9828.jpg\" alt=\"\"\/>\n\t\t\t\t<img decoding=\"async\" src=\"https:\/\/loftinnhotels.com\/wp-content\/uploads\/2018\/06\/sylwia-pietruszka-218324-unsplash.jpg\" alt=\"\"\/>\n\t\t\t<\/div>\n\t\t\t<div class=\"distortion_grid_item-content\">\n\t\t\t\t<span class=\"distortion_grid_item-meta\">from $199<\/span>\n\t\t\t\t<h2 class=\"distortion_grid_item-title\">Superior Room<\/h2>\n\t\t\t\t<div class=\"distortion_grid_item-subtitle\">\n\t\t\t\t\t<span><\/span>\n\t\t\t\t\t<a class=\"distortion_grid_item-link\" href=\"https:\/\/loftinnhotels.com\/pl\/accommodation\/superior-room\/\" >Book now<\/a>\n\t\t\t\t<\/div>\n\t\t\t<\/div>\n\t\t<\/div>\n\t\t<div class=\"distortion_grid_item distortion_grid_item--bg theme-3\">\n\t\t\t<div class=\"distortion_grid_item-img\" data-displacement=\"https:\/\/loftinnhotels.com\/wp-content\/plugins\/hoteller-elementor\/assets\/images\/distortion-grid\/4.png\" data-intensity=\"0.2\" data-speedin=\"1.6\" data-speedout=\"1.6\" >\n\t\t\t\t<img decoding=\"async\" src=\"https:\/\/loftinnhotels.com\/wp-content\/uploads\/2018\/06\/christopher-jolly-616571-unsplash.jpg\" alt=\"\"\/>\n\t\t\t\t<img decoding=\"async\" src=\"https:\/\/loftinnhotels.com\/wp-content\/uploads\/2018\/06\/breather-168751.jpg\" alt=\"\"\/>\n\t\t\t<\/div>\n\t\t\t<div class=\"distortion_grid_item-content\">\n\t\t\t\t<span class=\"distortion_grid_item-meta\">from $249<\/span>\n\t\t\t\t<h2 class=\"distortion_grid_item-title\">Deluxe Room<\/h2>\n\t\t\t\t<div class=\"distortion_grid_item-subtitle\">\n\t\t\t\t\t<span><\/span>\n\t\t\t\t\t<a class=\"distortion_grid_item-link\" href=\"https:\/\/loftinnhotels.com\/pl\/accommodation\/deluxe-room\/\" >Book Now<\/a>\n\t\t\t\t<\/div>\n\t\t\t<\/div>\n\t\t<\/div>\n\t\t<div class=\"distortion_grid_item distortion_grid_item--bg theme-3\">\n\t\t\t<div class=\"distortion_grid_item-img\" data-displacement=\"https:\/\/loftinnhotels.com\/wp-content\/plugins\/hoteller-elementor\/assets\/images\/distortion-grid\/4.png\" data-intensity=\"0.2\" data-speedin=\"1.6\" data-speedout=\"1.6\" >\n\t\t\t\t<img decoding=\"async\" src=\"https:\/\/loftinnhotels.com\/wp-content\/uploads\/2018\/06\/hotel-e832b5062e.jpg\" alt=\"\"\/>\n\t\t\t\t<img decoding=\"async\" src=\"https:\/\/loftinnhotels.com\/wp-content\/uploads\/2018\/06\/armin-djuhic-609206-unsplash.jpg\" alt=\"\"\/>\n\t\t\t<\/div>\n\t\t\t<div class=\"distortion_grid_item-content\">\n\t\t\t\t<span class=\"distortion_grid_item-meta\">from $299<\/span>\n\t\t\t\t<h2 class=\"distortion_grid_item-title\">Signature Room<\/h2>\n\t\t\t\t<div class=\"distortion_grid_item-subtitle\">\n\t\t\t\t\t<span><\/span>\n\t\t\t\t\t<a class=\"distortion_grid_item-link\" href=\"https:\/\/loftinnhotels.com\/pl\/accommodation\/signature-room\/\" >Book Now<\/a>\n\t\t\t\t<\/div>\n\t\t\t<\/div>\n\t\t<\/div>\n\t\t<div class=\"distortion_grid_item distortion_grid_item--bg theme-3\">\n\t\t\t<div class=\"distortion_grid_item-img\" data-displacement=\"https:\/\/loftinnhotels.com\/wp-content\/plugins\/hoteller-elementor\/assets\/images\/distortion-grid\/4.png\" data-intensity=\"0.2\" data-speedin=\"1.6\" data-speedout=\"1.6\" >\n\t\t\t\t<img decoding=\"async\" src=\"https:\/\/loftinnhotels.com\/wp-content\/uploads\/2018\/06\/a-black-and-white-bachelor-pad-in-brooklyn-home-tour-lonny-for-brownstone-apartment-designer-dan-mazzarini-melded-historic-architecture-modern-masculine_hotel-interior-black-and-white_hotel_hotel-desi.jpg\" alt=\"\"\/>\n\t\t\t\t<img decoding=\"async\" src=\"https:\/\/loftinnhotels.com\/wp-content\/uploads\/2018\/06\/rhema-kallianpur-275251-unsplash.jpg\" alt=\"\"\/>\n\t\t\t<\/div>\n\t\t\t<div class=\"distortion_grid_item-content\">\n\t\t\t\t<span class=\"distortion_grid_item-meta\">from $399<\/span>\n\t\t\t\t<h2 class=\"distortion_grid_item-title\">Luxury Suite Room<\/h2>\n\t\t\t\t<div class=\"distortion_grid_item-subtitle\">\n\t\t\t\t\t<span><\/span>\n\t\t\t\t\t<a class=\"distortion_grid_item-link\" href=\"https:\/\/loftinnhotels.com\/pl\/accommodation\/luxury-suite-room\/\" >Book Now<\/a>\n\t\t\t\t<\/div>\n\t\t\t<\/div>\n\t\t<\/div>\n<\/div>\n\t\t\t\t<\/div>\n\t\t\t\t<\/div>\n\t\t\t\t\t<\/div>\n\t\t<\/div>\n\t\t\t\t\t<\/div>\n\t\t<\/section>\n\t\t\t\t<\/div>","protected":false},"excerpt":{"rendered":"<p>Our Rooms Discover hoteller\u2019s luxury living from $199 Superior Room Book now from $249 Deluxe Room Book Now from $299 Signature Room Book Now from $399 Luxury Suite Room Book Now<\/p>","protected":false},"author":1,"featured_media":0,"parent":0,"menu_order":0,"comment_status":"closed","ping_status":"closed","template":"","meta":{"footnotes":""},"class_list":["post-204","page","type-page","status-publish","hentry"],"yoast_head":"<!-- This site is optimized with the Yoast SEO plugin v24.9 - https:\/\/yoast.com\/wordpress\/plugins\/seo\/ -->\n<title>Our Rooms - Loftinnhotels.com<\/title>\n<meta name=\"robots\" content=\"index, follow, max-snippet:-1, max-image-preview:large, max-video-preview:-1\" \/>\n<link rel=\"canonical\" href=\"https:\/\/loftinnhotels.com\/pl\/our-rooms\/\" \/>\n<meta property=\"og:locale\" content=\"pl_PL\" \/>\n<meta property=\"og:type\" content=\"article\" \/>\n<meta property=\"og:title\" content=\"Our Rooms - Loftinnhotels.com\" \/>\n<meta property=\"og:description\" content=\"Our Rooms Discover hoteller\u2019s luxury living from $199 Superior Room Book now from $249 Deluxe Room Book Now from $299 Signature Room Book Now from $399 Luxury Suite Room Book Now\" \/>\n<meta property=\"og:url\" content=\"https:\/\/loftinnhotels.com\/pl\/our-rooms\/\" \/>\n<meta property=\"og:site_name\" content=\"Loftinnhotels.com\" \/>\n<meta property=\"og:image\" content=\"https:\/\/hotellerv1.themegoods.com\/\/wp-content\/uploads\/2018\/06\/jm_molndalsv-9828-610x610.jpg\" \/>\n<meta name=\"twitter:card\" content=\"summary_large_image\" \/>\n<script type=\"application\/ld+json\" class=\"yoast-schema-graph\">{\"@context\":\"https:\/\/schema.org\",\"@graph\":[{\"@type\":\"WebPage\",\"@id\":\"https:\/\/loftinnhotels.com\/our-rooms\/\",\"url\":\"https:\/\/loftinnhotels.com\/our-rooms\/\",\"name\":\"Our Rooms - Loftinnhotels.com\",\"isPartOf\":{\"@id\":\"https:\/\/loftinnhotels.com\/#website\"},\"primaryImageOfPage\":{\"@id\":\"https:\/\/loftinnhotels.com\/our-rooms\/#primaryimage\"},\"image\":{\"@id\":\"https:\/\/loftinnhotels.com\/our-rooms\/#primaryimage\"},\"thumbnailUrl\":\"https:\/\/hotellerv1.themegoods.com\/\/wp-content\/uploads\/2018\/06\/jm_molndalsv-9828-610x610.jpg\",\"datePublished\":\"2018-06-13T11:45:42+00:00\",\"breadcrumb\":{\"@id\":\"https:\/\/loftinnhotels.com\/our-rooms\/#breadcrumb\"},\"inLanguage\":\"pl-PL\",\"potentialAction\":[{\"@type\":\"ReadAction\",\"target\":[\"https:\/\/loftinnhotels.com\/our-rooms\/\"]}]},{\"@type\":\"ImageObject\",\"inLanguage\":\"pl-PL\",\"@id\":\"https:\/\/loftinnhotels.com\/our-rooms\/#primaryimage\",\"url\":\"https:\/\/hotellerv1.themegoods.com\/\/wp-content\/uploads\/2018\/06\/jm_molndalsv-9828-610x610.jpg\",\"contentUrl\":\"https:\/\/hotellerv1.themegoods.com\/\/wp-content\/uploads\/2018\/06\/jm_molndalsv-9828-610x610.jpg\"},{\"@type\":\"BreadcrumbList\",\"@id\":\"https:\/\/loftinnhotels.com\/our-rooms\/#breadcrumb\",\"itemListElement\":[{\"@type\":\"ListItem\",\"position\":1,\"name\":\"Home\",\"item\":\"https:\/\/loftinnhotels.com\/\"},{\"@type\":\"ListItem\",\"position\":2,\"name\":\"Our Rooms\"}]},{\"@type\":\"WebSite\",\"@id\":\"https:\/\/loftinnhotels.com\/#website\",\"url\":\"https:\/\/loftinnhotels.com\/\",\"name\":\"Loftinnhotels.com\",\"description\":\"Siekiate auk\u0161tum\u0173? Kylam \u012f Loft Inn! \",\"potentialAction\":[{\"@type\":\"SearchAction\",\"target\":{\"@type\":\"EntryPoint\",\"urlTemplate\":\"https:\/\/loftinnhotels.com\/?s={search_term_string}\"},\"query-input\":{\"@type\":\"PropertyValueSpecification\",\"valueRequired\":true,\"valueName\":\"search_term_string\"}}],\"inLanguage\":\"pl-PL\"}]}<\/script>\n<!-- \/ Yoast SEO plugin. -->","yoast_head_json":{"title":"Our Rooms - Loftinnhotels.com","robots":{"index":"index","follow":"follow","max-snippet":"max-snippet:-1","max-image-preview":"max-image-preview:large","max-video-preview":"max-video-preview:-1"},"canonical":"https:\/\/loftinnhotels.com\/pl\/our-rooms\/","og_locale":"pl_PL","og_type":"article","og_title":"Our Rooms - Loftinnhotels.com","og_description":"Our Rooms Discover hoteller\u2019s luxury living from $199 Superior Room Book now from $249 Deluxe Room Book Now from $299 Signature Room Book Now from $399 Luxury Suite Room Book Now","og_url":"https:\/\/loftinnhotels.com\/pl\/our-rooms\/","og_site_name":"Loftinnhotels.com","og_image":[{"url":"https:\/\/hotellerv1.themegoods.com\/\/wp-content\/uploads\/2018\/06\/jm_molndalsv-9828-610x610.jpg","type":"","width":"","height":""}],"twitter_card":"summary_large_image","schema":{"@context":"https:\/\/schema.org","@graph":[{"@type":"WebPage","@id":"https:\/\/loftinnhotels.com\/our-rooms\/","url":"https:\/\/loftinnhotels.com\/our-rooms\/","name":"Our Rooms - Loftinnhotels.com","isPartOf":{"@id":"https:\/\/loftinnhotels.com\/#website"},"primaryImageOfPage":{"@id":"https:\/\/loftinnhotels.com\/our-rooms\/#primaryimage"},"image":{"@id":"https:\/\/loftinnhotels.com\/our-rooms\/#primaryimage"},"thumbnailUrl":"https:\/\/hotellerv1.themegoods.com\/\/wp-content\/uploads\/2018\/06\/jm_molndalsv-9828-610x610.jpg","datePublished":"2018-06-13T11:45:42+00:00","breadcrumb":{"@id":"https:\/\/loftinnhotels.com\/our-rooms\/#breadcrumb"},"inLanguage":"pl-PL","potentialAction":[{"@type":"ReadAction","target":["https:\/\/loftinnhotels.com\/our-rooms\/"]}]},{"@type":"ImageObject","inLanguage":"pl-PL","@id":"https:\/\/loftinnhotels.com\/our-rooms\/#primaryimage","url":"https:\/\/hotellerv1.themegoods.com\/\/wp-content\/uploads\/2018\/06\/jm_molndalsv-9828-610x610.jpg","contentUrl":"https:\/\/hotellerv1.themegoods.com\/\/wp-content\/uploads\/2018\/06\/jm_molndalsv-9828-610x610.jpg"},{"@type":"BreadcrumbList","@id":"https:\/\/loftinnhotels.com\/our-rooms\/#breadcrumb","itemListElement":[{"@type":"ListItem","position":1,"name":"Home","item":"https:\/\/loftinnhotels.com\/"},{"@type":"ListItem","position":2,"name":"Our Rooms"}]},{"@type":"WebSite","@id":"https:\/\/loftinnhotels.com\/#website","url":"https:\/\/loftinnhotels.com\/","name":"Loftinnhotels.com","description":"Siekiate auk\u0161tum\u0173? Kylam \u012f Loft Inn! ","potentialAction":[{"@type":"SearchAction","target":{"@type":"EntryPoint","urlTemplate":"https:\/\/loftinnhotels.com\/?s={search_term_string}"},"query-input":{"@type":"PropertyValueSpecification","valueRequired":true,"valueName":"search_term_string"}}],"inLanguage":"pl-PL"}]}},"_links":{"self":[{"href":"https:\/\/loftinnhotels.com\/pl\/wp-json\/wp\/v2\/pages\/204","targetHints":{"allow":["GET"]}}],"collection":[{"href":"https:\/\/loftinnhotels.com\/pl\/wp-json\/wp\/v2\/pages"}],"about":[{"href":"https:\/\/loftinnhotels.com\/pl\/wp-json\/wp\/v2\/types\/page"}],"author":[{"embeddable":true,"href":"https:\/\/loftinnhotels.com\/pl\/wp-json\/wp\/v2\/users\/1"}],"replies":[{"embeddable":true,"href":"https:\/\/loftinnhotels.com\/pl\/wp-json\/wp\/v2\/comments?post=204"}],"version-history":[{"count":0,"href":"https:\/\/loftinnhotels.com\/pl\/wp-json\/wp\/v2\/pages\/204\/revisions"}],"wp:attachment":[{"href":"https:\/\/loftinnhotels.com\/pl\/wp-json\/wp\/v2\/media?parent=204"}],"curies":[{"name":"wp","href":"https:\/\/api.w.org\/{rel}","templated":true}]}}