{"id":3,"date":"2023-10-02T23:45:08","date_gmt":"2023-10-02T23:45:08","guid":{"rendered":"https:\/\/loftinnhotels.com\/?page_id=3"},"modified":"2024-03-06T14:36:14","modified_gmt":"2024-03-06T14:36:14","slug":"polityka_prywatnosci","status":"publish","type":"page","link":"https:\/\/loftinnhotels.com\/pl\/polityka_prywatnosci\/","title":{"rendered":"Polityka prywatno\u015bci"},"content":{"rendered":"<div data-elementor-type=\"wp-page\" data-elementor-id=\"3\" class=\"elementor elementor-3\">\n\t\t\t\t<div class=\"elementor-element elementor-element-2bec6dca e-flex e-con-boxed e-con e-parent\" data-id=\"2bec6dca\" data-element_type=\"container\" data-e-type=\"container\">\n\t\t\t\t\t<div class=\"e-con-inner\">\n\t\t\t\t<div class=\"elementor-element elementor-element-1436f52e elementor-widget elementor-widget-text-editor\" data-id=\"1436f52e\" data-element_type=\"widget\" data-e-type=\"widget\" data-settings=\"{&quot;hoteller_ext_link_sidemenu&quot;:&quot;false&quot;,&quot;hoteller_ext_link_fullmenu&quot;:&quot;false&quot;,&quot;hoteller_ext_link_closed_fullmenu&quot;:&quot;false&quot;,&quot;hoteller_ext_is_scrollme&quot;:&quot;false&quot;,&quot;hoteller_ext_is_smoove&quot;:&quot;false&quot;,&quot;hoteller_ext_is_parallax_mouse&quot;:&quot;false&quot;,&quot;hoteller_ext_is_infinite&quot;:&quot;false&quot;,&quot;hoteller_ext_is_fadeout_animation&quot;:&quot;false&quot;,&quot;hoteller_ext_mobile_static&quot;:&quot;false&quot;}\" data-widget_type=\"text-editor.default\">\n\t\t\t\t<div class=\"elementor-widget-container\">\n\t\t\t\t\t\t\t\t\t\n<p>Cieszymy si\u0119, \u017ce odwiedzasz t\u0119 stron\u0119 i korzystasz z naszych us\u0142ug! Cenimy ka\u017cd\u0105 wsp\u00f3\u0142prac\u0119 i ka\u017cdego klienta, dlatego traktujemy prywatno\u015b\u0107 Twoich danych bardzo powa\u017cnie. Dok\u0142adamy wszelkich stara\u0144, aby Twoje dane osobowe by\u0142y przetwarzane i przechowywane w spos\u00f3b uczciwy i zgodny z prawem, ale tak\u017ce aby komunikowa\u0107 si\u0119 na ten temat w spos\u00f3b mo\u017cliwie najbardziej przejrzysty i jasny.<\/p>\n<p>Dlatego w niniejszej Polityce Prywatno\u015bci przedstawiamy:<\/p>\n<ul>\n<li>jakie Twoje dane osobowe przetwarzamy<\/li>\n<li>w jakich celach je przetwarzamy<\/li>\n<li>na jakiej podstawie to przetwarzamy<\/li>\n<li>Jak d\u0142ugo przechowujemy?<\/li>\n<li>i inne informacje istotne dla Ciebie<\/li>\n<\/ul>\n<p class=\"translation-block\">Przeczytaj uwa\u017cnie ten dokument, poniewa\u017c za ka\u017cdym razem, gdy odwiedzasz <\/em><a href=\"https:\/\/loftinnhotels.com\/pl\/\" target=\"_self\"><em>https:\/\/loftinnhotels.com\/<\/em><\/a> <em>stron\u0119 internetow\u0105, niezale\u017cnie od u\u017cywanego urz\u0105dzenia lub korzystania z naszych us\u0142ug, zgadzasz si\u0119 na warunki opisane w niniejszej Polityce prywatno\u015bci. Je\u015bli nie zgadzasz si\u0119 z tymi warunkami, uprzejmie prosimy o nieodwiedzanie naszej witryny internetowej i niekorzystanie z naszych tre\u015bci i\/lub us\u0142ug.<\/em><\/p>\n<p><strong>\u00a0<\/strong><em>Niniejsza Polityka Prywatno\u015bci mo\u017ce ulec zmianie bez wcze\u015bniejszego powiadomienia, dlatego prosimy o jej sprawdzenie przy ka\u017cdej wizycie na naszej stronie internetowej.<\/em><\/p>\n<p><strong>\u00a0<\/strong><strong>KIM JESTE\u015aMY?<\/strong><\/p>\n<p><strong>\u00a0<\/strong>Nasze wymagania:<\/p>\n<div dir=\"auto\">\n<ul>\n<li><strong>HOSTLITA, UAB<\/strong><\/li>\n<li>Kod firmy: 303491867<\/li>\n<li>Kod VAT: LT100009136817<\/li>\n<li>Adres: ul. Gele\u017einkelio. 6, Wilno<\/li>\n<li>Telefon:\u00a0<a href=\"tel:+37065805189\" target=\"_blank\" rel=\"noopener noreferrer\">+370\u00a0600 11 600<\/a><\/li>\n<li>E-mail:\u00a0<a href=\"mailto:info@loftinnhotels.com\" rel=\"noreferrer\">info@loftinnhotels.com<\/a><\/li>\n<\/ul>\n<\/div>\n<p class=\"translation-block\"><strong>Je\u015bli masz mniej ni\u017c 14 lat, <u>mo\u017cesz si\u0119 z nami skontaktowa\u0107 i korzysta\u0107 z naszych us\u0142ug<\/u>, ale <u>nie mo\u017cesz przekazywa\u0107 nam swoich danych osobowych w celach marketingu bezpo\u015bredniego (np. w celu subskrypcji<\/u> <u>newsletter\u00f3w)<\/u>, chyba \u017ce uzyskasz zgod\u0119 rodzic\u00f3w lub innych prawnych opiekun\u00f3w.<\/strong><\/p>\n<p><strong>DLACZEGO I JAKIE DANE O TOBIE ZBIERAMY?<\/strong><\/p>\n<p><u>W celu administrowania stron\u0105 internetow\u0105 i realizacji zam\u00f3wie\u0144 klient\u00f3w, gdy klient sk\u0142ada zam\u00f3wienie bez rejestracji, zbieramy:<\/u><\/p>\n<ul>\n<li>Imi\u0119, nazwisko<\/li>\n<li>Numer telefonu<\/li>\n<li>Adres e-mail<\/li>\n<li>Nazwa firmy i inne dodatkowe informacje (nie wymagamy tych danych, mo\u017cesz je poda\u0107 wed\u0142ug w\u0142asnego uznania).<\/li>\n<\/ul>\n<p><u>W celu administrowania stron\u0105 internetow\u0105 i realizacji zam\u00f3wie\u0144 klient\u00f3w, gdy klient sk\u0142ada zam\u00f3wienie po dokonaniu rejestracji, zbieramy:<\/u><\/p>\n<ul>\n<li>Imi\u0119, nazwisko<\/li>\n<li>Numer telefonu<\/li>\n<li>Adres e-mail<\/li>\n<li>Nazwa firmy i inne dodatkowe informacje (nie wymagamy tych danych, mo\u017cesz je poda\u0107 wed\u0142ug w\u0142asnego uznania).<\/li>\n<\/ul>\n<p><u>Je\u017celi zostaniesz zwyci\u0119zc\u0105 konkurs\u00f3w, promocji lub innych gier, kt\u00f3re organizujemy w mediach spo\u0142eczno\u015bciowych, zbieramy:<\/u><\/p>\n<ul>\n<li>Imi\u0119, nazwisko<\/li>\n<li>Numer telefonu<\/li>\n<li>Adres, na kt\u00f3ry wy\u015blemy wygran\u0105 nagrod\u0119.<\/li>\n<\/ul>\n<p><u>Aby m\u00f3c rozpatrywa\u0107 Twoje pro\u015bby, zapytania, zapytania i skargi, zbieramy:<\/u><\/p>\n<ul>\n<li>Nazwa firmy, instytucji, organizacji, kt\u00f3r\u0105 reprezentujesz i Twoje stanowisko<\/li>\n<li>Adres e-mail<\/li>\n<li>Numer telefonu<\/li>\n<li>Tre\u015b\u0107 \u017c\u0105dania, zapytania lub skargi oraz informacje zwi\u0105zane z tym \u017c\u0105daniem<\/li>\n<li>Ci\u0105g\u0142a komunikacja.<\/li>\n<\/ul>\n<p class=\"translation-block\">W celach marketingu bezpo\u015bredniego, aby dostarcza\u0107 Ci istotnych informacji i wiadomo\u015bci o nas i us\u0142ugach, kt\u00f3re \u015bwiadczymy, zbieramy:<\/p>\n<ul>\n<li>Imi\u0119, nazwisko<\/li>\n<li>Adres e-mail<\/li>\n<li>Numer telefonu.<\/li>\n<\/ul>\n<p class=\"translation-block\"><u>Je\u015bli zdecydujesz si\u0119 na kontakt z nami (poprzez e-mail, telefon lub wiadomo\u015b\u0107 w mediach spo\u0142eczno\u015bciowych)<\/u>, zarejestrujemy fakt nawi\u0105zania kontaktu i mo\u017cemy przechowywa\u0107 tre\u015b\u0107 komunikacji wraz z Twoimi danymi kontaktowymi i naszymi odpowiedziami.<\/p>\n<p><em>\u00a0<\/em><em>Informacje o tym, jak korzystasz z funkcji naszej strony internetowej.<\/em><\/p>\n<p>Odwiedzaj\u0105c nasz\u0105 stron\u0119 internetow\u0105, zbieramy r\u00f3wnie\u017c informacje, kt\u00f3re ujawniaj\u0105 charakterystyk\u0119 korzystania z naszych us\u0142ug lub automatycznie generowane statystyki odwiedzin. Wi\u0119cej informacji na ten temat znajdziesz w sekcji \u201ePliki cookie\u201c.<\/p>\n<p class=\"translation-block\">Mo\u017cesz nie wyrazi\u0107 zgody na podanie nam pewnych informacji, lecz w takim przypadku nie b\u0119dziemy mogli zezwoli\u0107 Ci na korzystanie z naszych us\u0142ug, gdy\u017c nie b\u0119dziemy w stanie zagwarantowa\u0107 ich jako\u015bci. Podkre\u015blamy, \u017ce nie gromadzimy i nie przetwarzamy nadmiernej ilo\u015bci danych osobowych. Wszystkie gromadzone przez nas dane s\u0105 niezb\u0119dne do zapewnienia prawid\u0142owego i dostosowanego do potrzeb \u015bwiadczenia us\u0142ug.<\/p>\n<p><strong>NA JAKIEJ PODSTAWIE ZBIERAMY TE DANE I JAK D\u0141UGO JE PRZECHOWUJEMY?<\/strong><\/p>\n<p class=\"translation-block\"><u>Aby m\u00f3c zawiera\u0107 umowy o \u015bwiadczenie us\u0142ug i inne umowy, wype\u0142nia\u0107 nasze zobowi\u0105zania umowne i zarz\u0105dza\u0107 naszymi klientami<\/u>, zbieramy dane:<\/p>\n<ul>\n<li>w celu wykonania umowy (art. 6 ust. 1 lit. b) rozporz\u0105dzenia)<\/li>\n<li>zgodnie z obowi\u0105zkami prawnymi (art. 6 ust. 1 lit. c) rozporz\u0105dzenia)<\/li>\n<li>maj\u0105c uzasadniony interes (art. 6 ust. 1 lit. f) rozporz\u0105dzenia)<\/li>\n<\/ul>\n<p><em>\u00a0<\/em><em>Dane te przechowujemy przez okres 10 lat od daty zako\u0144czenia umowy, ostatniego dnia wsp\u00f3\u0142pracy lub negocjacji w sprawie zawarcia umowy.<\/em><\/p>\n<p><em><u>\u00a0<\/u><\/em><u>Aby administrowa\u0107 stron\u0105 internetow\u0105 i realizowa\u0107 zam\u00f3wienia klient\u00f3w, zbieramy dane:<\/u><\/p>\n<ul>\n<li>w celu zawarcia transakcji (art. 6 ust. 1 lit. b) rozporz\u0105dzenia)<\/li>\n<li>maj\u0105c uzasadniony interes (art. 6 ust. 1 lit. f) rozporz\u0105dzenia)<\/li>\n<\/ul>\n<p><em>Dane te przechowujemy przez okres 3 lat od daty ostatniego skorzystania przez Klienta z us\u0142ug sklepu internetowego lub zapoznania si\u0119 z tre\u015bci\u0105 strony internetowej.<\/em><\/p>\n<p><u>Je\u017celi zostaniesz zwyci\u0119zc\u0105 konkurs\u00f3w, promocji lub innych gier, kt\u00f3re organizujemy w mediach spo\u0142eczno\u015bciowych, zbieramy dane:<\/u><\/p>\n<ul>\n<li>w celu zawarcia transakcji (art. 6 ust. 1 lit. b) rozporz\u0105dzenia)<\/li>\n<li>maj\u0105c uzasadniony interes (art. 6 ust. 1 lit. f) rozporz\u0105dzenia)<\/li>\n<\/ul>\n<p><em>Przechowujemy te dane a\u017c do zako\u0144czenia transakcji.<\/em><\/p>\n<p><em>\u00a0<\/em><u>Siekdami tvarkyti J\u016bs\u0173 pateiktus pra\u0161ymus, pasiteiravimus, paklausimus ir skundus<\/u>, zbieramy dane:<\/p>\n<ul>\n<li>maj\u0105c uzasadniony interes (art. 6 ust. 1 lit. f) rozporz\u0105dzenia)<\/li>\n<\/ul>\n<p><em>Dane te przechowujemy przez okres 10 lat od daty ostatniego kontaktu.<\/em><\/p>\n<p class=\"translation-block\">Mo\u017cemy zbiera\u0107 dane do cel\u00f3w marketingu bezpo\u015bredniego:<\/p>\n<ul>\n<li><strong>za Twoj\u0105 zgod\u0105 (art. 6 ust. 1 lit. a) rozporz\u0105dzenia)<\/strong><\/li>\n<\/ul>\n<ul>\n<li>maj\u0105c uzasadniony interes (art. 6 ust. 1 lit. f) rozporz\u0105dzenia)<\/li>\n<li>Artyku\u0142 69 Ustawy o \u0142\u0105czno\u015bci elektronicznej Republiki Litewskiej. na podstawie kt\u00f3rego przewiduje si\u0119, \u017ce:<\/li>\n<\/ul>\n<p class=\"translation-block\">\u201eosoba, kt\u00f3ra w trakcie \u015bwiadczenia us\u0142ug lub sprzeda\u017cy towar\u00f3w otrzymuje od swoich klient\u00f3w dane kontaktowe w postaci poczty elektronicznej zgodnie z procedur\u0105 i warunkami ustalonymi przez Ustaw\u0119 o ochronie prawnej danych osobowych, <u>mo\u017ce wykorzystywa\u0107 te dane kontaktowe do cel\u00f3w marketingowych w\u0142asnych podobnych towar\u00f3w lub us\u0142ug<\/u>, pod warunkiem, \u017ce klienci otrzymaj\u0105 wyra\u017an\u0105, bezp\u0142atn\u0105 i \u0142atw\u0105 do wdro\u017cenia mo\u017cliwo\u015b\u0107 wyra\u017cenia sprzeciwu lub odmowy takiego wykorzystania danych kontaktowych do cel\u00f3w okre\u015blonych powy\u017cej, gdy dane te s\u0105 gromadzone, a je\u015bli klient pocz\u0105tkowo nie wyrazi\u0142 sprzeciwu wobec takiego wykorzystania danych, przy ka\u017cdej wys\u0142anej wiadomo\u015bci\u201d.<\/p>\n<p class=\"translation-block\"><em>Przechowujemy te dane przez 5 lat od daty otrzymania zgody<\/em><em>oraz w przypadku prowadzenia marketingu bezpo\u015bredniego zgodnie z artyku\u0142em 69 Ustawy o komunikacji elektronicznej Republiki Litewskiej. \u2013 dop\u00f3ki dana osoba nie wyrazi sprzeciwu wobec marketingu bezpo\u015bredniego. <strong>Pami\u0119taj, \u017ce mo\u017cesz to zrobi\u0107 w ka\u017cdej chwili, kontaktuj\u0105c si\u0119 z nami za po\u015brednictwem poczty elektronicznej. za po\u015brednictwem poczty elektronicznej <\/strong><\/em><a href=\"mailto:info@stotieshostelis.lt\" target=\"_self\">info@lofinnhotels.com<\/a><\/p>\n<p><strong>KOMU UDOST\u0118PNIAMY TWOJE DANE OSOBOWE?<\/strong><\/p>\n<p>Przekazujemy Twoje dane osobowe wy\u0142\u0105cznie zaufanym podmiotom trzecim i wy\u0142\u0105cznie w celu \u015bwiadczenia wysokiej jako\u015bci us\u0142ug oraz prawid\u0142owej realizacji cel\u00f3w przetwarzania danych osobowych. W szczeg\u00f3lno\u015bci Twoje dane mog\u0105 zosta\u0107 przekazane:<\/p>\n<ul>\n<li class=\"translation-block\">Dane <strong>Google (<em>us\u0142ugi Google Analytics i AdWords<\/em>)<\/strong> s\u0105 przesy\u0142ane do USA. Dane s\u0105 chronione w ramach programu Privacy Shield, o kt\u00f3rym mo\u017cesz przeczyta\u0107 wi\u0119cej <a href=\"https:\/\/policies.google.com\/privacy?hl=en-US\" target=\"_self\"><strong>tutaj<\/strong><\/a><strong>;<\/strong><\/li>\n<li class=\"translation-block\">Dane <strong><em>Facebook<\/em><\/strong>, Inc. s\u0105 przesy\u0142ane do USA. Dane s\u0105 chronione w ramach programu Privacy Shield, o kt\u00f3rym mo\u017cesz przeczyta\u0107 wi\u0119cej <a href=\"https:\/\/www.facebook.com\/about\/privacy\/previous\" target=\"_self\"><strong>tutaj<\/strong><\/a><strong>;<\/strong><\/li>\n<li>Dla naszych partner\u00f3w \u015bwiadcz\u0105cych us\u0142ugi bankowo\u015bci elektronicznej, p\u0142atno\u015bci elektronicznych i us\u0142ug p\u0142atniczych s\u0105 to:<\/li>\n<li><em><strong>P\u0142atno\u015b\u0107: <\/strong><\/em>przeczytaj ich polityk\u0119 ochrony danych\u00a0<a href=\"https:\/\/www.paysera.lt\/v2\/lt-LT\/sutartys\/privatumo-politika-2020\"><strong>Tutaj;<\/strong><\/a><\/li>\n<li class=\"translation-block\"><em><strong>Paypal: <\/strong><\/em><em>przeczytaj ich polityk\u0119 ochrony danych <\/em><a href=\"https:\/\/www.paypal.com\/myaccount\/privacy\/privacyhub\" target=\"_self\"><strong>tutaj;<\/strong><\/a><\/li>\n<li>Nasi partnerzy \u015bwiadcz\u0105cy us\u0142ugi z zakresu technologii informatycznych, komunikacji elektronicznej, reklamy, audytu, us\u0142ug prawnych i innych;<\/li>\n<li>Instytucje nadzoru pa\u0144stwowego i egzekwowania prawa.<\/li>\n<\/ul>\n<p>Udost\u0119pnimy wszystkim tym dostawcom us\u0142ug tylko tyle Twoich danych osobowych, ile b\u0119dzie konieczne do realizacji konkretnej us\u0142ugi.<\/p>\n<p><strong>JAK CHRONIMY TWOJE DANE OSOBOWE?<\/strong><\/p>\n<p>Tak, podejmujemy wszelkie mo\u017cliwe kroki, aby chroni\u0107 Twoje dane, ale \u017cadna strona internetowa, \u017cadna transakcja online, \u017caden system komputerowy, a tym bardziej \u017cadne po\u0142\u0105czenie bezprzewodowe nie jest w pe\u0142ni bezpieczne. Cho\u0107 dok\u0142adamy wszelkich stara\u0144, aby chroni\u0107 Twoje dane osobowe, nie mo\u017cemy zagwarantowa\u0107 ca\u0142kowitego bezpiecze\u0144stwa danych osobowych przesy\u0142anych za po\u015brednictwem naszej platformy. Przesy\u0142aj\u0105c jakiekolwiek informacje, przyjmujesz na siebie ryzyko zwi\u0105zane z ich przesy\u0142aniem. Po otrzymaniu Twoich danych osobowych zastosujemy \u015bcis\u0142e procedury i \u015brodki bezpiecze\u0144stwa w odniesieniu do tych danych.<\/p>\n<p><strong>TWOJE PRAWA<\/strong><\/p>\n<p>Ka\u017cda osoba, kt\u00f3rej dane dotycz\u0105, tj. ka\u017cdy z Pa\u0144stwa, czyje dane s\u0105 przetwarzane w ramach naszych dzia\u0142a\u0144, ma nast\u0119puj\u0105ce prawa:<\/p>\n<ul>\n<li>Z\u0142\u00f3\u017c do nas wniosek o potwierdzenie, czy przetwarzamy dane dotycz\u0105ce Twojej osoby, a je\u015bli tak, za\u017c\u0105daj dost\u0119pu do przetwarzanych danych i informacji z nimi zwi\u0105zanych;<\/li>\n<li>Z\u0142\u00f3\u017c do nas wniosek o sprostowanie lub, bior\u0105c pod uwag\u0119 cele przetwarzania danych osobowych, o uzupe\u0142nienie niekompletnych danych osobowych;<\/li>\n<li>Popro\u015b o usuni\u0119cie informacji, kt\u00f3re o Tobie posiadamy, je\u017celi wykorzystujemy je niezgodnie z prawem;<\/li>\n<li>Z\u0142\u00f3\u017c do nas wniosek o ograniczenie przetwarzania danych osobowych, je\u015bli kwestionujesz dok\u0142adno\u015b\u0107 danych lub sprzeciwiasz si\u0119 ich przetwarzaniu, nie zgadzasz si\u0119 na usuni\u0119cie Twoich bezprawnie przetwarzanych danych lub potrzebujesz danych do ustalenia, wykonania lub obrony roszcze\u0144 prawnych;<\/li>\n<li>Z\u0142\u00f3\u017c do nas wniosek o przeniesienie (otrzymanie) danych, kt\u00f3re nam dostarczy\u0142e\u015b na podstawie umowy lub za zgod\u0105, a kt\u00f3re przetwarzamy w spos\u00f3b zautomatyzowany, w powszechnie stosowanej formie elektronicznej;<\/li>\n<li>Sprzeciwi\u0107 si\u0119 lub wycofa\u0107 wcze\u015bniej udzielon\u0105 zgod\u0119 na przetwarzanie Twoich danych osobowych, je\u015bli dane te s\u0105 przetwarzane lub maj\u0105 by\u0107 przetwarzane na potrzeby marketingu bezpo\u015bredniego, w tym profilowania, w zakresie, w jakim jest ono zwi\u0105zane z takim marketingiem bezpo\u015brednim;<\/li>\n<li>Sprzeciwi\u0107 si\u0119 wykorzystaniu danych osobowych, gdy opiera si\u0119 ono na naszym uzasadnionym interesie lub uzasadnionym interesie os\u00f3b trzecich;<\/li>\n<li>Z\u0142\u00f3\u017c skarg\u0119 do Pa\u0144stwowej Inspekcji Ochrony Danych (zobacz <a href=\"http:\/\/www.ada.lt\">ada.lt<\/a>).<\/li>\n<\/ul>\n<p><em>\u00a0<\/em><strong><em>Je\u017celi nie chcesz ju\u017c, aby Twoje dane osobowe by\u0142y przetwarzane w celach marketingu bezpo\u015bredniego lub masz jakiekolwiek inne pro\u015bby lub instrukcje zwi\u0105zane z przetwarzaniem Twoich danych osobowych, napisz do nas e-mail. poczt\u0105 <\/em><\/strong><a href=\"mailto:info@loftinnhotels.com\"><strong><em>info@loftinnhotels.com<\/em><\/strong><\/a><\/p>\n<p><em>\u00a0<\/em><em>Data ostatniej aktualizacji: 2024-03-06<\/em><\/p>\t\t\t\t\t\t\t\t<\/div>\n\t\t\t\t<\/div>\n\t\t\t\t\t<\/div>\n\t\t\t\t<\/div>\n\t\t\t\t<\/div>","protected":false},"excerpt":{"rendered":"<p>Malonu, kad lankot\u0117s \u0161ioje svetain\u0117je ir naudojat\u0117s m\u016bs\u0173 paslaugomis! Mes vertiname kiekvien\u0105 bendradarbiavim\u0105 ir kiekvien\u0105 klient\u0105, tod\u0117l itin atsakingai \u017ei\u016brime \u012f J\u016bs\u0173 duomen\u0173 privatum\u0105.\u00a0 Siekiame ne tik s\u0105\u017einingai bei teis\u0117tai tvarkyti bei pri\u017ei\u016br\u0117ti j\u016bs\u0173 asmens duomenis, bet ir kiek \u012fmanoma [&hellip;]<\/p>\n","protected":false},"author":1,"featured_media":0,"parent":0,"menu_order":0,"comment_status":"closed","ping_status":"closed","template":"","meta":{"footnotes":""},"class_list":["post-3","page","type-page","status-publish","hentry"],"yoast_head":"<!-- This site is optimized with the Yoast SEO plugin v27.3 - https:\/\/yoast.com\/product\/yoast-seo-wordpress\/ -->\n<title>Privatumo politika - Loftinnhotels.com<\/title>\n<meta name=\"robots\" content=\"index, follow, max-snippet:-1, max-image-preview:large, max-video-preview:-1\" \/>\n<link rel=\"canonical\" href=\"https:\/\/loftinnhotels.com\/pl\/polityka_prywatnosci\/\" \/>\n<meta property=\"og:locale\" content=\"pl_PL\" \/>\n<meta property=\"og:type\" content=\"article\" \/>\n<meta property=\"og:title\" content=\"Privatumo politika - Loftinnhotels.com\" \/>\n<meta property=\"og:description\" content=\"Malonu, kad lankot\u0117s \u0161ioje svetain\u0117je ir naudojat\u0117s m\u016bs\u0173 paslaugomis! Mes vertiname kiekvien\u0105 bendradarbiavim\u0105 ir kiekvien\u0105 klient\u0105, tod\u0117l itin atsakingai \u017ei\u016brime \u012f J\u016bs\u0173 duomen\u0173 privatum\u0105.\u00a0 Siekiame ne tik s\u0105\u017einingai bei teis\u0117tai tvarkyti bei pri\u017ei\u016br\u0117ti j\u016bs\u0173 asmens duomenis, bet ir kiek \u012fmanoma [&hellip;]\" \/>\n<meta property=\"og:url\" content=\"https:\/\/loftinnhotels.com\/pl\/polityka_prywatnosci\/\" \/>\n<meta property=\"og:site_name\" content=\"Loftinnhotels.com\" \/>\n<meta property=\"article:modified_time\" content=\"2024-03-06T14:36:14+00:00\" \/>\n<meta name=\"twitter:card\" content=\"summary_large_image\" \/>\n<meta name=\"twitter:label1\" content=\"Szacowany czas czytania\" \/>\n\t<meta name=\"twitter:data1\" content=\"7 minut\" \/>\n<script type=\"application\/ld+json\" class=\"yoast-schema-graph\">{\"@context\":\"https:\\\/\\\/schema.org\",\"@graph\":[{\"@type\":\"WebPage\",\"@id\":\"https:\\\/\\\/loftinnhotels.com\\\/privatumo_politika\\\/\",\"url\":\"https:\\\/\\\/loftinnhotels.com\\\/privatumo_politika\\\/\",\"name\":\"Privatumo politika - Loftinnhotels.com\",\"isPartOf\":{\"@id\":\"https:\\\/\\\/loftinnhotels.com\\\/#website\"},\"datePublished\":\"2023-10-02T23:45:08+00:00\",\"dateModified\":\"2024-03-06T14:36:14+00:00\",\"breadcrumb\":{\"@id\":\"https:\\\/\\\/loftinnhotels.com\\\/privatumo_politika\\\/#breadcrumb\"},\"inLanguage\":\"pl-PL\",\"potentialAction\":[{\"@type\":\"ReadAction\",\"target\":[\"https:\\\/\\\/loftinnhotels.com\\\/privatumo_politika\\\/\"]}]},{\"@type\":\"BreadcrumbList\",\"@id\":\"https:\\\/\\\/loftinnhotels.com\\\/privatumo_politika\\\/#breadcrumb\",\"itemListElement\":[{\"@type\":\"ListItem\",\"position\":1,\"name\":\"Home\",\"item\":\"https:\\\/\\\/loftinnhotels.com\\\/\"},{\"@type\":\"ListItem\",\"position\":2,\"name\":\"Privatumo politika\"}]},{\"@type\":\"WebSite\",\"@id\":\"https:\\\/\\\/loftinnhotels.com\\\/#website\",\"url\":\"https:\\\/\\\/loftinnhotels.com\\\/\",\"name\":\"Loftinnhotels.com\",\"description\":\"Siekiate auk\u0161tum\u0173? Kylam \u012f Loft Inn! \",\"potentialAction\":[{\"@type\":\"SearchAction\",\"target\":{\"@type\":\"EntryPoint\",\"urlTemplate\":\"https:\\\/\\\/loftinnhotels.com\\\/?s={search_term_string}\"},\"query-input\":{\"@type\":\"PropertyValueSpecification\",\"valueRequired\":true,\"valueName\":\"search_term_string\"}}],\"inLanguage\":\"pl-PL\"}]}<\/script>\n<!-- \/ Yoast SEO plugin. -->","yoast_head_json":{"title":"Polityka prywatno\u015bci - Loftinnhotels.com","robots":{"index":"index","follow":"follow","max-snippet":"max-snippet:-1","max-image-preview":"max-image-preview:large","max-video-preview":"max-video-preview:-1"},"canonical":"https:\/\/loftinnhotels.com\/pl\/polityka_prywatnosci\/","og_locale":"pl_PL","og_type":"article","og_title":"Privatumo politika - Loftinnhotels.com","og_description":"Malonu, kad lankot\u0117s \u0161ioje svetain\u0117je ir naudojat\u0117s m\u016bs\u0173 paslaugomis! Mes vertiname kiekvien\u0105 bendradarbiavim\u0105 ir kiekvien\u0105 klient\u0105, tod\u0117l itin atsakingai \u017ei\u016brime \u012f J\u016bs\u0173 duomen\u0173 privatum\u0105.\u00a0 Siekiame ne tik s\u0105\u017einingai bei teis\u0117tai tvarkyti bei pri\u017ei\u016br\u0117ti j\u016bs\u0173 asmens duomenis, bet ir kiek \u012fmanoma [&hellip;]","og_url":"https:\/\/loftinnhotels.com\/pl\/polityka_prywatnosci\/","og_site_name":"Loftinnhotels.com","article_modified_time":"2024-03-06T14:36:14+00:00","twitter_card":"summary_large_image","twitter_misc":{"Szacowany czas czytania":"7 minut"},"schema":{"@context":"https:\/\/schema.org","@graph":[{"@type":"WebPage","@id":"https:\/\/loftinnhotels.com\/privatumo_politika\/","url":"https:\/\/loftinnhotels.com\/privatumo_politika\/","name":"Polityka prywatno\u015bci - Loftinnhotels.com","isPartOf":{"@id":"https:\/\/loftinnhotels.com\/#website"},"datePublished":"2023-10-02T23:45:08+00:00","dateModified":"2024-03-06T14:36:14+00:00","breadcrumb":{"@id":"https:\/\/loftinnhotels.com\/privatumo_politika\/#breadcrumb"},"inLanguage":"pl-PL","potentialAction":[{"@type":"ReadAction","target":["https:\/\/loftinnhotels.com\/privatumo_politika\/"]}]},{"@type":"BreadcrumbList","@id":"https:\/\/loftinnhotels.com\/privatumo_politika\/#breadcrumb","itemListElement":[{"@type":"ListItem","position":1,"name":"Home","item":"https:\/\/loftinnhotels.com\/"},{"@type":"ListItem","position":2,"name":"Privatumo politika"}]},{"@type":"WebSite","@id":"https:\/\/loftinnhotels.com\/#website","url":"https:\/\/loftinnhotels.com\/","name":"Loftinnhotels.com","description":"Si\u0119gasz wysoko? Chod\u017amy do Loft Inn!","potentialAction":[{"@type":"SearchAction","target":{"@type":"EntryPoint","urlTemplate":"https:\/\/loftinnhotels.com\/?s={search_term_string}"},"query-input":{"@type":"PropertyValueSpecification","valueRequired":true,"valueName":"search_term_string"}}],"inLanguage":"pl-PL"}]}},"_links":{"self":[{"href":"https:\/\/loftinnhotels.com\/pl\/wp-json\/wp\/v2\/pages\/3","targetHints":{"allow":["GET"]}}],"collection":[{"href":"https:\/\/loftinnhotels.com\/pl\/wp-json\/wp\/v2\/pages"}],"about":[{"href":"https:\/\/loftinnhotels.com\/pl\/wp-json\/wp\/v2\/types\/page"}],"author":[{"embeddable":true,"href":"https:\/\/loftinnhotels.com\/pl\/wp-json\/wp\/v2\/users\/1"}],"replies":[{"embeddable":true,"href":"https:\/\/loftinnhotels.com\/pl\/wp-json\/wp\/v2\/comments?post=3"}],"version-history":[{"count":26,"href":"https:\/\/loftinnhotels.com\/pl\/wp-json\/wp\/v2\/pages\/3\/revisions"}],"predecessor-version":[{"id":5522,"href":"https:\/\/loftinnhotels.com\/pl\/wp-json\/wp\/v2\/pages\/3\/revisions\/5522"}],"wp:attachment":[{"href":"https:\/\/loftinnhotels.com\/pl\/wp-json\/wp\/v2\/media?parent=3"}],"curies":[{"name":"wp","href":"https:\/\/api.w.org\/{rel}","templated":true}]}}