{"id":3280,"date":"2022-03-22T12:01:18","date_gmt":"2022-03-22T12:01:18","guid":{"rendered":"https:\/\/hotellerv1.themegoods.com\/\/?page_id=3"},"modified":"2024-01-08T20:55:48","modified_gmt":"2024-01-08T20:55:48","slug":"ciastka","status":"publish","type":"page","link":"https:\/\/loftinnhotels.com\/pl\/ciastka\/","title":{"rendered":"Ciastka"},"content":{"rendered":"<div data-elementor-type=\"wp-page\" data-elementor-id=\"3280\" class=\"elementor elementor-3280\">\n\t\t\t\t<div class=\"elementor-element elementor-element-3b9789dd e-flex e-con-boxed e-con e-parent\" data-id=\"3b9789dd\" data-element_type=\"container\" data-e-type=\"container\">\n\t\t\t\t\t<div class=\"e-con-inner\">\n\t\t\t\t<div class=\"elementor-element elementor-element-53ceca09 elementor-widget elementor-widget-text-editor\" data-id=\"53ceca09\" data-element_type=\"widget\" data-e-type=\"widget\" data-settings=\"{&quot;hoteller_ext_link_sidemenu&quot;:&quot;false&quot;,&quot;hoteller_ext_link_fullmenu&quot;:&quot;false&quot;,&quot;hoteller_ext_link_closed_fullmenu&quot;:&quot;false&quot;,&quot;hoteller_ext_is_scrollme&quot;:&quot;false&quot;,&quot;hoteller_ext_is_smoove&quot;:&quot;false&quot;,&quot;hoteller_ext_is_parallax_mouse&quot;:&quot;false&quot;,&quot;hoteller_ext_is_infinite&quot;:&quot;false&quot;,&quot;hoteller_ext_is_fadeout_animation&quot;:&quot;false&quot;,&quot;hoteller_ext_mobile_static&quot;:&quot;false&quot;}\" data-widget_type=\"text-editor.default\">\n\t\t\t\t<div class=\"elementor-widget-container\">\n\t\t\t\t\t\t\t\t\t<p class=\"translation-block\">Ta strona internetowa u\u017cywa niezb\u0119dnych, funkcjonalnych, analitycznych i ukierunkowanych (komercyjnych) plik\u00f3w cookie (znanych po angielsku jako \u201e<em>cookies<\/em>\u201d), kt\u00f3re pomagaj\u0105 wy\u015bwietla\u0107 nasz\u0105 stron\u0119 internetow\u0105, zapewniaj\u0105 jej funkcjonalno\u015b\u0107 i wygodn\u0105 nawigacj\u0119. Wi\u0119cej informacji o dzia\u0142aniu plik\u00f3w cookie mo\u017cna znale\u017a\u0107 na stronie <a href=\"http:\/\/www.cookiecentral.com\" target=\"_self\">www.cookiecentral.com<\/a>.<\/p>\n<p>Informacje pochodz\u0105ce z plik\u00f3w cookie nie s\u0105 u\u017cywane do osobistej identyfikacji u\u017cytkownika. Zebrane dane s\u0105 przez nas kontrolowane. Takie pliki cookie mog\u0105 by\u0107 u\u017cywane do realizacji cel\u00f3w okre\u015blonych tutaj:<\/p>\n<ul>\n<li>zapewni\u0107 sprawne i efektywne funkcjonowanie strony internetowej;<\/li>\n<li>aby anonimowo zbiera\u0107 informacje statystyczne dotycz\u0105ce tego, w jaki spos\u00f3b i jakie nagrania ogl\u0105da\u0142e\u015b;<\/li>\n<li>aby zapisa\u0107 Twoje preferencje, kt\u00f3re wybra\u0142e\u015b w trakcie i pomi\u0119dzy wizytami;<\/li>\n<li>w celu gromadzenia wiarygodnych informacji o korzystaniu ze strony internetowej, kt\u00f3re pozwol\u0105 nam okre\u015bli\u0107, czy strona internetowa spe\u0142nia potrzeby u\u017cytkownik\u00f3w i odpowiednio j\u0105 udoskonali\u0107;<\/li>\n<\/ul>\n<p><u>\u00a0<\/u><\/p>\n<p class=\"translation-block\"><u>Podstaw\u0105 prawn\u0105 przetwarzania danych powsta\u0142ych w trakcie korzystania z plik\u00f3w cookies jest uzasadniony interes Sp\u00f3\u0142ki<\/u>. Nie \u0142\u0105czymy adresu IP ani adresu e-mail odwiedzaj\u0105cego z danymi umo\u017cliwiaj\u0105cymi jego identyfikacj\u0119. Oznacza to, \u017ce sesja ka\u017cdej osoby odwiedzaj\u0105cej witryn\u0119 <a href=\"https:\/\/loftinnhotels.comt\" target=\"_self\">https:\/\/loftinnhotels.comt<\/a> pozostanie anonimowa.<\/p>\n<p class=\"translation-block\"><strong><u>Niezb\u0119dne, funkcjonalne i analityczne pliki cookie s\u0105 warunkiem korzystania z naszej strony internetowej<\/u><\/strong><strong>. Je\u017celi odrzucisz tego typu pliki cookie, nie mo\u017cemy zagwarantowa\u0107, \u017ce nasza strona internetowa b\u0119dzie dzia\u0142a\u0107, gdy j\u0105 odwiedzisz.<\/p>\n<p><strong>JAK ZARZ\u0104DZA\u0106 PLIKAMI COOKIE I JE USUWA\u0106<\/strong><\/p>\n<p class=\"translation-block\"><strong>\u00a0<\/strong>Kiedy u\u017cywasz przegl\u0105darki, aby uzyska\u0107 dost\u0119p do udost\u0119pnianych przez nas tre\u015bci, mo\u017cesz zawsze skonfigurowa\u0107 przegl\u0105dark\u0119 tak, aby akceptowa\u0142a wszystkie pliki cookie, odrzuca\u0142a wszystkie pliki cookie lub powiadamia\u0142a Ci\u0119 o wysy\u0142aniu pliku cookie. Ka\u017cda przegl\u0105darka jest inna, wi\u0119c je\u015bli nie wiesz, jak zmieni\u0107 ustawienia dotycz\u0105ce plik\u00f3w cookie, sprawd\u017a jej menu pomocy. System operacyjny Twojego urz\u0105dzenia mo\u017ce zawiera\u0107 dodatkowe opcje kontroli plik\u00f3w cookie. Je\u015bli nie chcesz, aby informacje by\u0142y zbierane za pomoc\u0105 plik\u00f3w cookie, skorzystaj z prostej procedury dost\u0119pnej w wi\u0119kszo\u015bci przegl\u0105darek, kt\u00f3ra umo\u017cliwia rezygnacj\u0119 z u\u017cywania plik\u00f3w cookie. Aby dowiedzie\u0107 si\u0119 wi\u0119cej o tym, jak zarz\u0105dza\u0107 plikami cookie, odwied\u017a stron\u0119: <a href=\"http:\/\/www.allaboutcookies.org\/manage-cookies\/\" target=\"_self\">http:\/\/www.allaboutcookies.org\/manage-cookies\/<\/a>.<\/p>\n<p><em>Opisy plik\u00f3w cookie u\u017cywanych na naszej stronie internetowej<\/em><\/p>\n<table style=\"height: 779px;\" width=\"684\">\n<tbody>\n<tr>\n<td width=\"83\">\n<p class=\"translation-block\"><strong>Ciasteczka<\/strong><strong>Kategoria<\/strong><\/p>\n<\/td>\n<td width=\"153\">\n<p><strong>Nazwa pliku cookie<\/strong><\/p>\n<\/td>\n<td width=\"256\">\n<p><strong>Cel pliku cookie<\/strong><\/p>\n<\/td>\n<td width=\"122\">\n<p><strong>Okres przechowywania plik\u00f3w cookie<\/strong><\/p>\n<\/td>\n<\/tr>\n<tr>\n<td width=\"83\">\n<p>Pliki cookie niezb\u0119dne do dzia\u0142ania<\/p>\n<\/td>\n<td width=\"153\">\n<p>wyb\u00f3r_ciasteczek<\/p>\n<\/td>\n<td width=\"256\">\n<p>S\u0142u\u017cy do ustawiania preferencji dotycz\u0105cych zgody na pliki cookie<\/p>\n<\/td>\n<td width=\"122\">\n<p>Wa\u017cne przez 1 miesi\u0105c<\/p>\n<\/td>\n<\/tr>\n<tr>\n<td width=\"83\">\n<p>Pliki cookie funkcjonalne<\/p>\n<\/td>\n<td width=\"153\">\n<p>\u00a0<\/p>\n<\/td>\n<td width=\"256\">\n<p>\u00a0<\/p>\n<\/td>\n<td width=\"122\">\n<p>\u00a0<\/p>\n<\/td>\n<\/tr>\n<tr>\n<td width=\"83\">\n<p>Pliki cookie analityczne<\/p>\n<\/td>\n<td width=\"153\">\n<p>_ga<\/p>\n<p>_przewodnik<\/p>\n<p>_gat<\/p>\n<\/td>\n<td width=\"256\">\n<p class=\"translation-block\">Pliki cookie us\u0142ugi Google Analytics, kt\u00f3re s\u0142u\u017c\u0105 wy\u0142\u0105cznie do oceny nawyk\u00f3w korzystania z witryny internetowej. Nale\u017cy pami\u0119ta\u0107, \u017ce <u>aktywowali\u015bmy anonimizacj\u0119 adresu IP<\/u>, co oznacza, \u017ce \u200b\u200bGoogle skr\u00f3ci Tw\u00f3j adres IP, zapewniaj\u0105c w ten spos\u00f3b anonimowo\u015b\u0107. <a href=\"https:\/\/support.google.com\/analytics\/answer\/6004245\" target=\"_self\">Polityka prywatno\u015bci<\/a> Google Analytics<\/p>\n<\/td>\n<td width=\"122\">\n<p>Wa\u017cne przez 2 lata<\/p>\n<p>Do ko\u0144ca sesji<\/p>\n<p>Do ko\u0144ca sesji<\/p>\n<\/td>\n<\/tr>\n<tr>\n<td width=\"83\">\n<p>Pliki cookie do targetowania (komercyjne)<\/p>\n<\/td>\n<td width=\"153\">\n<p>\u00a0<\/p>\n<\/td>\n<td width=\"256\">\n<p>\u00a0<\/p>\n<\/td>\n<td width=\"122\">\n<p>\u00a0<\/p>\n<\/td>\n<\/tr>\n<\/tbody>\n<\/table>\n<p><strong>\u00a0<\/strong><\/p>\n<p>Nasza strona internetowa mo\u017ce r\u00f3wnie\u017c zawiera\u0107 linki do stron internetowych innych os\u00f3b, firm lub organizacji. Zwracamy uwag\u0119, \u017ce nie ponosimy odpowiedzialno\u015bci za tre\u015b\u0107 takich stron internetowych ani za stosowane przez nie zasady ochrony prywatno\u015bci. Dlatego te\u017c, je\u015bli klikniesz na link prowadz\u0105cy z naszej strony internetowej do innych stron internetowych, powiniene\u015b osobno zapozna\u0107 si\u0119 z ich Polityk\u0105 Prywatno\u015bci.<\/p>\n<p><strong>KONTAKT Z NAMI<\/strong><\/p>\n<p class=\"translation-block\">Polityka prywatno\u015bci jest niejasna? Masz jakie\u015b pytania, pro\u015bby, skargi? Porozmawiajmy o tym! Zapytania prosimy przesy\u0142a\u0107 e-mailem. poczt\u0105 elektroniczn\u0105: <a href=\"mailto:info@loftinnhotels.\" target=\"_self\"><strong><em>info@loftinnhotels.<\/em><\/strong><\/a><strong><em>com<\/em><\/strong><\/p>\n<p>\u00a0<\/p>\n<p>\u00a0<\/p>\n<p>\u00a0<\/p>\t\t\t\t\t\t\t\t<\/div>\n\t\t\t\t<\/div>\n\t\t\t\t\t<\/div>\n\t\t\t\t<\/div>\n\t\t\t\t<\/div>","protected":false},"excerpt":{"rendered":"<p>\u0160ioje svetain\u0117je yra naudojami grie\u017etai privalomi, funkciniai, analitiniai ir tiksliniai (komerciniai) slapukai (angli\u0161kai \u017einomi kaip \u201ecookies\u201c), kurie padeda rodyti m\u016bs\u0173 svetain\u0119, padeda u\u017etikrinti jos funkcionalum\u0105 ir patogi\u0105 navigacij\u0105. Daugiau informacijos apie tai, kaip veikia slapukai, galite rasti interneto svetain\u0117je www.cookiecentral.com. [&hellip;]<\/p>\n","protected":false},"author":1,"featured_media":0,"parent":0,"menu_order":0,"comment_status":"closed","ping_status":"open","template":"","meta":{"footnotes":""},"class_list":["post-3280","page","type-page","status-publish","hentry"],"yoast_head":"<!-- This site is optimized with the Yoast SEO plugin v27.3 - https:\/\/yoast.com\/product\/yoast-seo-wordpress\/ -->\n<title>Slapukai - Loftinnhotels.com<\/title>\n<meta name=\"robots\" content=\"index, follow, max-snippet:-1, max-image-preview:large, max-video-preview:-1\" \/>\n<link rel=\"canonical\" href=\"https:\/\/loftinnhotels.com\/pl\/ciastka\/\" \/>\n<meta property=\"og:locale\" content=\"pl_PL\" \/>\n<meta property=\"og:type\" content=\"article\" \/>\n<meta property=\"og:title\" content=\"Slapukai - Loftinnhotels.com\" \/>\n<meta property=\"og:description\" content=\"\u0160ioje svetain\u0117je yra naudojami grie\u017etai privalomi, funkciniai, analitiniai ir tiksliniai (komerciniai) slapukai (angli\u0161kai \u017einomi kaip \u201ecookies\u201c), kurie padeda rodyti m\u016bs\u0173 svetain\u0119, padeda u\u017etikrinti jos funkcionalum\u0105 ir patogi\u0105 navigacij\u0105. Daugiau informacijos apie tai, kaip veikia slapukai, galite rasti interneto svetain\u0117je www.cookiecentral.com. [&hellip;]\" \/>\n<meta property=\"og:url\" content=\"https:\/\/loftinnhotels.com\/pl\/ciastka\/\" \/>\n<meta property=\"og:site_name\" content=\"Loftinnhotels.com\" \/>\n<meta property=\"article:modified_time\" content=\"2024-01-08T20:55:48+00:00\" \/>\n<meta name=\"twitter:card\" content=\"summary_large_image\" \/>\n<meta name=\"twitter:label1\" content=\"Szacowany czas czytania\" \/>\n\t<meta name=\"twitter:data1\" content=\"3 minuty\" \/>\n<script type=\"application\/ld+json\" class=\"yoast-schema-graph\">{\"@context\":\"https:\\\/\\\/schema.org\",\"@graph\":[{\"@type\":\"WebPage\",\"@id\":\"https:\\\/\\\/loftinnhotels.com\\\/slapukai\\\/\",\"url\":\"https:\\\/\\\/loftinnhotels.com\\\/slapukai\\\/\",\"name\":\"Slapukai - Loftinnhotels.com\",\"isPartOf\":{\"@id\":\"https:\\\/\\\/loftinnhotels.com\\\/#website\"},\"datePublished\":\"2022-03-22T12:01:18+00:00\",\"dateModified\":\"2024-01-08T20:55:48+00:00\",\"breadcrumb\":{\"@id\":\"https:\\\/\\\/loftinnhotels.com\\\/slapukai\\\/#breadcrumb\"},\"inLanguage\":\"pl-PL\",\"potentialAction\":[{\"@type\":\"ReadAction\",\"target\":[\"https:\\\/\\\/loftinnhotels.com\\\/slapukai\\\/\"]}]},{\"@type\":\"BreadcrumbList\",\"@id\":\"https:\\\/\\\/loftinnhotels.com\\\/slapukai\\\/#breadcrumb\",\"itemListElement\":[{\"@type\":\"ListItem\",\"position\":1,\"name\":\"Home\",\"item\":\"https:\\\/\\\/loftinnhotels.com\\\/\"},{\"@type\":\"ListItem\",\"position\":2,\"name\":\"Slapukai\"}]},{\"@type\":\"WebSite\",\"@id\":\"https:\\\/\\\/loftinnhotels.com\\\/#website\",\"url\":\"https:\\\/\\\/loftinnhotels.com\\\/\",\"name\":\"Loftinnhotels.com\",\"description\":\"Siekiate auk\u0161tum\u0173? Kylam \u012f Loft Inn! \",\"potentialAction\":[{\"@type\":\"SearchAction\",\"target\":{\"@type\":\"EntryPoint\",\"urlTemplate\":\"https:\\\/\\\/loftinnhotels.com\\\/?s={search_term_string}\"},\"query-input\":{\"@type\":\"PropertyValueSpecification\",\"valueRequired\":true,\"valueName\":\"search_term_string\"}}],\"inLanguage\":\"pl-PL\"}]}<\/script>\n<!-- \/ Yoast SEO plugin. -->","yoast_head_json":{"title":"Pliki cookie - Loftinnhotels.com","robots":{"index":"index","follow":"follow","max-snippet":"max-snippet:-1","max-image-preview":"max-image-preview:large","max-video-preview":"max-video-preview:-1"},"canonical":"https:\/\/loftinnhotels.com\/pl\/ciastka\/","og_locale":"pl_PL","og_type":"article","og_title":"Slapukai - Loftinnhotels.com","og_description":"\u0160ioje svetain\u0117je yra naudojami grie\u017etai privalomi, funkciniai, analitiniai ir tiksliniai (komerciniai) slapukai (angli\u0161kai \u017einomi kaip \u201ecookies\u201c), kurie padeda rodyti m\u016bs\u0173 svetain\u0119, padeda u\u017etikrinti jos funkcionalum\u0105 ir patogi\u0105 navigacij\u0105. Daugiau informacijos apie tai, kaip veikia slapukai, galite rasti interneto svetain\u0117je www.cookiecentral.com. [&hellip;]","og_url":"https:\/\/loftinnhotels.com\/pl\/ciastka\/","og_site_name":"Loftinnhotels.com","article_modified_time":"2024-01-08T20:55:48+00:00","twitter_card":"summary_large_image","twitter_misc":{"Szacowany czas czytania":"3 minuty"},"schema":{"@context":"https:\/\/schema.org","@graph":[{"@type":"WebPage","@id":"https:\/\/loftinnhotels.com\/slapukai\/","url":"https:\/\/loftinnhotels.com\/slapukai\/","name":"Pliki cookie - Loftinnhotels.com","isPartOf":{"@id":"https:\/\/loftinnhotels.com\/#website"},"datePublished":"2022-03-22T12:01:18+00:00","dateModified":"2024-01-08T20:55:48+00:00","breadcrumb":{"@id":"https:\/\/loftinnhotels.com\/slapukai\/#breadcrumb"},"inLanguage":"pl-PL","potentialAction":[{"@type":"ReadAction","target":["https:\/\/loftinnhotels.com\/slapukai\/"]}]},{"@type":"BreadcrumbList","@id":"https:\/\/loftinnhotels.com\/slapukai\/#breadcrumb","itemListElement":[{"@type":"ListItem","position":1,"name":"Home","item":"https:\/\/loftinnhotels.com\/"},{"@type":"ListItem","position":2,"name":"Slapukai"}]},{"@type":"WebSite","@id":"https:\/\/loftinnhotels.com\/#website","url":"https:\/\/loftinnhotels.com\/","name":"Loftinnhotels.com","description":"Si\u0119gasz wysoko? Chod\u017amy do Loft Inn!","potentialAction":[{"@type":"SearchAction","target":{"@type":"EntryPoint","urlTemplate":"https:\/\/loftinnhotels.com\/?s={search_term_string}"},"query-input":{"@type":"PropertyValueSpecification","valueRequired":true,"valueName":"search_term_string"}}],"inLanguage":"pl-PL"}]}},"_links":{"self":[{"href":"https:\/\/loftinnhotels.com\/pl\/wp-json\/wp\/v2\/pages\/3280","targetHints":{"allow":["GET"]}}],"collection":[{"href":"https:\/\/loftinnhotels.com\/pl\/wp-json\/wp\/v2\/pages"}],"about":[{"href":"https:\/\/loftinnhotels.com\/pl\/wp-json\/wp\/v2\/types\/page"}],"author":[{"embeddable":true,"href":"https:\/\/loftinnhotels.com\/pl\/wp-json\/wp\/v2\/users\/1"}],"replies":[{"embeddable":true,"href":"https:\/\/loftinnhotels.com\/pl\/wp-json\/wp\/v2\/comments?post=3280"}],"version-history":[{"count":4,"href":"https:\/\/loftinnhotels.com\/pl\/wp-json\/wp\/v2\/pages\/3280\/revisions"}],"predecessor-version":[{"id":4004,"href":"https:\/\/loftinnhotels.com\/pl\/wp-json\/wp\/v2\/pages\/3280\/revisions\/4004"}],"wp:attachment":[{"href":"https:\/\/loftinnhotels.com\/pl\/wp-json\/wp\/v2\/media?parent=3280"}],"curies":[{"name":"wp","href":"https:\/\/api.w.org\/{rel}","templated":true}]}}