{"id":4303,"date":"2024-01-24T14:15:50","date_gmt":"2024-01-24T14:15:50","guid":{"rendered":"https:\/\/loftinnhotels.com\/?page_id=4303"},"modified":"2024-03-14T13:55:03","modified_gmt":"2024-03-14T13:55:03","slug":"%d0%be-%d0%bd%d0%b0%d1%811","status":"publish","type":"page","link":"https:\/\/loftinnhotels.com\/ru\/%d0%be-%d0%bd%d0%b0%d1%811\/","title":{"rendered":"\u0412\u0430\u0436\u043d\u0430\u044f \u0438\u043d\u0444\u043e\u0440\u043c\u0430\u0446\u0438\u044f \u0434\u043b\u044f \u0433\u043e\u0441\u0442\u0435\u0439"},"content":{"rendered":"<div data-elementor-type=\"wp-post\" data-elementor-id=\"4303\" class=\"elementor elementor-4303\">\n\t\t\t\t\t\t<section class=\"elementor-section elementor-top-section elementor-element elementor-element-13e91cd2 elementor-section-stretched elementor-section-height-min-height elementor-section-full_width elementor-section-height-default elementor-section-items-middle\" data-id=\"13e91cd2\" data-element_type=\"section\" data-e-type=\"section\" data-settings=\"{&quot;stretch_section&quot;:&quot;section-stretched&quot;,&quot;background_background&quot;:&quot;classic&quot;,&quot;hoteller_ext_is_background_parallax&quot;:&quot;false&quot;,&quot;hoteller_ext_is_background_on_scroll&quot;:&quot;false&quot;}\">\n\t\t\t\t\t\t\t<div class=\"elementor-background-overlay\"><\/div>\n\t\t\t\t\t\t\t<div class=\"elementor-container elementor-column-gap-default\">\n\t\t\t\t\t<div class=\"elementor-column elementor-col-100 elementor-top-column elementor-element elementor-element-4628aac3\" data-id=\"4628aac3\" data-element_type=\"column\" data-e-type=\"column\" data-settings=\"{&quot;hoteller_ext_link_sidemenu&quot;:&quot;false&quot;,&quot;hoteller_ext_link_fullmenu&quot;:&quot;false&quot;,&quot;hoteller_ext_link_closed_fullmenu&quot;:&quot;false&quot;,&quot;hoteller_ext_is_scrollme&quot;:&quot;false&quot;,&quot;hoteller_ext_is_smoove&quot;:&quot;false&quot;,&quot;hoteller_ext_is_parallax_mouse&quot;:&quot;false&quot;,&quot;hoteller_ext_is_infinite&quot;:&quot;false&quot;,&quot;hoteller_ext_is_fadeout_animation&quot;:&quot;false&quot;,&quot;hoteller_ext_mobile_static&quot;:&quot;false&quot;}\">\n\t\t\t<div class=\"elementor-widget-wrap elementor-element-populated\">\n\t\t\t\t\t\t<div class=\"elementor-element elementor-element-121e1335 elementor-invisible elementor-widget elementor-widget-heading\" data-id=\"121e1335\" data-element_type=\"widget\" data-e-type=\"widget\" data-settings=\"{&quot;_animation&quot;:&quot;fadeIn&quot;,&quot;hoteller_ext_link_sidemenu&quot;:&quot;false&quot;,&quot;hoteller_ext_link_fullmenu&quot;:&quot;false&quot;,&quot;hoteller_ext_link_closed_fullmenu&quot;:&quot;false&quot;,&quot;hoteller_ext_is_scrollme&quot;:&quot;false&quot;,&quot;hoteller_ext_is_smoove&quot;:&quot;false&quot;,&quot;hoteller_ext_is_parallax_mouse&quot;:&quot;false&quot;,&quot;hoteller_ext_is_infinite&quot;:&quot;false&quot;,&quot;hoteller_ext_is_fadeout_animation&quot;:&quot;false&quot;,&quot;hoteller_ext_mobile_static&quot;:&quot;false&quot;}\" data-widget_type=\"heading.default\">\n\t\t\t\t<div class=\"elementor-widget-container\">\n\t\t\t\t\t<h1 class=\"elementor-heading-title elementor-size-default\">\u0421\u0442\u043e\u0438\u0442 \u0437\u043d\u0430\u0442\u044c <\/h1>\t\t\t\t<\/div>\n\t\t\t\t<\/div>\n\t\t\t\t\t<\/div>\n\t\t<\/div>\n\t\t\t\t\t<\/div>\n\t\t<\/section>\n\t\t\t\t<section class=\"elementor-section elementor-top-section elementor-element elementor-element-47c401f elementor-section-stretched elementor-section-height-min-height elementor-section-boxed elementor-section-height-default elementor-section-items-middle\" data-id=\"47c401f\" data-element_type=\"section\" data-e-type=\"section\" data-settings=\"{&quot;stretch_section&quot;:&quot;section-stretched&quot;,&quot;background_background&quot;:&quot;classic&quot;,&quot;hoteller_ext_is_background_parallax&quot;:&quot;false&quot;,&quot;hoteller_ext_is_background_on_scroll&quot;:&quot;false&quot;}\">\n\t\t\t\t\t\t<div class=\"elementor-container elementor-column-gap-default\">\n\t\t\t\t\t<div class=\"elementor-column elementor-col-100 elementor-top-column elementor-element elementor-element-bd37973\" data-id=\"bd37973\" data-element_type=\"column\" data-e-type=\"column\" data-settings=\"{&quot;hoteller_ext_link_sidemenu&quot;:&quot;false&quot;,&quot;hoteller_ext_link_fullmenu&quot;:&quot;false&quot;,&quot;hoteller_ext_link_closed_fullmenu&quot;:&quot;false&quot;,&quot;hoteller_ext_is_scrollme&quot;:&quot;false&quot;,&quot;hoteller_ext_is_smoove&quot;:&quot;false&quot;,&quot;hoteller_ext_is_parallax_mouse&quot;:&quot;false&quot;,&quot;hoteller_ext_is_infinite&quot;:&quot;false&quot;,&quot;hoteller_ext_is_fadeout_animation&quot;:&quot;false&quot;,&quot;hoteller_ext_mobile_static&quot;:&quot;false&quot;}\">\n\t\t\t<div class=\"elementor-widget-wrap elementor-element-populated\">\n\t\t\t\t<div class=\"elementor-element elementor-element-63304d3 e-con-full e-flex e-con e-parent\" data-id=\"63304d3\" data-element_type=\"container\" data-e-type=\"container\">\n\t\t<div class=\"elementor-element elementor-element-e78b487 e-con-full e-flex e-con e-child\" data-id=\"e78b487\" data-element_type=\"container\" data-e-type=\"container\">\n\t\t\t\t<div class=\"elementor-element elementor-element-ee8b3cd elementor-widget elementor-widget-heading\" data-id=\"ee8b3cd\" data-element_type=\"widget\" data-e-type=\"widget\" data-settings=\"{&quot;hoteller_ext_link_sidemenu&quot;:&quot;false&quot;,&quot;hoteller_ext_link_fullmenu&quot;:&quot;false&quot;,&quot;hoteller_ext_link_closed_fullmenu&quot;:&quot;false&quot;,&quot;hoteller_ext_is_scrollme&quot;:&quot;false&quot;,&quot;hoteller_ext_is_smoove&quot;:&quot;false&quot;,&quot;hoteller_ext_is_parallax_mouse&quot;:&quot;false&quot;,&quot;hoteller_ext_is_infinite&quot;:&quot;false&quot;,&quot;hoteller_ext_is_fadeout_animation&quot;:&quot;false&quot;,&quot;hoteller_ext_mobile_static&quot;:&quot;false&quot;}\" data-widget_type=\"heading.default\">\n\t\t\t\t<div class=\"elementor-widget-container\">\n\t\t\t\t\t<h2 class=\"elementor-heading-title elementor-size-default\">\u0412\u0410\u0416\u041d\u0410\u042f \u0418\u041d\u0424\u041e\u0420\u041c\u0410\u0426\u0418\u042f \u0414\u041b\u042f \u0413\u041e\u0421\u0422\u0415\u0419<\/h2>\t\t\t\t<\/div>\n\t\t\t\t<\/div>\n\t\t\t\t<div class=\"elementor-element elementor-element-6a665a4 elementor-widget elementor-widget-accordion\" data-id=\"6a665a4\" data-element_type=\"widget\" data-e-type=\"widget\" data-settings=\"{&quot;hoteller_ext_link_sidemenu&quot;:&quot;false&quot;,&quot;hoteller_ext_link_fullmenu&quot;:&quot;false&quot;,&quot;hoteller_ext_link_closed_fullmenu&quot;:&quot;false&quot;,&quot;hoteller_ext_is_scrollme&quot;:&quot;false&quot;,&quot;hoteller_ext_is_smoove&quot;:&quot;false&quot;,&quot;hoteller_ext_is_parallax_mouse&quot;:&quot;false&quot;,&quot;hoteller_ext_is_infinite&quot;:&quot;false&quot;,&quot;hoteller_ext_is_fadeout_animation&quot;:&quot;false&quot;,&quot;hoteller_ext_mobile_static&quot;:&quot;false&quot;}\" data-widget_type=\"accordion.default\">\n\t\t\t\t<div class=\"elementor-widget-container\">\n\t\t\t\t\t\t\t<div class=\"elementor-accordion\">\n\t\t\t\t\t\t\t<div class=\"elementor-accordion-item\">\n\t\t\t\t\t<div id=\"elementor-tab-title-1111\" class=\"elementor-tab-title\" data-tab=\"1\" role=\"button\" aria-controls=\"elementor-tab-content-1111\" aria-expanded=\"false\">\n\t\t\t\t\t\t\t\t\t\t\t\t\t<span class=\"elementor-accordion-icon elementor-accordion-icon-right\" aria-hidden=\"true\">\n\t\t\t\t\t\t\t\t\t\t\t\t\t\t\t<span class=\"elementor-accordion-icon-closed\"><i class=\"fas fa-chevron-down\"><\/i><\/span>\n\t\t\t\t\t\t\t\t<span class=\"elementor-accordion-icon-opened\"><i class=\"fas fa-chevron-up\"><\/i><\/span>\n\t\t\t\t\t\t\t\t\t\t\t\t\t\t<\/span>\n\t\t\t\t\t\t\t\t\t\t\t\t<a class=\"elementor-accordion-title\" tabindex=\"0\">\u0412\u0440\u0435\u043c\u044f \u0437\u0430\u0435\u0437\u0434\u0430\/\u0432\u044b\u0435\u0437\u0434\u0430 <\/a>\n\t\t\t\t\t<\/div>\n\t\t\t\t\t<div id=\"elementor-tab-content-1111\" class=\"elementor-tab-content elementor-clearfix\" data-tab=\"1\" role=\"region\" aria-labelledby=\"elementor-tab-title-1111\"><p>\u0421\u0430\u043c\u043e\u0441\u0442\u043e\u044f\u0442\u0435\u043b\u044c\u043d\u0430\u044f \u0440\u0435\u0433\u0438\u0441\u0442\u0440\u0430\u0446\u0438\u044f \u0438 \u0441\u0430\u043c\u043e\u0441\u0442\u043e\u044f\u0442\u0435\u043b\u044c\u043d\u044b\u0439 \u0432\u044b\u0435\u0437\u0434<\/p><p>\u0412\u0440\u0435\u043c\u044f \u0437\u0430\u0435\u0437\u0434\u0430 \u0441 15:00<\/p><p>\u0412\u0440\u0435\u043c\u044f \u043e\u0442\u044a\u0435\u0437\u0434\u0430 \u0434\u043e 11:00<\/p><\/div>\n\t\t\t\t<\/div>\n\t\t\t\t\t\t\t<div class=\"elementor-accordion-item\">\n\t\t\t\t\t<div id=\"elementor-tab-title-1112\" class=\"elementor-tab-title\" data-tab=\"2\" role=\"button\" aria-controls=\"elementor-tab-content-1112\" aria-expanded=\"false\">\n\t\t\t\t\t\t\t\t\t\t\t\t\t<span class=\"elementor-accordion-icon elementor-accordion-icon-right\" aria-hidden=\"true\">\n\t\t\t\t\t\t\t\t\t\t\t\t\t\t\t<span class=\"elementor-accordion-icon-closed\"><i class=\"fas fa-chevron-down\"><\/i><\/span>\n\t\t\t\t\t\t\t\t<span class=\"elementor-accordion-icon-opened\"><i class=\"fas fa-chevron-up\"><\/i><\/span>\n\t\t\t\t\t\t\t\t\t\t\t\t\t\t<\/span>\n\t\t\t\t\t\t\t\t\t\t\t\t<a class=\"elementor-accordion-title\" tabindex=\"0\">\u0418\u043d\u0444\u043e\u0440\u043c\u0430\u0446\u0438\u044f \u043e \u0432\u0438\u0437\u0435 <\/a>\n\t\t\t\t\t<\/div>\n\t\t\t\t\t<div id=\"elementor-tab-content-1112\" class=\"elementor-tab-content elementor-clearfix\" data-tab=\"2\" role=\"region\" aria-labelledby=\"elementor-tab-title-1112\"><p class=\"translation-block\">\u0413\u0440\u0430\u0436\u0434\u0430\u043d\u0435 \u0441\u0442\u0440\u0430\u043d \u0415\u0421 \u043c\u043e\u0433\u0443\u0442 \u0432\u044a\u0435\u0437\u0436\u0430\u0442\u044c \u0432 \u041b\u0438\u0442\u0432\u0443 \u0431\u0435\u0437 \u0432\u0438\u0437\u044b.\n\u0414\u043b\u044f \u043f\u043e\u0441\u0435\u0442\u0438\u0442\u0435\u043b\u0435\u0439 \u0438\u0437 \u0441\u0442\u0440\u0430\u043d, \u043d\u0435 \u0432\u0445\u043e\u0434\u044f\u0449\u0438\u0445 \u0432 \u0415\u0421, \u0442\u0440\u0435\u0431\u0443\u0435\u0442\u0441\u044f \u0432\u0438\u0437\u0430.<\/p><p>\u0411\u043e\u043b\u044c\u0448\u0435 \u0438\u043d\u0444\u043e\u0440\u043c\u0430\u0446\u0438\u0438:<\/p><p><a href=\"https:\/\/keliauk.urm.lt\/ru\"><span style=\"text-decoration: underline;\">\u041c\u0418\u0414 \u041b\u0438\u0442\u043e\u0432\u0441\u043a\u043e\u0439 \u0420\u0435\u0441\u043f\u0443\u0431\u043b\u0438\u043a\u0438<\/span><\/a><\/p><\/div>\n\t\t\t\t<\/div>\n\t\t\t\t\t\t\t<div class=\"elementor-accordion-item\">\n\t\t\t\t\t<div id=\"elementor-tab-title-1113\" class=\"elementor-tab-title\" data-tab=\"3\" role=\"button\" aria-controls=\"elementor-tab-content-1113\" aria-expanded=\"false\">\n\t\t\t\t\t\t\t\t\t\t\t\t\t<span class=\"elementor-accordion-icon elementor-accordion-icon-right\" aria-hidden=\"true\">\n\t\t\t\t\t\t\t\t\t\t\t\t\t\t\t<span class=\"elementor-accordion-icon-closed\"><i class=\"fas fa-chevron-down\"><\/i><\/span>\n\t\t\t\t\t\t\t\t<span class=\"elementor-accordion-icon-opened\"><i class=\"fas fa-chevron-up\"><\/i><\/span>\n\t\t\t\t\t\t\t\t\t\t\t\t\t\t<\/span>\n\t\t\t\t\t\t\t\t\t\t\t\t<a class=\"elementor-accordion-title\" tabindex=\"0\">\u041f\u043e\u043b\u0435\u0437\u043d\u043e \u0437\u043d\u0430\u0442\u044c<\/a>\n\t\t\t\t\t<\/div>\n\t\t\t\t\t<div id=\"elementor-tab-content-1113\" class=\"elementor-tab-content elementor-clearfix\" data-tab=\"3\" role=\"region\" aria-labelledby=\"elementor-tab-title-1113\"><p><strong>\u0422\u0438\u043f \u0448\u0442\u0435\u043a\u0435\u0440\u0430<\/strong>: \u0421<\/p><p class=\"translation-block\"><strong>\u0412\u0430\u043b\u044e\u0442\u0430<\/strong>: EUR - \u0415\u0432\u0440\u043e (\u20ac). \u0423\u0437\u043d\u0430\u0442\u044c \u0442\u0435\u043a\u0443\u0449\u0438\u0439 \u043a\u0443\u0440\u0441 \u0432\u0430\u043b\u044e\u0442 \u043c\u043e\u0436\u043d\u043e \u0432 <a href=\"http:\/\/www.topexchange.lt\" target=\"_self\">TOP EXCHANGE<\/a>, \u0430 \u043e\u0431\u043c\u0435\u043d\u044f\u0442\u044c \u0434\u0435\u043d\u044c\u0433\u0438 \u043c\u043e\u0436\u043d\u043e \u043d\u0430 \u043f\u0435\u0440\u0432\u043e\u043c \u044d\u0442\u0430\u0436\u0435 \u0437\u0434\u0430\u043d\u0438\u044f \u0433\u043e\u0441\u0442\u0438\u043d\u0438\u0446\u044b<\/p><p class=\"translation-block\"><strong>\u042f\u0437\u044b\u043a\u0438<\/strong>: \u043e\u0444\u0438\u0446\u0438\u0430\u043b\u044c\u043d\u044b\u043c \u044f\u0437\u044b\u043a\u043e\u043c \u041b\u0438\u0442\u043e\u0432\u0441\u043a\u043e\u0439 \u0420\u0435\u0441\u043f\u0443\u0431\u043b\u0438\u043a\u0438 \u044f\u0432\u043b\u044f\u0435\u0442\u0441\u044f \u043b\u0438\u0442\u043e\u0432\u0441\u043a\u0438\u0439, \u043d\u043e \u0436\u0438\u0442\u0435\u043b\u0438 \u0412\u0438\u043b\u044c\u043d\u044e\u0441\u0430 \u0433\u043e\u0432\u043e\u0440\u044f\u0442 \u043d\u0430 \u0430\u043d\u0433\u043b\u0438\u0439\u0441\u043a\u043e\u043c, \u0440\u0443\u0441\u0441\u043a\u043e\u043c \u0438 \u043f\u043e\u043b\u044c\u0441\u043a\u043e\u043c \u044f\u0437\u044b\u043a\u0430\u0445.<\/p><p><strong>\u0427\u0430\u0441\u043e\u0432\u043e\u0439 \u043f\u043e\u044f\u0441<\/strong> GMT + 2 \u0447\u0430\u0441\u0430<\/p><\/div>\n\t\t\t\t<\/div>\n\t\t\t\t\t\t\t\t<\/div>\n\t\t\t\t\t\t<\/div>\n\t\t\t\t<\/div>\n\t\t\t\t<\/div>\n\t\t<div class=\"elementor-element elementor-element-e9f9003 e-con-full e-flex e-con e-child\" data-id=\"e9f9003\" data-element_type=\"container\" data-e-type=\"container\">\n\t\t\t\t<div class=\"elementor-element elementor-element-c474646 elementor-widget elementor-widget-image\" data-id=\"c474646\" data-element_type=\"widget\" data-e-type=\"widget\" data-settings=\"{&quot;hoteller_image_is_animation&quot;:&quot;false&quot;,&quot;hoteller_ext_link_sidemenu&quot;:&quot;false&quot;,&quot;hoteller_ext_link_fullmenu&quot;:&quot;false&quot;,&quot;hoteller_ext_link_closed_fullmenu&quot;:&quot;false&quot;,&quot;hoteller_ext_is_scrollme&quot;:&quot;false&quot;,&quot;hoteller_ext_is_smoove&quot;:&quot;false&quot;,&quot;hoteller_ext_is_parallax_mouse&quot;:&quot;false&quot;,&quot;hoteller_ext_is_infinite&quot;:&quot;false&quot;,&quot;hoteller_ext_is_fadeout_animation&quot;:&quot;false&quot;,&quot;hoteller_ext_mobile_static&quot;:&quot;false&quot;}\" data-widget_type=\"image.default\">\n\t\t\t\t<div class=\"elementor-widget-container\">\n\t\t\t\t\t\t\t\t\t\t\t\t\t\t\t<img fetchpriority=\"high\" decoding=\"async\" width=\"1024\" height=\"646\" src=\"https:\/\/loftinnhotels.com\/wp-content\/uploads\/2024\/01\/PenktaFoto-1024x646.jpg\" class=\"attachment-large size-large wp-image-4285\" alt=\"\" srcset=\"https:\/\/loftinnhotels.com\/wp-content\/uploads\/2024\/01\/PenktaFoto-1024x646.jpg 1024w, https:\/\/loftinnhotels.com\/wp-content\/uploads\/2024\/01\/PenktaFoto-300x189.jpg 300w, https:\/\/loftinnhotels.com\/wp-content\/uploads\/2024\/01\/PenktaFoto-768x485.jpg 768w, https:\/\/loftinnhotels.com\/wp-content\/uploads\/2024\/01\/PenktaFoto-18x12.jpg 18w, https:\/\/loftinnhotels.com\/wp-content\/uploads\/2024\/01\/PenktaFoto-440x278.jpg 440w, https:\/\/loftinnhotels.com\/wp-content\/uploads\/2024\/01\/PenktaFoto-600x379.jpg 600w, https:\/\/loftinnhotels.com\/wp-content\/uploads\/2024\/01\/PenktaFoto.jpg 1440w\" sizes=\"(max-width: 1024px) 100vw, 1024px\" \/>\t\t\t\t\t\t\t\t\t\t\t\t\t\t\t<\/div>\n\t\t\t\t<\/div>\n\t\t\t\t<\/div>\n\t\t\t\t<\/div>\n\t\t\t\t\t<\/div>\n\t\t<\/div>\n\t\t\t\t\t<\/div>\n\t\t<\/section>\n\t\t\t\t<\/div>","protected":false},"excerpt":{"rendered":"<p>Verta \u017einoti SVARBI INFORMACIJA SVE\u010cIAMS \u012esiregistravimo \/ i\u0161siregistravimo laikas \u012e vie\u0161but\u012f galima registruotis ir atvykti savaranki\u0161kai (self check-in) Atvykimas nuo 15:00 val. I\u0161vykimas iki 11:00 val. Informacija apie vizas ES valstybi\u0173 nari\u0173 pilie\u010diams \u012f Lietuvos Respublik\u0105 leid\u017eiama atvykti be vizos.Atvykstantiems [&hellip;]<\/p>\n","protected":false},"author":1,"featured_media":0,"parent":0,"menu_order":0,"comment_status":"closed","ping_status":"closed","template":"","meta":{"footnotes":""},"class_list":["post-4303","page","type-page","status-publish","hentry"],"yoast_head":"<!-- This site is optimized with the Yoast SEO plugin v27.3 - https:\/\/yoast.com\/product\/yoast-seo-wordpress\/ -->\n<title>Important information for guests (2026) Loftinnhotels.com<\/title>\n<meta name=\"description\" content=\"Important information for guests: check-in\/check-out times. Visa information. Fast and convenient hotel reservation in Vilnius! Read more:\" \/>\n<meta name=\"robots\" content=\"index, follow, max-snippet:-1, max-image-preview:large, max-video-preview:-1\" \/>\n<link rel=\"canonical\" href=\"https:\/\/loftinnhotels.com\/ru\/\u043e-\u043d\u0430\u04411\/\" \/>\n<meta property=\"og:locale\" content=\"ru_RU\" \/>\n<meta property=\"og:type\" content=\"article\" \/>\n<meta property=\"og:title\" content=\"Important information for guests (2026) Loftinnhotels.com\" \/>\n<meta property=\"og:description\" content=\"Important information for guests: check-in\/check-out times. Visa information. Fast and convenient hotel reservation in Vilnius! Read more:\" \/>\n<meta property=\"og:url\" content=\"https:\/\/loftinnhotels.com\/ru\/\u043e-\u043d\u0430\u04411\/\" \/>\n<meta property=\"og:site_name\" content=\"Loftinnhotels.com\" \/>\n<meta property=\"article:modified_time\" content=\"2024-03-14T13:55:03+00:00\" \/>\n<meta property=\"og:image\" content=\"http:\/\/loftinnhotels.com\/wp-content\/uploads\/2024\/01\/PenktaFoto-1024x646.jpg\" \/>\n<meta name=\"twitter:card\" content=\"summary_large_image\" \/>\n<meta name=\"twitter:label1\" content=\"\u041f\u0440\u0438\u043c\u0435\u0440\u043d\u043e\u0435 \u0432\u0440\u0435\u043c\u044f \u0434\u043b\u044f \u0447\u0442\u0435\u043d\u0438\u044f\" \/>\n\t<meta name=\"twitter:data1\" content=\"1 \u043c\u0438\u043d\u0443\u0442\u0430\" \/>\n<script type=\"application\/ld+json\" class=\"yoast-schema-graph\">{\"@context\":\"https:\\\/\\\/schema.org\",\"@graph\":[{\"@type\":\"WebPage\",\"@id\":\"https:\\\/\\\/loftinnhotels.com\\\/apie-mus1\\\/\",\"url\":\"https:\\\/\\\/loftinnhotels.com\\\/apie-mus1\\\/\",\"name\":\"Important information for guests (2026) Loftinnhotels.com\",\"isPartOf\":{\"@id\":\"https:\\\/\\\/loftinnhotels.com\\\/#website\"},\"primaryImageOfPage\":{\"@id\":\"https:\\\/\\\/loftinnhotels.com\\\/apie-mus1\\\/#primaryimage\"},\"image\":{\"@id\":\"https:\\\/\\\/loftinnhotels.com\\\/apie-mus1\\\/#primaryimage\"},\"thumbnailUrl\":\"http:\\\/\\\/loftinnhotels.com\\\/wp-content\\\/uploads\\\/2024\\\/01\\\/PenktaFoto-1024x646.jpg\",\"datePublished\":\"2024-01-24T14:15:50+00:00\",\"dateModified\":\"2024-03-14T13:55:03+00:00\",\"description\":\"Important information for guests: check-in\\\/check-out times. Visa information. Fast and convenient hotel reservation in Vilnius! Read more:\",\"breadcrumb\":{\"@id\":\"https:\\\/\\\/loftinnhotels.com\\\/apie-mus1\\\/#breadcrumb\"},\"inLanguage\":\"ru-RU\",\"potentialAction\":[{\"@type\":\"ReadAction\",\"target\":[\"https:\\\/\\\/loftinnhotels.com\\\/apie-mus1\\\/\"]}]},{\"@type\":\"ImageObject\",\"inLanguage\":\"ru-RU\",\"@id\":\"https:\\\/\\\/loftinnhotels.com\\\/apie-mus1\\\/#primaryimage\",\"url\":\"http:\\\/\\\/loftinnhotels.com\\\/wp-content\\\/uploads\\\/2024\\\/01\\\/PenktaFoto-1024x646.jpg\",\"contentUrl\":\"http:\\\/\\\/loftinnhotels.com\\\/wp-content\\\/uploads\\\/2024\\\/01\\\/PenktaFoto-1024x646.jpg\"},{\"@type\":\"BreadcrumbList\",\"@id\":\"https:\\\/\\\/loftinnhotels.com\\\/apie-mus1\\\/#breadcrumb\",\"itemListElement\":[{\"@type\":\"ListItem\",\"position\":1,\"name\":\"Home\",\"item\":\"https:\\\/\\\/loftinnhotels.com\\\/\"},{\"@type\":\"ListItem\",\"position\":2,\"name\":\"Svarbi informacija sve\u010diams\"}]},{\"@type\":\"WebSite\",\"@id\":\"https:\\\/\\\/loftinnhotels.com\\\/#website\",\"url\":\"https:\\\/\\\/loftinnhotels.com\\\/\",\"name\":\"Loftinnhotels.com\",\"description\":\"Siekiate auk\u0161tum\u0173? Kylam \u012f Loft Inn! \",\"potentialAction\":[{\"@type\":\"SearchAction\",\"target\":{\"@type\":\"EntryPoint\",\"urlTemplate\":\"https:\\\/\\\/loftinnhotels.com\\\/?s={search_term_string}\"},\"query-input\":{\"@type\":\"PropertyValueSpecification\",\"valueRequired\":true,\"valueName\":\"search_term_string\"}}],\"inLanguage\":\"ru-RU\"}]}<\/script>\n<!-- \/ Yoast SEO plugin. -->","yoast_head_json":{"title":"\u0412\u0430\u0436\u043d\u0430\u044f \u0438\u043d\u0444\u043e\u0440\u043c\u0430\u0446\u0438\u044f \u0434\u043b\u044f \u0433\u043e\u0441\u0442\u0435\u0439 (2026) Loftinnhotels.com","description":"\u0412\u0430\u0436\u043d\u0430\u044f \u0438\u043d\u0444\u043e\u0440\u043c\u0430\u0446\u0438\u044f \u0434\u043b\u044f \u0433\u043e\u0441\u0442\u0435\u0439: \u0432\u0440\u0435\u043c\u044f \u0437\u0430\u0435\u0437\u0434\u0430\/\u0432\u044b\u0435\u0437\u0434\u0430. \u0412\u0441\u044f \u0438\u043d\u0444\u043e\u0440\u043c\u0430\u0446\u0438\u044f. \u0411\u044b\u0441\u0442\u0440\u043e\u0435 \u0438 \u0443\u0434\u043e\u0431\u043d\u043e\u0435 \u0431\u0440\u043e\u043d\u0438\u0440\u043e\u0432\u0430\u043d\u0438\u0435 \u043e\u0442\u0435\u043b\u0435\u0439 \u0432 \u0412\u0438\u043b\u044c\u043d\u044e\u0441\u0435! \u0427\u0438\u0442\u0430\u0442\u044c \u0434\u0430\u043b\u0435\u0435:","robots":{"index":"index","follow":"follow","max-snippet":"max-snippet:-1","max-image-preview":"max-image-preview:large","max-video-preview":"max-video-preview:-1"},"canonical":"https:\/\/loftinnhotels.com\/ru\/\u043e-\u043d\u0430\u04411\/","og_locale":"ru_RU","og_type":"article","og_title":"Important information for guests (2026) Loftinnhotels.com","og_description":"Important information for guests: check-in\/check-out times. Visa information. Fast and convenient hotel reservation in Vilnius! Read more:","og_url":"https:\/\/loftinnhotels.com\/ru\/\u043e-\u043d\u0430\u04411\/","og_site_name":"Loftinnhotels.com","article_modified_time":"2024-03-14T13:55:03+00:00","og_image":[{"url":"http:\/\/loftinnhotels.com\/wp-content\/uploads\/2024\/01\/PenktaFoto-1024x646.jpg","type":"","width":"","height":""}],"twitter_card":"summary_large_image","twitter_misc":{"\u041f\u0440\u0438\u043c\u0435\u0440\u043d\u043e\u0435 \u0432\u0440\u0435\u043c\u044f \u0434\u043b\u044f \u0447\u0442\u0435\u043d\u0438\u044f":"1 \u043c\u0438\u043d\u0443\u0442\u0430"},"schema":{"@context":"https:\/\/schema.org","@graph":[{"@type":"WebPage","@id":"https:\/\/loftinnhotels.com\/apie-mus1\/","url":"https:\/\/loftinnhotels.com\/apie-mus1\/","name":"\u0412\u0430\u0436\u043d\u0430\u044f \u0438\u043d\u0444\u043e\u0440\u043c\u0430\u0446\u0438\u044f \u0434\u043b\u044f \u0433\u043e\u0441\u0442\u0435\u0439 (2026) Loftinnhotels.com","isPartOf":{"@id":"https:\/\/loftinnhotels.com\/#website"},"primaryImageOfPage":{"@id":"https:\/\/loftinnhotels.com\/apie-mus1\/#primaryimage"},"image":{"@id":"https:\/\/loftinnhotels.com\/apie-mus1\/#primaryimage"},"thumbnailUrl":"http:\/\/loftinnhotels.com\/wp-content\/uploads\/2024\/01\/PenktaFoto-1024x646.jpg","datePublished":"2024-01-24T14:15:50+00:00","dateModified":"2024-03-14T13:55:03+00:00","description":"\u0412\u0430\u0436\u043d\u0430\u044f \u0438\u043d\u0444\u043e\u0440\u043c\u0430\u0446\u0438\u044f \u0434\u043b\u044f \u0433\u043e\u0441\u0442\u0435\u0439: \u0432\u0440\u0435\u043c\u044f \u0437\u0430\u0435\u0437\u0434\u0430\/\u0432\u044b\u0435\u0437\u0434\u0430. \u0412\u0441\u044f \u0438\u043d\u0444\u043e\u0440\u043c\u0430\u0446\u0438\u044f. \u0411\u044b\u0441\u0442\u0440\u043e\u0435 \u0438 \u0443\u0434\u043e\u0431\u043d\u043e\u0435 \u0431\u0440\u043e\u043d\u0438\u0440\u043e\u0432\u0430\u043d\u0438\u0435 \u043e\u0442\u0435\u043b\u0435\u0439 \u0432 \u0412\u0438\u043b\u044c\u043d\u044e\u0441\u0435! \u0427\u0438\u0442\u0430\u0442\u044c \u0434\u0430\u043b\u0435\u0435:","breadcrumb":{"@id":"https:\/\/loftinnhotels.com\/apie-mus1\/#breadcrumb"},"inLanguage":"ru-RU","potentialAction":[{"@type":"ReadAction","target":["https:\/\/loftinnhotels.com\/apie-mus1\/"]}]},{"@type":"ImageObject","inLanguage":"ru-RU","@id":"https:\/\/loftinnhotels.com\/apie-mus1\/#primaryimage","url":"http:\/\/loftinnhotels.com\/wp-content\/uploads\/2024\/01\/PenktaFoto-1024x646.jpg","contentUrl":"http:\/\/loftinnhotels.com\/wp-content\/uploads\/2024\/01\/PenktaFoto-1024x646.jpg"},{"@type":"BreadcrumbList","@id":"https:\/\/loftinnhotels.com\/apie-mus1\/#breadcrumb","itemListElement":[{"@type":"ListItem","position":1,"name":"Home","item":"https:\/\/loftinnhotels.com\/"},{"@type":"ListItem","position":2,"name":"Svarbi informacija sve\u010diams"}]},{"@type":"WebSite","@id":"https:\/\/loftinnhotels.com\/#website","url":"https:\/\/loftinnhotels.com\/","name":"Loftinnhotels.com","description":"\u0412\u044b \u043b\u044e\u0431\u0438\u0442\u0435 \u0432\u044b\u0441\u043e\u0442\u044b? \u0422\u043e\u0433\u0434\u0430 \u043f\u043e\u0434\u043d\u0438\u043c\u0438\u0442\u0435\u0441\u044c \u0432 Loft Inn!","potentialAction":[{"@type":"SearchAction","target":{"@type":"EntryPoint","urlTemplate":"https:\/\/loftinnhotels.com\/?s={search_term_string}"},"query-input":{"@type":"PropertyValueSpecification","valueRequired":true,"valueName":"search_term_string"}}],"inLanguage":"ru-RU"}]}},"_links":{"self":[{"href":"https:\/\/loftinnhotels.com\/ru\/wp-json\/wp\/v2\/pages\/4303","targetHints":{"allow":["GET"]}}],"collection":[{"href":"https:\/\/loftinnhotels.com\/ru\/wp-json\/wp\/v2\/pages"}],"about":[{"href":"https:\/\/loftinnhotels.com\/ru\/wp-json\/wp\/v2\/types\/page"}],"author":[{"embeddable":true,"href":"https:\/\/loftinnhotels.com\/ru\/wp-json\/wp\/v2\/users\/1"}],"replies":[{"embeddable":true,"href":"https:\/\/loftinnhotels.com\/ru\/wp-json\/wp\/v2\/comments?post=4303"}],"version-history":[{"count":97,"href":"https:\/\/loftinnhotels.com\/ru\/wp-json\/wp\/v2\/pages\/4303\/revisions"}],"predecessor-version":[{"id":5674,"href":"https:\/\/loftinnhotels.com\/ru\/wp-json\/wp\/v2\/pages\/4303\/revisions\/5674"}],"wp:attachment":[{"href":"https:\/\/loftinnhotels.com\/ru\/wp-json\/wp\/v2\/media?parent=4303"}],"curies":[{"name":"wp","href":"https:\/\/api.w.org\/{rel}","templated":true}]}}