{"id":770,"date":"2018-06-26T05:53:11","date_gmt":"2018-06-26T05:53:11","guid":{"rendered":"https:\/\/hotellerv1.themegoods.com\/\/?page_id=770"},"modified":"2024-03-14T13:56:37","modified_gmt":"2024-03-14T13:56:37","slug":"%d1%83%d1%81%d0%bb%d0%be%d0%b2%d0%b8%d1%8f_%d0%b8%d1%81%d0%bf%d0%be%d0%bb%d1%8c%d0%b7%d0%be%d0%b2%d0%b0%d0%bd%d0%b8%d1%8f","status":"publish","type":"page","link":"https:\/\/loftinnhotels.com\/ru\/%d1%83%d1%81%d0%bb%d0%be%d0%b2%d0%b8%d1%8f_%d0%b8%d1%81%d0%bf%d0%be%d0%bb%d1%8c%d0%b7%d0%be%d0%b2%d0%b0%d0%bd%d0%b8%d1%8f\/","title":{"rendered":"\u0423\u0441\u043b\u043e\u0432\u0438\u044f \u0438 \u043f\u043e\u043b\u043e\u0436\u0435\u043d\u0438\u044f"},"content":{"rendered":"<div data-elementor-type=\"wp-post\" data-elementor-id=\"770\" class=\"elementor elementor-770\">\n\t\t\t\t\t\t<section class=\"elementor-section elementor-top-section elementor-element elementor-element-c8d681f elementor-section-boxed elementor-section-height-default elementor-section-height-default\" data-id=\"c8d681f\" data-element_type=\"section\" data-e-type=\"section\" data-settings=\"{&quot;hoteller_ext_is_background_parallax&quot;:&quot;false&quot;,&quot;hoteller_ext_is_background_on_scroll&quot;:&quot;false&quot;}\">\n\t\t\t\t\t\t<div class=\"elementor-container elementor-column-gap-default\">\n\t\t\t\t\t<div class=\"elementor-column elementor-col-100 elementor-top-column elementor-element elementor-element-03a5609\" data-id=\"03a5609\" data-element_type=\"column\" data-e-type=\"column\" data-settings=\"{&quot;hoteller_ext_link_sidemenu&quot;:&quot;false&quot;,&quot;hoteller_ext_link_fullmenu&quot;:&quot;false&quot;,&quot;hoteller_ext_link_closed_fullmenu&quot;:&quot;false&quot;,&quot;hoteller_ext_is_scrollme&quot;:&quot;false&quot;,&quot;hoteller_ext_is_smoove&quot;:&quot;false&quot;,&quot;hoteller_ext_is_parallax_mouse&quot;:&quot;false&quot;,&quot;hoteller_ext_is_infinite&quot;:&quot;false&quot;,&quot;hoteller_ext_is_fadeout_animation&quot;:&quot;false&quot;,&quot;hoteller_ext_mobile_static&quot;:&quot;false&quot;}\">\n\t\t\t<div class=\"elementor-widget-wrap elementor-element-populated\">\n\t\t\t\t\t\t<div class=\"elementor-element elementor-element-1a8b0ed elementor-widget elementor-widget-heading\" data-id=\"1a8b0ed\" data-element_type=\"widget\" data-e-type=\"widget\" data-settings=\"{&quot;hoteller_ext_link_sidemenu&quot;:&quot;false&quot;,&quot;hoteller_ext_link_fullmenu&quot;:&quot;false&quot;,&quot;hoteller_ext_link_closed_fullmenu&quot;:&quot;false&quot;,&quot;hoteller_ext_is_scrollme&quot;:&quot;false&quot;,&quot;hoteller_ext_is_smoove&quot;:&quot;false&quot;,&quot;hoteller_ext_is_parallax_mouse&quot;:&quot;false&quot;,&quot;hoteller_ext_is_infinite&quot;:&quot;false&quot;,&quot;hoteller_ext_is_fadeout_animation&quot;:&quot;false&quot;,&quot;hoteller_ext_mobile_static&quot;:&quot;false&quot;}\" data-widget_type=\"heading.default\">\n\t\t\t\t<div class=\"elementor-widget-container\">\n\t\t\t\t\t<h3 class=\"elementor-heading-title elementor-size-default\">\u0423\u0441\u043b\u043e\u0432\u0438\u044f \u0438 \u043f\u043e\u043b\u043e\u0436\u0435\u043d\u0438\u044f<\/h3>\t\t\t\t<\/div>\n\t\t\t\t<\/div>\n\t\t\t\t<div class=\"elementor-element elementor-element-625b11b elementor-widget elementor-widget-accordion\" data-id=\"625b11b\" data-element_type=\"widget\" data-e-type=\"widget\" data-settings=\"{&quot;hoteller_ext_link_sidemenu&quot;:&quot;false&quot;,&quot;hoteller_ext_link_fullmenu&quot;:&quot;false&quot;,&quot;hoteller_ext_link_closed_fullmenu&quot;:&quot;false&quot;,&quot;hoteller_ext_is_scrollme&quot;:&quot;false&quot;,&quot;hoteller_ext_is_smoove&quot;:&quot;false&quot;,&quot;hoteller_ext_is_parallax_mouse&quot;:&quot;false&quot;,&quot;hoteller_ext_is_infinite&quot;:&quot;false&quot;,&quot;hoteller_ext_is_fadeout_animation&quot;:&quot;false&quot;,&quot;hoteller_ext_mobile_static&quot;:&quot;false&quot;}\" data-widget_type=\"accordion.default\">\n\t\t\t\t<div class=\"elementor-widget-container\">\n\t\t\t\t\t\t\t<div class=\"elementor-accordion\">\n\t\t\t\t\t\t\t<div class=\"elementor-accordion-item\">\n\t\t\t\t\t<div id=\"elementor-tab-title-1031\" class=\"elementor-tab-title\" data-tab=\"1\" role=\"button\" aria-controls=\"elementor-tab-content-1031\" aria-expanded=\"false\">\n\t\t\t\t\t\t\t\t\t\t\t\t\t<span class=\"elementor-accordion-icon elementor-accordion-icon-right\" aria-hidden=\"true\">\n\t\t\t\t\t\t\t\t\t\t\t\t\t\t\t<span class=\"elementor-accordion-icon-closed\"><i class=\"fas fa-chevron-down\"><\/i><\/span>\n\t\t\t\t\t\t\t\t<span class=\"elementor-accordion-icon-opened\"><i class=\"fas fa-chevron-up\"><\/i><\/span>\n\t\t\t\t\t\t\t\t\t\t\t\t\t\t<\/span>\n\t\t\t\t\t\t\t\t\t\t\t\t<a class=\"elementor-accordion-title\" tabindex=\"0\">\u0412\u0440\u0435\u043c\u044f \u043f\u0440\u0438\u0431\u044b\u0442\u0438\u044f \u0438 \u043e\u0442\u044a\u0435\u0437\u0434\u0430 \u0433\u043e\u0441\u0442\u0435\u0439 <\/a>\n\t\t\t\t\t<\/div>\n\t\t\t\t\t<div id=\"elementor-tab-content-1031\" class=\"elementor-tab-content elementor-clearfix\" data-tab=\"1\" role=\"region\" aria-labelledby=\"elementor-tab-title-1031\"><p>\u0413\u043e\u0441\u0442\u0438 \u043c\u043e\u0433\u0443\u0442 \u043f\u0440\u043e\u0439\u0442\u0438 \u0440\u0435\u0433\u0438\u0441\u0442\u0440\u0430\u0446\u0438\u044e \u0441 15:00 \u0434\u043e 22:00 \u0432 \u0434\u0435\u043d\u044c \u043f\u0440\u0438\u0431\u044b\u0442\u0438\u044f, \u0443\u043a\u0430\u0437\u0430\u043d\u043d\u044b\u0439 \u0432 \u0431\u0440\u043e\u043d\u0438\u0440\u043e\u0432\u0430\u043d\u0438\u0438. \u041e \u043f\u043e\u0437\u0434\u043d\u0435\u043c \u0438\u043b\u0438 \u0440\u0430\u043d\u043d\u0435\u043c \u0437\u0430\u0435\u0437\u0434\u0435 \u043d\u0435\u043e\u0431\u0445\u043e\u0434\u0438\u043c\u043e \u0441\u043e\u043e\u0431\u0449\u0438\u0442\u044c \u0437\u0430\u0440\u0430\u043d\u0435\u0435.<\/p><p>\u0413\u043e\u0441\u0442\u0438, \u043f\u0440\u0438\u0431\u044b\u0432\u0430\u044e\u0449\u0438\u0435 \u0434\u043e 15:00, \u043c\u043e\u0433\u0443\u0442 \u043e\u0441\u0442\u0430\u0432\u0438\u0442\u044c \u0441\u0432\u043e\u0439 \u0431\u0430\u0433\u0430\u0436 \u0432 \u043a\u0430\u043c\u0435\u0440\u0435 \u0445\u0440\u0430\u043d\u0435\u043d\u0438\u044f.<\/p><p class=\"translation-block\">\u0413\u043e\u0441\u0442\u0438  \u0434\u043e\u043b\u0436\u043d\u044b <strong>\u043f\u043e\u043a\u0438\u043d\u0443\u0442\u044c \u043e\u0442\u0435\u043b\u044c \u0434\u043e 11:00 \u0432 \u0434\u0435\u043d\u044c \u043e\u0442\u044a\u0435\u0437\u0434\u0430<\/strong><\/p><p>\u0415\u0441\u043b\u0438 \u0433\u043e\u0441\u0442\u044c \u0436\u0435\u043b\u0430\u0435\u0442 \u0432\u044b\u0435\u0445\u0430\u0442\u044c \u043f\u043e\u0437\u0436\u0435 11:00, \u043f\u043e\u0436\u0430\u043b\u0443\u0439\u0441\u0442\u0430, \u0441\u043e\u043e\u0431\u0449\u0438\u0442\u0435 \u043e\u0431 \u044d\u0442\u043e\u043c \u0430\u0434\u043c\u0438\u043d\u0438\u0441\u0442\u0440\u0430\u0442\u043e\u0440\u0443. \u0412 \u0441\u043b\u0443\u0447\u0430\u0435 \u043f\u043e\u0437\u0434\u043d\u0435\u0433\u043e \u0432\u044b\u0435\u0437\u0434\u0430 \u0432\u0437\u0438\u043c\u0430\u0435\u0442\u0441\u044f \u043f\u043b\u0430\u0442\u0430 \u0432 \u0440\u0430\u0437\u043c\u0435\u0440\u0435 10 \u0435\u0432\u0440\u043e.<\/p><p>\u041f\u043e\u0436\u0430\u043b\u0443\u0439\u0441\u0442\u0430, \u0441\u043e\u0431\u043b\u044e\u0434\u0430\u0439\u0442\u0435 \u0432\u0440\u0435\u043c\u044f \u0440\u0435\u0433\u0438\u0441\u0442\u0440\u0430\u0446\u0438\u0438 \u0437\u0430\u0435\u0437\u0434\u0430 \u0438 \u043e\u0442\u044a\u0435\u0437\u0434\u0430, \u0447\u0442\u043e\u0431\u044b \u043e\u0431\u0435\u0441\u043f\u0435\u0447\u0438\u0442\u044c \u0431\u0435\u0441\u043f\u0440\u0435\u043f\u044f\u0442\u0441\u0442\u0432\u0435\u043d\u043d\u0443\u044e \u0440\u0435\u0433\u0438\u0441\u0442\u0440\u0430\u0446\u0438\u044e \u0437\u0430\u0435\u0437\u0434\u0430 \u0438 \u043e\u0442\u044a\u0435\u0437\u0434\u0430 \u0433\u043e\u0441\u0442\u0435\u0439.<\/p><\/div>\n\t\t\t\t<\/div>\n\t\t\t\t\t\t\t<div class=\"elementor-accordion-item\">\n\t\t\t\t\t<div id=\"elementor-tab-title-1032\" class=\"elementor-tab-title\" data-tab=\"2\" role=\"button\" aria-controls=\"elementor-tab-content-1032\" aria-expanded=\"false\">\n\t\t\t\t\t\t\t\t\t\t\t\t\t<span class=\"elementor-accordion-icon elementor-accordion-icon-right\" aria-hidden=\"true\">\n\t\t\t\t\t\t\t\t\t\t\t\t\t\t\t<span class=\"elementor-accordion-icon-closed\"><i class=\"fas fa-chevron-down\"><\/i><\/span>\n\t\t\t\t\t\t\t\t<span class=\"elementor-accordion-icon-opened\"><i class=\"fas fa-chevron-up\"><\/i><\/span>\n\t\t\t\t\t\t\t\t\t\t\t\t\t\t<\/span>\n\t\t\t\t\t\t\t\t\t\t\t\t<a class=\"elementor-accordion-title\" tabindex=\"0\">\u041f\u0440\u0430\u0432\u0438\u043b\u0430 \u0431\u0435\u0437\u043e\u043f\u0430\u0441\u043d\u043e\u0441\u0442\u0438 \u0438 \u043e\u0442\u0432\u0435\u0442\u0441\u0442\u0432\u0435\u043d\u043d\u043e\u0441\u0442\u0438 \u0434\u0435\u0442\u0435\u0439<\/a>\n\t\t\t\t\t<\/div>\n\t\t\t\t\t<div id=\"elementor-tab-content-1032\" class=\"elementor-tab-content elementor-clearfix\" data-tab=\"2\" role=\"region\" aria-labelledby=\"elementor-tab-title-1032\"><p>\u0420\u043e\u0434\u0438\u0442\u0435\u043b\u0438 \u0438\u043b\u0438 \u0434\u0440\u0443\u0433\u0438\u0435 \u043b\u0438\u0446\u0430, \u0441\u043e\u043f\u0440\u043e\u0432\u043e\u0436\u0434\u0430\u044e\u0449\u0438\u0435 \u0434\u0435\u0442\u0435\u0439, \u043d\u0435\u0441\u0443\u0442 \u043e\u0442\u0432\u0435\u0442\u0441\u0442\u0432\u0435\u043d\u043d\u043e\u0441\u0442\u044c \u0437\u0430 \u0438\u0445 \u043f\u043e\u0432\u0435\u0434\u0435\u043d\u0438\u0435 \u0438 \u0431\u0435\u0437\u043e\u043f\u0430\u0441\u043d\u043e\u0441\u0442\u044c \u0432 \u043e\u0442\u0435\u043b\u0435. \u0415\u0441\u043b\u0438 \u0443\u0449\u0435\u0440\u0431 \u0432 \u043e\u0442\u0435\u043b\u0435 \u043f\u0440\u0438\u0447\u0438\u043d\u0435\u043d \u0434\u0435\u0439\u0441\u0442\u0432\u0438\u044f\u043c\u0438 \u043d\u0435\u0441\u043e\u0432\u0435\u0440\u0448\u0435\u043d\u043d\u043e\u043b\u0435\u0442\u043d\u0438\u0445, \u0440\u043e\u0434\u0438\u0442\u0435\u043b\u0438 \u0438\u043b\u0438 \u043e\u043f\u0435\u043a\u0443\u043d\u044b \u0434\u0435\u0442\u0435\u0439 \u043d\u0435\u0441\u0443\u0442 \u043e\u0442\u0432\u0435\u0442\u0441\u0442\u0432\u0435\u043d\u043d\u043e\u0441\u0442\u044c \u0437\u0430 \u0435\u0433\u043e \u043e\u043f\u043b\u0430\u0442\u0443.<\/p><\/div>\n\t\t\t\t<\/div>\n\t\t\t\t\t\t\t<div class=\"elementor-accordion-item\">\n\t\t\t\t\t<div id=\"elementor-tab-title-1033\" class=\"elementor-tab-title\" data-tab=\"3\" role=\"button\" aria-controls=\"elementor-tab-content-1033\" aria-expanded=\"false\">\n\t\t\t\t\t\t\t\t\t\t\t\t\t<span class=\"elementor-accordion-icon elementor-accordion-icon-right\" aria-hidden=\"true\">\n\t\t\t\t\t\t\t\t\t\t\t\t\t\t\t<span class=\"elementor-accordion-icon-closed\"><i class=\"fas fa-chevron-down\"><\/i><\/span>\n\t\t\t\t\t\t\t\t<span class=\"elementor-accordion-icon-opened\"><i class=\"fas fa-chevron-up\"><\/i><\/span>\n\t\t\t\t\t\t\t\t\t\t\t\t\t\t<\/span>\n\t\t\t\t\t\t\t\t\t\t\t\t<a class=\"elementor-accordion-title\" tabindex=\"0\">\u041f\u0440\u0430\u0432\u0438\u043b\u0430 \u0434\u043b\u044f \u0434\u043e\u043c\u0430\u0448\u043d\u0438\u0445 \u0436\u0438\u0432\u043e\u0442\u043d\u044b\u0445, \u043f\u0443\u0442\u0435\u0448\u0435\u0441\u0442\u0432\u0443\u044e\u0449\u0438\u0445 \u0432\u043c\u0435\u0441\u0442\u0435<\/a>\n\t\t\t\t\t<\/div>\n\t\t\t\t\t<div id=\"elementor-tab-content-1033\" class=\"elementor-tab-content elementor-clearfix\" data-tab=\"3\" role=\"region\" aria-labelledby=\"elementor-tab-title-1033\"><p>\u041c\u044b \u043d\u0435 \u043f\u0440\u0438\u043d\u0438\u043c\u0430\u0435\u043c \u0433\u043e\u0441\u0442\u0435\u0439 \u0441 \u0434\u043e\u043c\u0430\u0448\u043d\u0438\u043c\u0438 \u0436\u0438\u0432\u043e\u0442\u043d\u044b\u043c\u0438.<\/p><\/div>\n\t\t\t\t<\/div>\n\t\t\t\t\t\t\t<div class=\"elementor-accordion-item\">\n\t\t\t\t\t<div id=\"elementor-tab-title-1034\" class=\"elementor-tab-title\" data-tab=\"4\" role=\"button\" aria-controls=\"elementor-tab-content-1034\" aria-expanded=\"false\">\n\t\t\t\t\t\t\t\t\t\t\t\t\t<span class=\"elementor-accordion-icon elementor-accordion-icon-right\" aria-hidden=\"true\">\n\t\t\t\t\t\t\t\t\t\t\t\t\t\t\t<span class=\"elementor-accordion-icon-closed\"><i class=\"fas fa-chevron-down\"><\/i><\/span>\n\t\t\t\t\t\t\t\t<span class=\"elementor-accordion-icon-opened\"><i class=\"fas fa-chevron-up\"><\/i><\/span>\n\t\t\t\t\t\t\t\t\t\t\t\t\t\t<\/span>\n\t\t\t\t\t\t\t\t\t\t\t\t<a class=\"elementor-accordion-title\" tabindex=\"0\">\u041e\u0442\u043c\u0435\u043d\u0430 \u0437\u0430\u043a\u0430\u0437\u0430 \u0438 \u0432\u043e\u0437\u0432\u0440\u0430\u0442 \u0434\u0435\u043d\u0435\u0433 <\/a>\n\t\t\t\t\t<\/div>\n\t\t\t\t\t<div id=\"elementor-tab-content-1034\" class=\"elementor-tab-content elementor-clearfix\" data-tab=\"4\" role=\"region\" aria-labelledby=\"elementor-tab-title-1034\"><div class=\"inner_wrapper\"><div class=\"sidebar_content full_width\"><p class=\"has-medium-font-size\"><b>\u041f\u0440\u0430\u0432\u0438\u043b\u0430 \u043e\u0442\u043c\u0435\u043d\u044b \u0431\u0440\u043e\u043d\u0438\u0440\u043e\u0432\u0430\u043d\u0438\u044f<\/b><\/p><p>\u041c\u044b \u043f\u043e\u043d\u0438\u043c\u0430\u0435\u043c, \u0447\u0442\u043e \u043f\u043b\u0430\u043d\u044b \u043d\u0430\u0448\u0438\u0445 \u0433\u043e\u0441\u0442\u0435\u0439 \u043c\u043e\u0433\u0443\u0442 \u0438\u0437\u043c\u0435\u043d\u0438\u0442\u044c\u0441\u044f, \u043f\u043e\u044d\u0442\u043e\u043c\u0443 \u043c\u044b \u043d\u0435 \u0432\u0437\u0438\u043c\u0430\u0435\u043c \u043f\u043b\u0430\u0442\u0443 \u0437\u0430 \u043e\u0442\u043c\u0435\u043d\u0443 \u0431\u0440\u043e\u043d\u0438\u0440\u043e\u0432\u0430\u043d\u0438\u044f.<\/p><p>\u0412\u0441\u0435 \u0432\u043e\u0437\u0432\u0440\u0430\u0442\u044b \u0431\u0443\u0434\u0443\u0442 \u043f\u0440\u043e\u0438\u0437\u0432\u0435\u0434\u0435\u043d\u044b \u0432 \u0442\u0435\u0447\u0435\u043d\u0438\u0435 5 \u0440\u0430\u0431\u043e\u0447\u0438\u0445 \u0434\u043d\u0435\u0439 \u0441 \u0434\u0430\u0442\u044b \u043e\u0442\u043c\u0435\u043d\u044b.<\/p><p><strong>\u041d\u0443\u0436\u043d\u0430 \u043f\u043e\u043c\u043e\u0449\u044c?<\/strong><\/p><p>\u041f\u043e\u0436\u0430\u043b\u0443\u0439\u0441\u0442\u0430, \u0441\u0432\u044f\u0436\u0438\u0442\u0435\u0441\u044c \u0441 \u043d\u0430\u043c\u0438 \u043f\u043e \u044d\u043b\u0435\u043a\u0442\u0440\u043e\u043d\u043d\u043e\u0439 \u043f\u043e\u0447\u0442\u0435 \u043f\u043e \u0432\u043e\u043f\u0440\u043e\u0441\u0430\u043c \u043e\u0442\u043c\u0435\u043d\u044b \u0431\u0440\u043e\u043d\u0438\u0440\u043e\u0432\u0430\u043d\u0438\u044f \u0438 \u0432\u043e\u0437\u0432\u0440\u0430\u0442\u0430 \u0434\u0435\u043d\u0435\u0433 <a href=\"mailto:info@loftinnhotels.com\">info@lofinnhotels.com<\/a><\/p><\/div><\/div><\/div>\n\t\t\t\t<\/div>\n\t\t\t\t\t\t\t\t<\/div>\n\t\t\t\t\t\t<\/div>\n\t\t\t\t<\/div>\n\t\t\t\t\t<\/div>\n\t\t<\/div>\n\t\t\t\t\t<\/div>\n\t\t<\/section>\n\t\t<div class=\"elementor-element elementor-element-fad7a2d e-flex e-con-boxed e-con e-parent\" data-id=\"fad7a2d\" data-element_type=\"container\" data-e-type=\"container\">\n\t\t\t\t\t<div class=\"e-con-inner\">\n\t\t\t\t\t<\/div>\n\t\t\t\t<\/div>\n\t\t\t\t<\/div>","protected":false},"excerpt":{"rendered":"<p>Terminai ir s\u0105lygos Sve\u010di\u0173 atvykimo ir i\u0161vykimo laikas Sve\u010dias(-iai), rezervacijoje nurodyt\u0105 atvykimo dien\u0105, gali registruotis nuo 15:00 iki 22:00. V\u0117lesni ar ankstesni atvykimai turi b\u016bti prane\u0161ti i\u0161 anksto. Sve\u010diai, kurie atvyksta anks\u010diau nei 15:00, gali palikti savo baga\u017e\u0105 saugykloje. Sve\u010dias(-iai) [&hellip;]<\/p>\n","protected":false},"author":1,"featured_media":0,"parent":0,"menu_order":0,"comment_status":"closed","ping_status":"closed","template":"page-r.php","meta":{"footnotes":""},"class_list":["post-770","page","type-page","status-publish","hentry"],"yoast_head":"<!-- This site is optimized with the Yoast SEO plugin v27.3 - https:\/\/yoast.com\/product\/yoast-seo-wordpress\/ -->\n<title>Terms and conditions (2026) Loftinnhotels.com<\/title>\n<meta name=\"description\" content=\"Arrival and departure times of guests. Rules on child safety and responsibilityRules regarding pets travelling together. Cancellation and refunds.\" \/>\n<meta name=\"robots\" content=\"index, follow, max-snippet:-1, max-image-preview:large, max-video-preview:-1\" \/>\n<link rel=\"canonical\" href=\"https:\/\/loftinnhotels.com\/ru\/\u0443\u0441\u043b\u043e\u0432\u0438\u044f_\u0438\u0441\u043f\u043e\u043b\u044c\u0437\u043e\u0432\u0430\u043d\u0438\u044f\/\" \/>\n<meta property=\"og:locale\" content=\"ru_RU\" \/>\n<meta property=\"og:type\" content=\"article\" \/>\n<meta property=\"og:title\" content=\"Terms and conditions (2026) Loftinnhotels.com\" \/>\n<meta property=\"og:description\" content=\"Arrival and departure times of guests. Rules on child safety and responsibilityRules regarding pets travelling together. Cancellation and refunds.\" \/>\n<meta property=\"og:url\" content=\"https:\/\/loftinnhotels.com\/ru\/\u0443\u0441\u043b\u043e\u0432\u0438\u044f_\u0438\u0441\u043f\u043e\u043b\u044c\u0437\u043e\u0432\u0430\u043d\u0438\u044f\/\" \/>\n<meta property=\"og:site_name\" content=\"Loftinnhotels.com\" \/>\n<meta property=\"article:modified_time\" content=\"2024-03-14T13:56:37+00:00\" \/>\n<meta name=\"twitter:card\" content=\"summary_large_image\" \/>\n<meta name=\"twitter:label1\" content=\"\u041f\u0440\u0438\u043c\u0435\u0440\u043d\u043e\u0435 \u0432\u0440\u0435\u043c\u044f \u0434\u043b\u044f \u0447\u0442\u0435\u043d\u0438\u044f\" \/>\n\t<meta name=\"twitter:data1\" content=\"1 \u043c\u0438\u043d\u0443\u0442\u0430\" \/>\n<script type=\"application\/ld+json\" class=\"yoast-schema-graph\">{\"@context\":\"https:\\\/\\\/schema.org\",\"@graph\":[{\"@type\":\"WebPage\",\"@id\":\"https:\\\/\\\/loftinnhotels.com\\\/terminai_salygos\\\/\",\"url\":\"https:\\\/\\\/loftinnhotels.com\\\/terminai_salygos\\\/\",\"name\":\"Terms and conditions (2026) Loftinnhotels.com\",\"isPartOf\":{\"@id\":\"https:\\\/\\\/loftinnhotels.com\\\/#website\"},\"datePublished\":\"2018-06-26T05:53:11+00:00\",\"dateModified\":\"2024-03-14T13:56:37+00:00\",\"description\":\"Arrival and departure times of guests. Rules on child safety and responsibilityRules regarding pets travelling together. Cancellation and refunds.\",\"breadcrumb\":{\"@id\":\"https:\\\/\\\/loftinnhotels.com\\\/terminai_salygos\\\/#breadcrumb\"},\"inLanguage\":\"ru-RU\",\"potentialAction\":[{\"@type\":\"ReadAction\",\"target\":[\"https:\\\/\\\/loftinnhotels.com\\\/terminai_salygos\\\/\"]}]},{\"@type\":\"BreadcrumbList\",\"@id\":\"https:\\\/\\\/loftinnhotels.com\\\/terminai_salygos\\\/#breadcrumb\",\"itemListElement\":[{\"@type\":\"ListItem\",\"position\":1,\"name\":\"Home\",\"item\":\"https:\\\/\\\/loftinnhotels.com\\\/\"},{\"@type\":\"ListItem\",\"position\":2,\"name\":\"Terminai ir s\u0105lygos\"}]},{\"@type\":\"WebSite\",\"@id\":\"https:\\\/\\\/loftinnhotels.com\\\/#website\",\"url\":\"https:\\\/\\\/loftinnhotels.com\\\/\",\"name\":\"Loftinnhotels.com\",\"description\":\"Siekiate auk\u0161tum\u0173? Kylam \u012f Loft Inn! \",\"potentialAction\":[{\"@type\":\"SearchAction\",\"target\":{\"@type\":\"EntryPoint\",\"urlTemplate\":\"https:\\\/\\\/loftinnhotels.com\\\/?s={search_term_string}\"},\"query-input\":{\"@type\":\"PropertyValueSpecification\",\"valueRequired\":true,\"valueName\":\"search_term_string\"}}],\"inLanguage\":\"ru-RU\"}]}<\/script>\n<!-- \/ Yoast SEO plugin. -->","yoast_head_json":{"title":"\u0423\u0441\u043b\u043e\u0432\u0438\u044f \u0438\u0441\u043f\u043e\u043b\u044c\u0437\u043e\u0432\u0430\u043d\u0438\u044f (2026) Loftinnhotels.com","description":"\u0412\u0440\u0435\u043c\u044f \u043f\u0440\u0438\u0431\u044b\u0442\u0438\u044f \u0438 \u043e\u0442\u044a\u0435\u0437\u0434\u0430 \u0433\u043e\u0441\u0442\u0435\u0439. \u041f\u0440\u0430\u0432\u0438\u043b\u0430 \u0431\u0435\u0437\u043e\u043f\u0430\u0441\u043d\u043e\u0441\u0442\u0438 \u0438 \u043e\u0442\u0432\u0435\u0442\u0441\u0442\u0432\u0435\u043d\u043d\u043e\u0441\u0442\u0438 \u0434\u0435\u0442\u0435\u0439. \u041f\u0440\u0430\u0432\u0438\u043b\u0430, \u043a\u0430\u0441\u0430\u044e\u0449\u0438\u0435\u0441\u044f \u0441\u043e\u0432\u043c\u0435\u0441\u0442\u043d\u043e\u0433\u043e \u043f\u0443\u0442\u0435\u0448\u0435\u0441\u0442\u0432\u0438\u044f \u0434\u043e\u043c\u0430\u0448\u043d\u0438\u0445 \u0436\u0438\u0432\u043e\u0442\u043d\u044b\u0445. \u041e\u0442\u043c\u0435\u043d\u0430 \u0438 \u0432\u043e\u0437\u0432\u0440\u0430\u0442 \u0441\u0440\u0435\u0434\u0441\u0442\u0432.","robots":{"index":"index","follow":"follow","max-snippet":"max-snippet:-1","max-image-preview":"max-image-preview:large","max-video-preview":"max-video-preview:-1"},"canonical":"https:\/\/loftinnhotels.com\/ru\/\u0443\u0441\u043b\u043e\u0432\u0438\u044f_\u0438\u0441\u043f\u043e\u043b\u044c\u0437\u043e\u0432\u0430\u043d\u0438\u044f\/","og_locale":"ru_RU","og_type":"article","og_title":"Terms and conditions (2026) Loftinnhotels.com","og_description":"Arrival and departure times of guests. Rules on child safety and responsibilityRules regarding pets travelling together. Cancellation and refunds.","og_url":"https:\/\/loftinnhotels.com\/ru\/\u0443\u0441\u043b\u043e\u0432\u0438\u044f_\u0438\u0441\u043f\u043e\u043b\u044c\u0437\u043e\u0432\u0430\u043d\u0438\u044f\/","og_site_name":"Loftinnhotels.com","article_modified_time":"2024-03-14T13:56:37+00:00","twitter_card":"summary_large_image","twitter_misc":{"\u041f\u0440\u0438\u043c\u0435\u0440\u043d\u043e\u0435 \u0432\u0440\u0435\u043c\u044f \u0434\u043b\u044f \u0447\u0442\u0435\u043d\u0438\u044f":"1 \u043c\u0438\u043d\u0443\u0442\u0430"},"schema":{"@context":"https:\/\/schema.org","@graph":[{"@type":"WebPage","@id":"https:\/\/loftinnhotels.com\/terminai_salygos\/","url":"https:\/\/loftinnhotels.com\/terminai_salygos\/","name":"\u0423\u0441\u043b\u043e\u0432\u0438\u044f \u0438\u0441\u043f\u043e\u043b\u044c\u0437\u043e\u0432\u0430\u043d\u0438\u044f (2026) Loftinnhotels.com","isPartOf":{"@id":"https:\/\/loftinnhotels.com\/#website"},"datePublished":"2018-06-26T05:53:11+00:00","dateModified":"2024-03-14T13:56:37+00:00","description":"\u0412\u0440\u0435\u043c\u044f \u043f\u0440\u0438\u0431\u044b\u0442\u0438\u044f \u0438 \u043e\u0442\u044a\u0435\u0437\u0434\u0430 \u0433\u043e\u0441\u0442\u0435\u0439. \u041f\u0440\u0430\u0432\u0438\u043b\u0430 \u0431\u0435\u0437\u043e\u043f\u0430\u0441\u043d\u043e\u0441\u0442\u0438 \u0438 \u043e\u0442\u0432\u0435\u0442\u0441\u0442\u0432\u0435\u043d\u043d\u043e\u0441\u0442\u0438 \u0434\u0435\u0442\u0435\u0439. \u041f\u0440\u0430\u0432\u0438\u043b\u0430, \u043a\u0430\u0441\u0430\u044e\u0449\u0438\u0435\u0441\u044f \u0441\u043e\u0432\u043c\u0435\u0441\u0442\u043d\u043e\u0433\u043e \u043f\u0443\u0442\u0435\u0448\u0435\u0441\u0442\u0432\u0438\u044f \u0434\u043e\u043c\u0430\u0448\u043d\u0438\u0445 \u0436\u0438\u0432\u043e\u0442\u043d\u044b\u0445. \u041e\u0442\u043c\u0435\u043d\u0430 \u0438 \u0432\u043e\u0437\u0432\u0440\u0430\u0442 \u0441\u0440\u0435\u0434\u0441\u0442\u0432.","breadcrumb":{"@id":"https:\/\/loftinnhotels.com\/terminai_salygos\/#breadcrumb"},"inLanguage":"ru-RU","potentialAction":[{"@type":"ReadAction","target":["https:\/\/loftinnhotels.com\/terminai_salygos\/"]}]},{"@type":"BreadcrumbList","@id":"https:\/\/loftinnhotels.com\/terminai_salygos\/#breadcrumb","itemListElement":[{"@type":"ListItem","position":1,"name":"Home","item":"https:\/\/loftinnhotels.com\/"},{"@type":"ListItem","position":2,"name":"Terminai ir s\u0105lygos"}]},{"@type":"WebSite","@id":"https:\/\/loftinnhotels.com\/#website","url":"https:\/\/loftinnhotels.com\/","name":"Loftinnhotels.com","description":"\u0412\u044b \u043b\u044e\u0431\u0438\u0442\u0435 \u0432\u044b\u0441\u043e\u0442\u044b? \u0422\u043e\u0433\u0434\u0430 \u043f\u043e\u0434\u043d\u0438\u043c\u0438\u0442\u0435\u0441\u044c \u0432 Loft Inn!","potentialAction":[{"@type":"SearchAction","target":{"@type":"EntryPoint","urlTemplate":"https:\/\/loftinnhotels.com\/?s={search_term_string}"},"query-input":{"@type":"PropertyValueSpecification","valueRequired":true,"valueName":"search_term_string"}}],"inLanguage":"ru-RU"}]}},"_links":{"self":[{"href":"https:\/\/loftinnhotels.com\/ru\/wp-json\/wp\/v2\/pages\/770","targetHints":{"allow":["GET"]}}],"collection":[{"href":"https:\/\/loftinnhotels.com\/ru\/wp-json\/wp\/v2\/pages"}],"about":[{"href":"https:\/\/loftinnhotels.com\/ru\/wp-json\/wp\/v2\/types\/page"}],"author":[{"embeddable":true,"href":"https:\/\/loftinnhotels.com\/ru\/wp-json\/wp\/v2\/users\/1"}],"replies":[{"embeddable":true,"href":"https:\/\/loftinnhotels.com\/ru\/wp-json\/wp\/v2\/comments?post=770"}],"version-history":[{"count":25,"href":"https:\/\/loftinnhotels.com\/ru\/wp-json\/wp\/v2\/pages\/770\/revisions"}],"predecessor-version":[{"id":5499,"href":"https:\/\/loftinnhotels.com\/ru\/wp-json\/wp\/v2\/pages\/770\/revisions\/5499"}],"wp:attachment":[{"href":"https:\/\/loftinnhotels.com\/ru\/wp-json\/wp\/v2\/media?parent=770"}],"curies":[{"name":"wp","href":"https:\/\/api.w.org\/{rel}","templated":true}]}}